{"id":9,"date":"2021-03-26T21:20:43","date_gmt":"2021-03-26T20:20:43","guid":{"rendered":"https:\/\/fruit-group.net\/?page_id=9"},"modified":"2021-06-28T19:40:52","modified_gmt":"2021-06-28T17:40:52","slug":"home-fruit-group-ag","status":"publish","type":"page","link":"https:\/\/fruit-group.net\/en_GB\/","title":{"rendered":"Home"},"content":{"rendered":"\n<div class=\"wp-block-cover has-background-dim-20 has-background-dim\" style=\"min-height:580px;aspect-ratio:unset;\"><video class=\"wp-block-cover__video-background intrinsic-ignore\" autoplay muted loop playsinline src=\"https:\/\/fruit-group.net\/wp-content\/uploads\/2021\/06\/1_Startseite_Banner_Video_480p.mp4\" data-object-fit=\"cover\"><\/video><div class=\"wp-block-cover__inner-container is-layout-flow wp-block-cover-is-layout-flow\">\n<h1 class=\"headline wp-block-heading\">Fr\u00fcchtep\u00fcree, Konzentrate und S\u00e4fte<br>in Gro\u00df- und Kleinmengen<\/h1>\n<\/div><\/div>\n\n\n\n<div class=\"wp-block-group alignwide grp-logos\"><div class=\"wp-block-group__inner-container is-layout-flow wp-block-group-is-layout-flow\">\n<div class=\"wp-block-columns alignwide is-layout-flex wp-container-core-columns-is-layout-9d6595d7 wp-block-columns-is-layout-flex\">\n<div class=\"wp-block-column is-vertically-aligned-center is-layout-flow wp-block-column-is-layout-flow\">\n<p class=\"has-text-align-center bulk-logo padding-left-right-4 no-margin\"><a href=\"\/bulk\/\" data-type=\"page\">BULK<\/a><\/p>\n<\/div>\n\n\n\n<div class=\"wp-block-column is-layout-flow wp-block-column-is-layout-flow\">\n<div class=\"wp-block-image padding-left-right-4 no-margin\"><figure class=\"aligncenter size-medium is-resized\"><a href=\"\/koa\"><img loading=\"lazy\" decoding=\"async\" src=\"https:\/\/fruit-group.net\/wp-content\/uploads\/2021\/03\/Koa-Logo-Black-RGB_Basic_1200px-300x154.png\" alt=\"\" class=\"wp-image-18\" width=\"150\" height=\"77\" srcset=\"https:\/\/fruit-group.net\/wp-content\/uploads\/2021\/03\/Koa-Logo-Black-RGB_Basic_1200px-300x154.png 300w, https:\/\/fruit-group.net\/wp-content\/uploads\/2021\/03\/Koa-Logo-Black-RGB_Basic_1200px-1024x525.png 1024w, https:\/\/fruit-group.net\/wp-content\/uploads\/2021\/03\/Koa-Logo-Black-RGB_Basic_1200px-768x394.png 768w, https:\/\/fruit-group.net\/wp-content\/uploads\/2021\/03\/Koa-Logo-Black-RGB_Basic_1200px.png 1200w\" sizes=\"auto, (max-width: 150px) 100vw, 150px\" \/><\/a><\/figure><\/div>\n\n\n\n<p class=\"no-margin\"><\/p>\n<\/div>\n\n\n\n<div class=\"wp-block-column is-layout-flow wp-block-column-is-layout-flow\">\n<div class=\"wp-block-image padding-left-right-4 no-margin\"><figure class=\"aligncenter size-medium is-resized\"><a href=\"\/canoa\"><img loading=\"lazy\" decoding=\"async\" src=\"https:\/\/fruit-group.net\/wp-content\/uploads\/2021\/03\/Canoa-JPG-300x136.jpg\" alt=\"\" class=\"wp-image-31\" width=\"150\" height=\"68\" srcset=\"https:\/\/fruit-group.net\/wp-content\/uploads\/2021\/03\/Canoa-JPG-300x136.jpg 300w, https:\/\/fruit-group.net\/wp-content\/uploads\/2021\/03\/Canoa-JPG-1024x465.jpg 1024w, https:\/\/fruit-group.net\/wp-content\/uploads\/2021\/03\/Canoa-JPG-768x348.jpg 768w, https:\/\/fruit-group.net\/wp-content\/uploads\/2021\/03\/Canoa-JPG-1536x697.jpg 1536w, https:\/\/fruit-group.net\/wp-content\/uploads\/2021\/03\/Canoa-JPG.jpg 1600w\" sizes=\"auto, (max-width: 150px) 100vw, 150px\" \/><\/a><\/figure><\/div>\n\n\n\n<p class=\"no-margin\"><\/p>\n<\/div>\n<\/div>\n<\/div><\/div>\n\n\n\n<div class=\"wp-block-cover has-background-dim-20 has-background-dim\" style=\"min-height:150px;aspect-ratio:unset;\"><img loading=\"lazy\" decoding=\"async\" width=\"1920\" height=\"247\" class=\"wp-block-cover__image-background wp-image-35\" alt=\"\" src=\"https:\/\/fruit-group.net\/wp-content\/uploads\/2021\/03\/Startseite_Wilkommen-bei-Fruit-Group.png\" data-object-fit=\"cover\" srcset=\"https:\/\/fruit-group.net\/wp-content\/uploads\/2021\/03\/Startseite_Wilkommen-bei-Fruit-Group.png 1920w, https:\/\/fruit-group.net\/wp-content\/uploads\/2021\/03\/Startseite_Wilkommen-bei-Fruit-Group-300x39.png 300w, https:\/\/fruit-group.net\/wp-content\/uploads\/2021\/03\/Startseite_Wilkommen-bei-Fruit-Group-1024x132.png 1024w, https:\/\/fruit-group.net\/wp-content\/uploads\/2021\/03\/Startseite_Wilkommen-bei-Fruit-Group-768x99.png 768w, https:\/\/fruit-group.net\/wp-content\/uploads\/2021\/03\/Startseite_Wilkommen-bei-Fruit-Group-1536x198.png 1536w\" sizes=\"auto, (max-width: 1920px) 100vw, 1920px\" \/><div class=\"wp-block-cover__inner-container is-layout-flow wp-block-cover-is-layout-flow\">\n<h2 class=\"has-text-align-center wp-block-heading\"><strong>WILLKOMMEN BEI<br>FRUIT GROUP<\/strong>!<\/h2>\n<\/div><\/div>\n\n\n\n<div class=\"wp-block-group\"><div class=\"wp-block-group__inner-container is-layout-flow wp-block-group-is-layout-flow\">\n<p>Fruit Group ist ein junges Unternehmen und Teil der Firmengruppe CT Finance AG. <br>Vom Anbau der Fr\u00fcchte \u00fcber die Verarbeitung, die Erforschung neuer Technologien bis hin zum kommerziellen Betrieb setzt sich die Gruppe f\u00fcr eine transparente Lieferkette ein.<\/p>\n\n\n\n<p>Wir bieten hochwertige P\u00fcrees, Konzentrate, S\u00e4fte, IQF, Aromen und vieles mehr f\u00fcr die lebensmittelverarbeitende Industrie. Dar\u00fcber hinaus vertreiben wir die Marken Koa und Canoa.<br>Als Produzent und Lieferant legen wir gro\u00dfen Wert auf Nachhaltigkeit, Fairness und investieren in Projekte, die es uns erm\u00f6glichen, Lebensmittelabf\u00e4lle zu reduzieren und die stetig wachsende Bev\u00f6lkerung auch in Zukunft zu ern\u00e4hren. Hierauf achten wir auch bei der Auswahl unserer Partner.<br>Ein weiterer Fokus liegt auf der Ressourcenschonung f\u00fcr unsere Kunden durch Einbeziehung der gesamten Wertsch\u00f6pfungskette von der Farm bis zum Kunden. Diese Philosophie vereint alle Unternehmen innerhalb der Firmengruppe.<\/p>\n<\/div><\/div>\n\n\n\n<div class=\"wp-block-group\"><div class=\"wp-block-group__inner-container is-layout-flow wp-block-group-is-layout-flow\">\n<div class=\"wp-block-getwid-images-slider has-arrows-inside has-dots-inside has-images-center has-cropped-images\"><div class=\"wp-block-getwid-images-slider__wrapper\" data-effect=\"slide\" data-slides-show=\"1\" data-slides-show-laptop=\"1\" data-slides-show-tablet=\"1\" data-slides-show-mobile=\"1\" data-slides-scroll=\"1\" data-autoplay=\"false\" data-autoplay-speed=\"6000\" data-infinite=\"true\" data-animation-speed=\"800\" data-center-mode=\"false\" data-variable-width=\"false\" data-arrows=\"inside\" data-dots=\"inside\" data-spacing=\"none\"><div class=\"wp-block-getwid-images-slider__item\"><figure><img loading=\"lazy\" decoding=\"async\" width=\"1559\" height=\"709\" src=\"https:\/\/fruit-group.net\/wp-content\/uploads\/2021\/03\/Start-Slider-Images.png\" data-id=\"41\" data-link=\"https:\/\/fruit-group.net\/start-slider-images\/\" data-original-link=\"https:\/\/fruit-group.net\/wp-content\/uploads\/2021\/03\/Start-Slider-Images.png\" class=\"wp-block-getwid-images-slider__image wp-image-41\" srcset=\"https:\/\/fruit-group.net\/wp-content\/uploads\/2021\/03\/Start-Slider-Images.png 1559w, https:\/\/fruit-group.net\/wp-content\/uploads\/2021\/03\/Start-Slider-Images-300x136.png 300w, https:\/\/fruit-group.net\/wp-content\/uploads\/2021\/03\/Start-Slider-Images-1024x466.png 1024w, https:\/\/fruit-group.net\/wp-content\/uploads\/2021\/03\/Start-Slider-Images-768x349.png 768w, https:\/\/fruit-group.net\/wp-content\/uploads\/2021\/03\/Start-Slider-Images-1536x699.png 1536w\" sizes=\"auto, (max-width: 1559px) 100vw, 1559px\" \/><\/figure><\/div><div class=\"wp-block-getwid-images-slider__item\"><figure><img loading=\"lazy\" decoding=\"async\" width=\"1559\" height=\"709\" src=\"https:\/\/fruit-group.net\/wp-content\/uploads\/2021\/03\/Start-Slider-Images2.png\" data-id=\"42\" data-link=\"https:\/\/fruit-group.net\/start-slider-images2\/\" data-original-link=\"https:\/\/fruit-group.net\/wp-content\/uploads\/2021\/03\/Start-Slider-Images2.png\" class=\"wp-block-getwid-images-slider__image wp-image-42\" srcset=\"https:\/\/fruit-group.net\/wp-content\/uploads\/2021\/03\/Start-Slider-Images2.png 1559w, https:\/\/fruit-group.net\/wp-content\/uploads\/2021\/03\/Start-Slider-Images2-300x136.png 300w, https:\/\/fruit-group.net\/wp-content\/uploads\/2021\/03\/Start-Slider-Images2-1024x466.png 1024w, https:\/\/fruit-group.net\/wp-content\/uploads\/2021\/03\/Start-Slider-Images2-768x349.png 768w, https:\/\/fruit-group.net\/wp-content\/uploads\/2021\/03\/Start-Slider-Images2-1536x699.png 1536w\" sizes=\"auto, (max-width: 1559px) 100vw, 1559px\" \/><\/figure><\/div><div class=\"wp-block-getwid-images-slider__item\"><figure><img loading=\"lazy\" decoding=\"async\" width=\"1559\" height=\"709\" src=\"https:\/\/fruit-group.net\/wp-content\/uploads\/2021\/03\/Start-Slider-Images3.png\" data-id=\"40\" data-link=\"https:\/\/fruit-group.net\/start-slider-images3\/\" data-original-link=\"https:\/\/fruit-group.net\/wp-content\/uploads\/2021\/03\/Start-Slider-Images3.png\" class=\"wp-block-getwid-images-slider__image wp-image-40\" srcset=\"https:\/\/fruit-group.net\/wp-content\/uploads\/2021\/03\/Start-Slider-Images3.png 1559w, https:\/\/fruit-group.net\/wp-content\/uploads\/2021\/03\/Start-Slider-Images3-300x136.png 300w, https:\/\/fruit-group.net\/wp-content\/uploads\/2021\/03\/Start-Slider-Images3-1024x466.png 1024w, https:\/\/fruit-group.net\/wp-content\/uploads\/2021\/03\/Start-Slider-Images3-768x349.png 768w, https:\/\/fruit-group.net\/wp-content\/uploads\/2021\/03\/Start-Slider-Images3-1536x699.png 1536w\" sizes=\"auto, (max-width: 1559px) 100vw, 1559px\" \/><\/figure><\/div><\/div><\/div>\n\n\n\n<p><\/p>\n<\/div><\/div>\n\n\n\n<div class=\"wp-block-group no-margin full-height has-black-color has-text-color has-background\" style=\"background-color:#f8c79c\"><div class=\"wp-block-group__inner-container is-layout-flow wp-block-group-is-layout-flow\">\n<div class=\"wp-block-columns are-vertically-aligned-center grp-wrapper bulk is-layout-flex wp-container-core-columns-is-layout-9d6595d7 wp-block-columns-is-layout-flex\">\n<div class=\"wp-block-column is-vertically-aligned-center is-layout-flow wp-block-column-is-layout-flow\" style=\"flex-basis:50%\">\n<div class=\"wp-block-image cus_img-size\"><figure class=\"aligncenter size-large is-resized\"><img loading=\"lazy\" decoding=\"async\" src=\"https:\/\/fruit-group.net\/wp-content\/uploads\/2021\/03\/Bulk_Pineapple_Illustration-edited.png\" alt=\"\" class=\"wp-image-217\" width=\"1741\" height=\"1740\" srcset=\"https:\/\/fruit-group.net\/wp-content\/uploads\/2021\/03\/Bulk_Pineapple_Illustration-edited.png 2321w, https:\/\/fruit-group.net\/wp-content\/uploads\/2021\/03\/Bulk_Pineapple_Illustration-edited-300x300.png 300w, https:\/\/fruit-group.net\/wp-content\/uploads\/2021\/03\/Bulk_Pineapple_Illustration-edited-1024x1024.png 1024w, https:\/\/fruit-group.net\/wp-content\/uploads\/2021\/03\/Bulk_Pineapple_Illustration-edited-150x150.png 150w, https:\/\/fruit-group.net\/wp-content\/uploads\/2021\/03\/Bulk_Pineapple_Illustration-edited-768x768.png 768w, https:\/\/fruit-group.net\/wp-content\/uploads\/2021\/03\/Bulk_Pineapple_Illustration-edited-1536x1536.png 1536w, https:\/\/fruit-group.net\/wp-content\/uploads\/2021\/03\/Bulk_Pineapple_Illustration-edited-2048x2048.png 2048w\" sizes=\"auto, (max-width: 1741px) 100vw, 1741px\" \/><\/figure><\/div>\n<\/div>\n\n\n\n<div class=\"wp-block-column is-vertically-aligned-center is-layout-flow wp-block-column-is-layout-flow\" style=\"flex-basis:50%\">\n<h2 class=\"wp-block-heading\">Fruchtp\u00fcrees, S\u00e4fte und Konzentrate in Gro\u00dfmengen<\/h2>\n\n\n\n<p>Fruit Group kann ein umfangreiches Sortiment an Fruchtp\u00fcrees, S\u00e4ften, Konzentraten und mehr aus einer Vielzahl verschiedener Fr\u00fcchte in Gro\u00dfgebinden und auch in kleinen Mengen liefern.<\/p>\n\n\n\n<div class=\"wp-block-buttons is-content-justification-center is-layout-flex wp-block-buttons-is-layout-flex\">\n<div class=\"wp-block-button\"><a class=\"wp-block-button__link has-background\" href=\"\/bulk\" style=\"background-color:#f28f39\" rel=\"\/bulk\"><strong>MEHR ERFAHREN<\/strong><\/a><\/div>\n<\/div>\n<\/div>\n<\/div>\n<\/div><\/div>\n\n\n\n<div class=\"wp-block-group no-margin overflow-hidden full-height has-white-color has-text-color has-background\" style=\"background-color:#ff4500\"><div class=\"wp-block-group__inner-container is-layout-flow wp-block-group-is-layout-flow\">\n<div class=\"wp-block-columns alignwide are-vertically-aligned-center grp-wrapper koa is-layout-flex wp-container-core-columns-is-layout-9d6595d7 wp-block-columns-is-layout-flex\">\n<div class=\"wp-block-column is-vertically-aligned-center col1 is-layout-flow wp-block-column-is-layout-flow\">\n<figure class=\"wp-block-image size-large cus_img-size\"><img loading=\"lazy\" decoding=\"async\" width=\"612\" height=\"715\" src=\"https:\/\/fruit-group.net\/wp-content\/uploads\/2021\/06\/Koa-banner-de-cropped-2-min.png\" alt=\"\" class=\"wp-image-1461\" srcset=\"https:\/\/fruit-group.net\/wp-content\/uploads\/2021\/06\/Koa-banner-de-cropped-2-min.png 612w, https:\/\/fruit-group.net\/wp-content\/uploads\/2021\/06\/Koa-banner-de-cropped-2-min-257x300.png 257w\" sizes=\"auto, (max-width: 612px) 100vw, 612px\" \/><\/figure>\n<\/div>\n\n\n\n<div class=\"wp-block-column is-vertically-aligned-center col2 is-layout-flow wp-block-column-is-layout-flow\" style=\"flex-basis:50%\">\n<p>Von<br>der Kakaofrucht<br>zu Koa<\/p>\n\n\n\n<h2 class=\"has-white-color has-text-color wp-block-heading\">F\u00dcR K\u00d6STLICHE<br>ERLEBNISSE<\/h2>\n\n\n\n<p>Koa Pure ist eine vielseitige Zutat, sowohl f\u00fcr Nahrungsmittel als auch f\u00fcr Getr\u00e4nke. Das faszinierende Geschmacksprofil und die geschmeidige Textur machen den Kakaofruchtsaft zu einer reizvollen Erg\u00e4nzung der kulinarischen Welt. Entdecken Sie das Potenzial der Natur und lassen Sie der Kreativit\u00e4t freien Lauf.<\/p>\n\n\n\n<div class=\"wp-block-buttons is-content-justification-center is-layout-flex wp-block-buttons-is-layout-flex\">\n<div class=\"wp-block-button\"><a class=\"wp-block-button__link has-white-background-color has-text-color has-background\" href=\"\/koa\" style=\"color:#ff4500\" rel=\"\/koa\"><strong>MEHR ERFAHREN<\/strong><\/a><\/div>\n<\/div>\n<\/div>\n<\/div>\n<\/div><\/div>\n\n\n\n<div class=\"wp-block-group no-margin full-height has-background\" style=\"background-color:#e1f7ca\"><div class=\"wp-block-group__inner-container is-layout-flow wp-block-group-is-layout-flow\">\n<div class=\"wp-block-columns grp-wrapper canoa is-layout-flex wp-container-core-columns-is-layout-9d6595d7 wp-block-columns-is-layout-flex\">\n<div class=\"wp-block-column is-vertically-aligned-center is-layout-flow wp-block-column-is-layout-flow\">\n<h2 class=\"wp-block-heading\">Fr\u00fcchtep\u00fcree<br>von Canoa<\/h2>\n\n\n\n<p>Canoa Fruchtp\u00fcree ist pasteurisiertes oder gefrorenes Fruchtp\u00fcree aus reinen, reif geernteten Fr\u00fcchten, das in praktischen Portionen verpackt ist und durch seine vielf\u00e4ltigen Verwendungsm\u00f6glichkeiten eine fruchtige Frische garantiert. <\/p>\n\n\n\n<p>Die sorgf\u00e4ltig p\u00fcrierten Fr\u00fcchte stammen von kolumbianischen Kleinbauern und werden optimal verarbeitet, um jeglichen Abfall zu vermeiden.<\/p>\n\n\n\n<div class=\"wp-block-buttons is-content-justification-center is-layout-flex wp-block-buttons-is-layout-flex\">\n<div class=\"wp-block-button\"><a class=\"wp-block-button__link has-white-color has-text-color has-background\" href=\"\/canoa\" style=\"background-color:#f28f39\" rel=\"\/canoa\"><strong>MEHR ERFAHREN<\/strong><\/a><\/div>\n<\/div>\n<\/div>\n\n\n\n<div class=\"wp-block-column is-vertically-aligned-bottom is-layout-flow wp-block-column-is-layout-flow\" style=\"flex-basis:50%\">\n<div class=\"wp-block-image\"><figure class=\"aligncenter size-large is-resized\"><img loading=\"lazy\" decoding=\"async\" src=\"https:\/\/fruit-group.net\/wp-content\/uploads\/2021\/03\/Canoa_Mango_Illustration-1024x884.png\" alt=\"\" class=\"wp-image-33\" width=\"768\" height=\"663\" srcset=\"https:\/\/fruit-group.net\/wp-content\/uploads\/2021\/03\/Canoa_Mango_Illustration-1024x884.png 1024w, https:\/\/fruit-group.net\/wp-content\/uploads\/2021\/03\/Canoa_Mango_Illustration-300x259.png 300w, https:\/\/fruit-group.net\/wp-content\/uploads\/2021\/03\/Canoa_Mango_Illustration-768x663.png 768w, https:\/\/fruit-group.net\/wp-content\/uploads\/2021\/03\/Canoa_Mango_Illustration-1536x1326.png 1536w, https:\/\/fruit-group.net\/wp-content\/uploads\/2021\/03\/Canoa_Mango_Illustration-2048x1768.png 2048w\" sizes=\"auto, (max-width: 768px) 100vw, 768px\" \/><\/figure><\/div>\n<\/div>\n<\/div>\n<\/div><\/div>\n\n\n\n<div class=\"wp-block-group\"><div class=\"wp-block-group__inner-container is-layout-flow wp-block-group-is-layout-flow\">\n<h2 class=\"wp-block-heading\">UNTERNEHMENSGRUPPE<\/h2>\n\n\n\n<p class=\"no-margin\">Die Gruppe besteht aus verschiedenen Unternehmen im Bereich Anbau, Farm Management, Verarbeitung, Logistik, Handel, Marketing und Verkauf. Damit k\u00f6nnen wir R\u00fcckverfolgbarkeit und vor allem Lebensmittelsicherheit sowie Qualit\u00e4t gew\u00e4hrleisten.<\/p>\n\n\n\n<figure class=\"wp-block-gallery columns-3  logo_gallery wp-block-gallery-1 is-layout-flex wp-block-gallery-is-layout-flex\"><ul class=\"blocks-gallery-grid\"><li class=\"blocks-gallery-item\"><figure><img loading=\"lazy\" decoding=\"async\" width=\"300\" height=\"84\" src=\"https:\/\/fruit-group.net\/wp-content\/uploads\/2021\/03\/ct-Finance-Logo_RGB_300dpi-300x84.jpg\" alt=\"\" data-id=\"23\" data-full-url=\"https:\/\/fruit-group.net\/wp-content\/uploads\/2021\/03\/ct-Finance-Logo_RGB_300dpi.jpg\" data-link=\"https:\/\/fruit-group.net\/ct-finance-logo_rgb_300dpi\/\" class=\"wp-image-23\" srcset=\"https:\/\/fruit-group.net\/wp-content\/uploads\/2021\/03\/ct-Finance-Logo_RGB_300dpi-300x84.jpg 300w, https:\/\/fruit-group.net\/wp-content\/uploads\/2021\/03\/ct-Finance-Logo_RGB_300dpi-1024x287.jpg 1024w, https:\/\/fruit-group.net\/wp-content\/uploads\/2021\/03\/ct-Finance-Logo_RGB_300dpi-768x216.jpg 768w, https:\/\/fruit-group.net\/wp-content\/uploads\/2021\/03\/ct-Finance-Logo_RGB_300dpi.jpg 1108w\" sizes=\"auto, (max-width: 300px) 100vw, 300px\" \/><\/figure><\/li><li class=\"blocks-gallery-item\"><figure><img loading=\"lazy\" decoding=\"async\" width=\"300\" height=\"27\" src=\"https:\/\/fruit-group.net\/wp-content\/uploads\/2021\/03\/Frutco-AG-LOGO_3c-300x27.png\" alt=\"\" data-id=\"25\" data-full-url=\"https:\/\/fruit-group.net\/wp-content\/uploads\/2021\/03\/Frutco-AG-LOGO_3c.png\" data-link=\"https:\/\/fruit-group.net\/frutco-ag-logo_3c\/\" class=\"wp-image-25\" srcset=\"https:\/\/fruit-group.net\/wp-content\/uploads\/2021\/03\/Frutco-AG-LOGO_3c-300x27.png 300w, https:\/\/fruit-group.net\/wp-content\/uploads\/2021\/03\/Frutco-AG-LOGO_3c-1024x93.png 1024w, https:\/\/fruit-group.net\/wp-content\/uploads\/2021\/03\/Frutco-AG-LOGO_3c-768x70.png 768w, https:\/\/fruit-group.net\/wp-content\/uploads\/2021\/03\/Frutco-AG-LOGO_3c-1536x140.png 1536w, https:\/\/fruit-group.net\/wp-content\/uploads\/2021\/03\/Frutco-AG-LOGO_3c-2048x187.png 2048w\" sizes=\"auto, (max-width: 300px) 100vw, 300px\" \/><\/figure><\/li><li class=\"blocks-gallery-item\"><figure><img loading=\"lazy\" decoding=\"async\" width=\"300\" height=\"37\" src=\"https:\/\/fruit-group.net\/wp-content\/uploads\/2021\/03\/FruBaTec_Logo_Standart-300x37.jpg\" alt=\"\" data-id=\"24\" data-full-url=\"https:\/\/fruit-group.net\/wp-content\/uploads\/2021\/03\/FruBaTec_Logo_Standart-scaled.jpg\" data-link=\"https:\/\/fruit-group.net\/frubatec_logo_standart\/\" class=\"wp-image-24\" srcset=\"https:\/\/fruit-group.net\/wp-content\/uploads\/2021\/03\/FruBaTec_Logo_Standart-300x37.jpg 300w, https:\/\/fruit-group.net\/wp-content\/uploads\/2021\/03\/FruBaTec_Logo_Standart-1024x126.jpg 1024w, https:\/\/fruit-group.net\/wp-content\/uploads\/2021\/03\/FruBaTec_Logo_Standart-768x95.jpg 768w, https:\/\/fruit-group.net\/wp-content\/uploads\/2021\/03\/FruBaTec_Logo_Standart-1536x190.jpg 1536w, https:\/\/fruit-group.net\/wp-content\/uploads\/2021\/03\/FruBaTec_Logo_Standart-2048x253.jpg 2048w\" sizes=\"auto, (max-width: 300px) 100vw, 300px\" \/><\/figure><\/li><li class=\"blocks-gallery-item\"><figure><img loading=\"lazy\" decoding=\"async\" width=\"300\" height=\"67\" src=\"https:\/\/fruit-group.net\/wp-content\/uploads\/2021\/03\/Frutco-Netherlands-BV-Logo_3c_300dpi_2019_01-300x67.jpg\" alt=\"\" data-id=\"29\" data-full-url=\"https:\/\/fruit-group.net\/wp-content\/uploads\/2021\/03\/Frutco-Netherlands-BV-Logo_3c_300dpi_2019_01.jpg\" data-link=\"https:\/\/fruit-group.net\/frutco-netherlands-bv-logo_3c_300dpi_2019_01\/\" class=\"wp-image-29\" srcset=\"https:\/\/fruit-group.net\/wp-content\/uploads\/2021\/03\/Frutco-Netherlands-BV-Logo_3c_300dpi_2019_01-300x67.jpg 300w, https:\/\/fruit-group.net\/wp-content\/uploads\/2021\/03\/Frutco-Netherlands-BV-Logo_3c_300dpi_2019_01-768x170.jpg 768w, https:\/\/fruit-group.net\/wp-content\/uploads\/2021\/03\/Frutco-Netherlands-BV-Logo_3c_300dpi_2019_01.jpg 974w\" sizes=\"auto, (max-width: 300px) 100vw, 300px\" \/><\/figure><\/li><li class=\"blocks-gallery-item\"><figure><img loading=\"lazy\" decoding=\"async\" width=\"300\" height=\"80\" src=\"https:\/\/fruit-group.net\/wp-content\/uploads\/2021\/03\/Frutco_Tropical_Logo-300x80.jpg\" alt=\"\" data-id=\"27\" data-full-url=\"https:\/\/fruit-group.net\/wp-content\/uploads\/2021\/03\/Frutco_Tropical_Logo.jpg\" data-link=\"https:\/\/fruit-group.net\/frutco_tropical_logo\/\" class=\"wp-image-27\" srcset=\"https:\/\/fruit-group.net\/wp-content\/uploads\/2021\/03\/Frutco_Tropical_Logo-300x80.jpg 300w, https:\/\/fruit-group.net\/wp-content\/uploads\/2021\/03\/Frutco_Tropical_Logo-1024x272.jpg 1024w, https:\/\/fruit-group.net\/wp-content\/uploads\/2021\/03\/Frutco_Tropical_Logo-768x204.jpg 768w, https:\/\/fruit-group.net\/wp-content\/uploads\/2021\/03\/Frutco_Tropical_Logo-1536x408.jpg 1536w, https:\/\/fruit-group.net\/wp-content\/uploads\/2021\/03\/Frutco_Tropical_Logo.jpg 1881w\" sizes=\"auto, (max-width: 300px) 100vw, 300px\" \/><\/figure><\/li><li class=\"blocks-gallery-item\"><figure><img loading=\"lazy\" decoding=\"async\" width=\"300\" height=\"91\" src=\"https:\/\/fruit-group.net\/wp-content\/uploads\/2021\/03\/FrutcoServices_Logo_BlackCyan-300x91.jpg\" alt=\"\" data-id=\"30\" data-full-url=\"https:\/\/fruit-group.net\/wp-content\/uploads\/2021\/03\/FrutcoServices_Logo_BlackCyan-scaled.jpg\" data-link=\"https:\/\/fruit-group.net\/frutcoservices_logo_blackcyan\/\" class=\"wp-image-30\" srcset=\"https:\/\/fruit-group.net\/wp-content\/uploads\/2021\/03\/FrutcoServices_Logo_BlackCyan-300x91.jpg 300w, https:\/\/fruit-group.net\/wp-content\/uploads\/2021\/03\/FrutcoServices_Logo_BlackCyan-1024x310.jpg 1024w, https:\/\/fruit-group.net\/wp-content\/uploads\/2021\/03\/FrutcoServices_Logo_BlackCyan-768x232.jpg 768w, https:\/\/fruit-group.net\/wp-content\/uploads\/2021\/03\/FrutcoServices_Logo_BlackCyan-1536x465.jpg 1536w, https:\/\/fruit-group.net\/wp-content\/uploads\/2021\/03\/FrutcoServices_Logo_BlackCyan-2048x620.jpg 2048w\" sizes=\"auto, (max-width: 300px) 100vw, 300px\" \/><\/figure><\/li><li class=\"blocks-gallery-item\"><figure><img loading=\"lazy\" decoding=\"async\" width=\"300\" height=\"110\" src=\"https:\/\/fruit-group.net\/wp-content\/uploads\/2021\/03\/FrutcoFoodScience_Logo_Standard-300x110.png\" alt=\"\" data-id=\"28\" data-full-url=\"https:\/\/fruit-group.net\/wp-content\/uploads\/2021\/03\/FrutcoFoodScience_Logo_Standard.png\" data-link=\"https:\/\/fruit-group.net\/frutcofoodscience_logo_standard\/\" class=\"wp-image-28\" srcset=\"https:\/\/fruit-group.net\/wp-content\/uploads\/2021\/03\/FrutcoFoodScience_Logo_Standard-300x110.png 300w, https:\/\/fruit-group.net\/wp-content\/uploads\/2021\/03\/FrutcoFoodScience_Logo_Standard-1024x376.png 1024w, https:\/\/fruit-group.net\/wp-content\/uploads\/2021\/03\/FrutcoFoodScience_Logo_Standard-768x282.png 768w, https:\/\/fruit-group.net\/wp-content\/uploads\/2021\/03\/FrutcoFoodScience_Logo_Standard-1536x565.png 1536w, https:\/\/fruit-group.net\/wp-content\/uploads\/2021\/03\/FrutcoFoodScience_Logo_Standard-2048x753.png 2048w\" sizes=\"auto, (max-width: 300px) 100vw, 300px\" \/><\/figure><\/li><li class=\"blocks-gallery-item\"><figure><img loading=\"lazy\" decoding=\"async\" width=\"300\" height=\"68\" src=\"https:\/\/fruit-group.net\/wp-content\/uploads\/2021\/03\/Frutco_delasAmericas-Logo-300x68.png\" alt=\"\" data-id=\"26\" data-full-url=\"https:\/\/fruit-group.net\/wp-content\/uploads\/2021\/03\/Frutco_delasAmericas-Logo.png\" data-link=\"https:\/\/fruit-group.net\/frutco_delasamericas-logo\/\" class=\"wp-image-26\" srcset=\"https:\/\/fruit-group.net\/wp-content\/uploads\/2021\/03\/Frutco_delasAmericas-Logo-300x68.png 300w, https:\/\/fruit-group.net\/wp-content\/uploads\/2021\/03\/Frutco_delasAmericas-Logo-768x175.png 768w, https:\/\/fruit-group.net\/wp-content\/uploads\/2021\/03\/Frutco_delasAmericas-Logo.png 843w\" sizes=\"auto, (max-width: 300px) 100vw, 300px\" \/><\/figure><\/li><li class=\"blocks-gallery-item\"><figure><img loading=\"lazy\" decoding=\"async\" width=\"52\" height=\"25\" src=\"https:\/\/fruit-group.net\/wp-content\/uploads\/2021\/03\/pseudo-element.png\" alt=\"\" data-id=\"280\" data-full-url=\"https:\/\/fruit-group.net\/wp-content\/uploads\/2021\/03\/pseudo-element.png\" data-link=\"https:\/\/fruit-group.net\/pseudo-element\/\" class=\"wp-image-280\"\/><\/figure><\/li><\/ul><\/figure>\n<\/div><\/div>\n\n\n\n<p><\/p>\n","protected":false},"excerpt":{"rendered":"<p>BULK Fruit-Group is a young company and part of the CT Finance AG group of companies. From the cultivation of fruits, processing, research of new technologies and commercial operations, the group is committed to a transparent supply chain. We offer high-quality purees, concentrates, juices, IQF, flavors and much more for food processing industries. In addition, &#8230; <\/p>\n<p class=\"read-more-container\"><a title=\"Home\" class=\"read-more button\" href=\"https:\/\/fruit-group.net\/en_GB\/#more-9\">Read more<span class=\"screen-reader-text\">Home<\/span><\/a><\/p>\n","protected":false},"author":1,"featured_media":0,"parent":0,"menu_order":0,"comment_status":"closed","ping_status":"closed","template":"","meta":{"_monsterinsights_skip_tracking":false,"_monsterinsights_sitenote_active":false,"_monsterinsights_sitenote_note":"","_monsterinsights_sitenote_category":0,"generate_page_header":"","footnotes":""},"class_list":["post-9","page","type-page","status-publish"],"_links":{"self":[{"href":"https:\/\/fruit-group.net\/en_GB\/wp-json\/wp\/v2\/pages\/9","targetHints":{"allow":["GET"]}}],"collection":[{"href":"https:\/\/fruit-group.net\/en_GB\/wp-json\/wp\/v2\/pages"}],"about":[{"href":"https:\/\/fruit-group.net\/en_GB\/wp-json\/wp\/v2\/types\/page"}],"author":[{"embeddable":true,"href":"https:\/\/fruit-group.net\/en_GB\/wp-json\/wp\/v2\/users\/1"}],"replies":[{"embeddable":true,"href":"https:\/\/fruit-group.net\/en_GB\/wp-json\/wp\/v2\/comments?post=9"}],"version-history":[{"count":147,"href":"https:\/\/fruit-group.net\/en_GB\/wp-json\/wp\/v2\/pages\/9\/revisions"}],"predecessor-version":[{"id":1629,"href":"https:\/\/fruit-group.net\/en_GB\/wp-json\/wp\/v2\/pages\/9\/revisions\/1629"}],"wp:attachment":[{"href":"https:\/\/fruit-group.net\/en_GB\/wp-json\/wp\/v2\/media?parent=9"}],"curies":[{"name":"wp","href":"https:\/\/api.w.org\/{rel}","templated":true}]}}