{"id":774,"date":"2021-05-08T01:13:01","date_gmt":"2021-05-07T23:13:01","guid":{"rendered":"https:\/\/fruit-group.net\/?page_id=774"},"modified":"2021-05-30T00:54:33","modified_gmt":"2021-05-29T22:54:33","slug":"avocado-oil","status":"publish","type":"page","link":"https:\/\/fruit-group.net\/en_GB\/bulk\/avocado-oil\/","title":{"rendered":"Avocado Oil"},"content":{"rendered":"\n<div class=\"wp-block-group\"><div class=\"wp-block-group__inner-container is-layout-flow wp-block-group-is-layout-flow\">\n<div class=\"wp-block-getwid-icon-box go-page-back getwid-animation has-icon-left has-text-left\" data-animation=\"slideLeft\"><div style=\"margin-top:0px;margin-bottom:0px;margin-left:0px;margin-right:0px\" class=\"wp-block-getwid-icon-box__icon-container is-position-middle\"><a href=\"javascript: history.go(-1)\" rel=\"\" class=\"wp-block-getwid-icon-box__icon-wrapper\" style=\"font-size:22px;padding:0px\"><i class=\"fas fa-angle-double-left\"><\/i><\/a><\/div><div class=\"wp-block-getwid-icon-box__content\">\n<p><a href=\"javascript: history.go(-1)\">Zur\u00fcck<\/a><\/p>\n<\/div><\/div>\n<\/div><\/div>\n\n\n\n<div class=\"wp-block-group\"><div class=\"wp-block-group__inner-container is-layout-flow wp-block-group-is-layout-flow\">\n<div class=\"wp-block-columns is-layout-flex wp-container-core-columns-is-layout-9d6595d7 wp-block-columns-is-layout-flex\">\n<div class=\"wp-block-column is-layout-flow wp-block-column-is-layout-flow\">\n<h2 class=\"wp-block-heading\">Avocado \u00d6l<\/h2>\n\n\n\n<p>Avocado ist eine der h\u00f6chsten Quellen f\u00fcr gute \u00d6le und Fette, zeichnet sich durch einen hohen Gehalt an einfach unges\u00e4ttigten Fetts\u00e4uren aus, die dem Oliven\u00f6l sehr \u00e4hnlich sein k\u00f6nnen.<\/p>\n<\/div>\n\n\n\n<div class=\"wp-block-column is-vertically-aligned-bottom is-layout-flow wp-block-column-is-layout-flow\">\n<div class=\"wp-block-columns is-layout-flex wp-container-core-columns-is-layout-9d6595d7 wp-block-columns-is-layout-flex\">\n<div class=\"wp-block-column is-layout-flow wp-block-column-is-layout-flow\">\n<p class=\"has-text-align-center font-yellow\"><\/p>\n<\/div>\n\n\n\n<div class=\"wp-block-column is-layout-flow wp-block-column-is-layout-flow\">\n<p class=\"has-text-align-center font-green\"><\/p>\n<\/div>\n\n\n\n<div class=\"wp-block-column is-layout-flow wp-block-column-is-layout-flow\">\n<p class=\"has-text-align-center font-orange\"><\/p>\n<\/div>\n<\/div>\n<\/div>\n<\/div>\n\n\n\n<div class=\"wp-block-columns is-layout-flex wp-container-core-columns-is-layout-9d6595d7 wp-block-columns-is-layout-flex\">\n<div class=\"wp-block-column is-layout-flow wp-block-column-is-layout-flow\" style=\"flex-basis:33.33%\">\n<figure class=\"wp-block-image size-large product-img\"><img loading=\"lazy\" decoding=\"async\" width=\"340\" height=\"340\" src=\"https:\/\/fruit-group.net\/wp-content\/uploads\/2021\/04\/Avocado_Bulk.png\" alt=\"\" class=\"wp-image-597\" srcset=\"https:\/\/fruit-group.net\/wp-content\/uploads\/2021\/04\/Avocado_Bulk.png 340w, https:\/\/fruit-group.net\/wp-content\/uploads\/2021\/04\/Avocado_Bulk-300x300.png 300w, https:\/\/fruit-group.net\/wp-content\/uploads\/2021\/04\/Avocado_Bulk-150x150.png 150w\" sizes=\"auto, (max-width: 340px) 100vw, 340px\" \/><\/figure>\n<\/div>\n\n\n\n<div class=\"wp-block-column is-vertically-aligned-center is-layout-flow wp-block-column-is-layout-flow\" style=\"flex-basis:66.66%\">\n<p>&#8211; Aktueller Stand: 1.000 Hektar Avocadopflanzen werden derzeit angebaut<br>&#8211; Weitere 1.000 Hektar sind geplant<br>&#8211; M\u00f6gliche L\u00f6sungen f\u00fcr dieses Nebenstromprodukt sind: Avocadopulpe oder Avocado\u00f6l<\/p>\n\n\n\n<p><strong>M\u00f6gliche Anwendungen:<\/strong><br>&#8211; Schokolade: anstelle von Coca-Butter, \u00d6l zum Braten, vegane Milchproduktion, Backwaren<br>&#8211; Kosmetische Industrie<\/p>\n<\/div>\n<\/div>\n\n\n\n<div class=\"wp-block-columns is-layout-flex wp-container-core-columns-is-layout-9d6595d7 wp-block-columns-is-layout-flex\">\n<div class=\"wp-block-column is-layout-flow wp-block-column-is-layout-flow\"><\/div>\n<\/div>\n<\/div><\/div>\n","protected":false},"excerpt":{"rendered":"<p>Avocado Oil Avocado is one of the highest sources of good oil and fats, is characterized by the fact of having a high content of monounsaturated fatty acid, that can be very similar to olive oil. &#8211; Current status: 1,000 hectares of avocado plants are currently being cultivated&#8211; Another 1,000 hectares are planned&#8211; Possible solutions &#8230; <\/p>\n<p class=\"read-more-container\"><a title=\"Avocado Oil\" class=\"read-more button\" href=\"https:\/\/fruit-group.net\/en_GB\/bulk\/avocado-oil\/#more-774\">Read more<span class=\"screen-reader-text\">Avocado Oil<\/span><\/a><\/p>\n","protected":false},"author":1,"featured_media":82,"parent":266,"menu_order":0,"comment_status":"closed","ping_status":"closed","template":"","meta":{"_monsterinsights_skip_tracking":false,"_monsterinsights_sitenote_active":false,"_monsterinsights_sitenote_note":"","_monsterinsights_sitenote_category":0,"generate_page_header":"","footnotes":""},"class_list":["post-774","page","type-page","status-publish","has-post-thumbnail"],"_links":{"self":[{"href":"https:\/\/fruit-group.net\/en_GB\/wp-json\/wp\/v2\/pages\/774","targetHints":{"allow":["GET"]}}],"collection":[{"href":"https:\/\/fruit-group.net\/en_GB\/wp-json\/wp\/v2\/pages"}],"about":[{"href":"https:\/\/fruit-group.net\/en_GB\/wp-json\/wp\/v2\/types\/page"}],"author":[{"embeddable":true,"href":"https:\/\/fruit-group.net\/en_GB\/wp-json\/wp\/v2\/users\/1"}],"replies":[{"embeddable":true,"href":"https:\/\/fruit-group.net\/en_GB\/wp-json\/wp\/v2\/comments?post=774"}],"version-history":[{"count":3,"href":"https:\/\/fruit-group.net\/en_GB\/wp-json\/wp\/v2\/pages\/774\/revisions"}],"predecessor-version":[{"id":944,"href":"https:\/\/fruit-group.net\/en_GB\/wp-json\/wp\/v2\/pages\/774\/revisions\/944"}],"up":[{"embeddable":true,"href":"https:\/\/fruit-group.net\/en_GB\/wp-json\/wp\/v2\/pages\/266"}],"wp:featuredmedia":[{"embeddable":true,"href":"https:\/\/fruit-group.net\/en_GB\/wp-json\/wp\/v2\/media\/82"}],"wp:attachment":[{"href":"https:\/\/fruit-group.net\/en_GB\/wp-json\/wp\/v2\/media?parent=774"}],"curies":[{"name":"wp","href":"https:\/\/api.w.org\/{rel}","templated":true}]}}