{"id":768,"date":"2021-05-08T01:10:31","date_gmt":"2021-05-07T23:10:31","guid":{"rendered":"https:\/\/fruit-group.net\/?page_id=768"},"modified":"2021-12-07T12:49:12","modified_gmt":"2021-12-07T11:49:12","slug":"beverage-liquid-flavours","status":"publish","type":"page","link":"https:\/\/fruit-group.net\/en_GB\/bulk\/beverage-liquid-flavours\/","title":{"rendered":"BEVERAGE LIQUID FLAVOURS"},"content":{"rendered":"\n<div class=\"wp-block-group\"><div class=\"wp-block-group__inner-container is-layout-flow wp-block-group-is-layout-flow\">\n<div class=\"wp-block-getwid-icon-box go-page-back getwid-animation has-icon-left has-text-left\" data-animation=\"slideLeft\"><div style=\"margin-top:0px;margin-bottom:0px;margin-left:0px;margin-right:0px\" class=\"wp-block-getwid-icon-box__icon-container is-position-middle\"><a href=\"javascript: history.go(-1)\" rel=\"\" class=\"wp-block-getwid-icon-box__icon-wrapper\" style=\"font-size:22px;padding:0px\"><i class=\"fas fa-angle-double-left\"><\/i><\/a><\/div><div class=\"wp-block-getwid-icon-box__content\">\n<p><a href=\"javascript: history.go(-1)\">Zur\u00fcck<\/a><\/p>\n<\/div><\/div>\n<\/div><\/div>\n\n\n\n<div class=\"wp-block-group\"><div class=\"wp-block-group__inner-container is-layout-flow wp-block-group-is-layout-flow\">\n<div class=\"wp-block-columns is-layout-flex wp-container-core-columns-is-layout-9d6595d7 wp-block-columns-is-layout-flex\">\n<div class=\"wp-block-column is-layout-flow wp-block-column-is-layout-flow\">\n<h2 class=\"wp-block-heading\">Fl\u00fcssigaromen f\u00fcr Getr\u00e4nke<\/h2>\n\n\n\n<p><strong>Geschmacksarten<\/strong><br>Natural, Natural WONF (with other natural flavours), N&amp;A (Natural and Artificial), NI (Natural Identical), Artificial.<\/p>\n\n\n\n<p><strong>Herstellungsverfahren<\/strong><br>Trockenmischung, Spr\u00fchtrocknung, Maskierungsaromen, komponierte Aromen &amp; Aroma-Emulsionen<\/p>\n<\/div>\n\n\n\n<div class=\"wp-block-column is-vertically-aligned-bottom is-layout-flow wp-block-column-is-layout-flow\">\n<div class=\"wp-block-columns is-layout-flex wp-container-core-columns-is-layout-9d6595d7 wp-block-columns-is-layout-flex\">\n<div class=\"wp-block-column is-layout-flow wp-block-column-is-layout-flow\">\n<p class=\"has-text-align-center font-yellow\"><\/p>\n<\/div>\n\n\n\n<div class=\"wp-block-column is-layout-flow wp-block-column-is-layout-flow\">\n<p class=\"has-text-align-center font-green\"><\/p>\n<\/div>\n\n\n\n<div class=\"wp-block-column is-layout-flow wp-block-column-is-layout-flow\">\n<p class=\"has-text-align-center font-orange\"><\/p>\n<\/div>\n<\/div>\n<\/div>\n<\/div>\n\n\n\n<div class=\"wp-block-columns is-layout-flex wp-container-core-columns-is-layout-9d6595d7 wp-block-columns-is-layout-flex\">\n<div class=\"wp-block-column is-layout-flow wp-block-column-is-layout-flow\" style=\"flex-basis:33.33%\">\n<figure class=\"wp-block-image size-large product-img\"><img loading=\"lazy\" decoding=\"async\" width=\"340\" height=\"340\" src=\"https:\/\/fruit-group.net\/wp-content\/uploads\/2021\/04\/Flavor_Beverage_Bulk.png\" alt=\"\" class=\"wp-image-585\" srcset=\"https:\/\/fruit-group.net\/wp-content\/uploads\/2021\/04\/Flavor_Beverage_Bulk.png 340w, https:\/\/fruit-group.net\/wp-content\/uploads\/2021\/04\/Flavor_Beverage_Bulk-300x300.png 300w, https:\/\/fruit-group.net\/wp-content\/uploads\/2021\/04\/Flavor_Beverage_Bulk-150x150.png 150w\" sizes=\"auto, (max-width: 340px) 100vw, 340px\" \/><\/figure>\n<\/div>\n\n\n\n<div class=\"wp-block-column is-vertically-aligned-center is-layout-flow wp-block-column-is-layout-flow\" style=\"flex-basis:66.66%\">\n<p><strong>Getr\u00e4nkel\u00f6sungen<\/strong> <br>Das Formulieren f\u00fcr Getr\u00e4nke und Molkereiprodukte erfordert spezielles Wissen: Kostenfaktor, anwendungsspezifische \u00dcberlegungen und die F\u00e4higkeit, kreative L\u00f6sungen zu finden, wenn einzigartige Entwicklungsherausforderungen auftreten. Wir kennen die Anwendungen und arbeiten in jedem Schritt des Prozesses eng mit Ihnen zusammen, um sicherzustellen, dass jede L\u00f6sung Ihren individuellen Anforderungen und Spezifikationen gerecht wird.<\/p>\n\n\n\n<p><strong>Unsere Fl\u00fcssigaromen f\u00fcr Getr\u00e4nke gibt es in einer Vielzahl von verschiedenen Varianten:<\/strong><\/p>\n<\/div>\n<\/div>\n\n\n\n<div class=\"wp-block-columns is-layout-flex wp-container-core-columns-is-layout-9d6595d7 wp-block-columns-is-layout-flex\">\n<div class=\"wp-block-column is-layout-flow wp-block-column-is-layout-flow\">\n<figure class=\"wp-block-table\"><table><tbody><tr><td>Apfel<\/td><td>Fruchtpunch<\/td><td>Limette<\/td><td>Passionsfrucht<\/td><td>Tomato<\/td><\/tr><tr><td>Banane<\/td><td>Ingwer<\/td><td>Lychee<\/td><td>Pfirsich<\/td><td>Tropische Frucht<\/td><\/tr><tr><td>Beeren<\/td><td>Ginger Lemon<\/td><td>Malz<\/td><td>Birne<\/td><td>Vanille<\/td><\/tr><tr><td>Schwarze Johannisbeere<\/td><td>Weintraube<\/td><td>Mandarin<\/td><td>Pfefferminz<\/td><td>Erdbeere Melone<\/td><\/tr><tr><td>Butter<\/td><td>Gr\u00fcner Apfel<\/td><td>Mango<\/td><td>Ananas<\/td><td>Erdbeere Banane<\/td><\/tr><tr><td>Rum<\/td><td>Guave<\/td><td>Mango Kokosnuss<\/td><td>Granatapfel<\/td><td>Wassermelone<\/td><\/tr><tr><td>Karamell<\/td><td>Haselnuss<\/td><td>Mango Pfisich<\/td><td>Himbeere<\/td><td>Wei\u00dfe Schokolade<\/td><\/tr><tr><td>Kirsche<\/td><td>Honig<\/td><td>Milch Schokolade<\/td><td>Rose<\/td><td>Wei\u00dfe Weintraube<\/td><\/tr><tr><td>Zitrus<\/td><td>Honig Lemone<\/td><td>Minze<\/td><td>Erdbeere<\/td><td>Wei\u00dfe Traube Pfirsich<\/td><\/tr><tr><td>Schokolade<\/td><td>Zitrone-Limette<\/td><td>Orange<\/td><td>Mandarine<\/td><td>Kirsche Granatapfel<\/td><\/tr><\/tbody><\/table><\/figure>\n<\/div>\n<\/div>\n<\/div><\/div>\n","protected":false},"excerpt":{"rendered":"<p>BEVERAGE LIQUID FLAVOURS Flavour TypesNatural, Natural WONF (with other natural flavours), N&amp;A (Natural and Artificial), NI (Natural Identical), Artificial. Manufacturing OperationsDry Blending, Spray Drying, Masking Flavours, Compounded Flavours &amp; Flavour Emulsions Beverage SolutionsFormulating for Beverage and Dairy requires specialized knowledge: cost factor, application-specific considerations, and an ability to find creative solutions if unique development challenges &#8230; <\/p>\n<p class=\"read-more-container\"><a title=\"BEVERAGE LIQUID FLAVOURS\" class=\"read-more button\" href=\"https:\/\/fruit-group.net\/en_GB\/bulk\/beverage-liquid-flavours\/#more-768\">Read more<span class=\"screen-reader-text\">BEVERAGE LIQUID FLAVOURS<\/span><\/a><\/p>\n","protected":false},"author":1,"featured_media":82,"parent":266,"menu_order":0,"comment_status":"closed","ping_status":"closed","template":"","meta":{"_monsterinsights_skip_tracking":false,"_monsterinsights_sitenote_active":false,"_monsterinsights_sitenote_note":"","_monsterinsights_sitenote_category":0,"generate_page_header":"","footnotes":""},"class_list":["post-768","page","type-page","status-publish","has-post-thumbnail"],"_links":{"self":[{"href":"https:\/\/fruit-group.net\/en_GB\/wp-json\/wp\/v2\/pages\/768","targetHints":{"allow":["GET"]}}],"collection":[{"href":"https:\/\/fruit-group.net\/en_GB\/wp-json\/wp\/v2\/pages"}],"about":[{"href":"https:\/\/fruit-group.net\/en_GB\/wp-json\/wp\/v2\/types\/page"}],"author":[{"embeddable":true,"href":"https:\/\/fruit-group.net\/en_GB\/wp-json\/wp\/v2\/users\/1"}],"replies":[{"embeddable":true,"href":"https:\/\/fruit-group.net\/en_GB\/wp-json\/wp\/v2\/comments?post=768"}],"version-history":[{"count":10,"href":"https:\/\/fruit-group.net\/en_GB\/wp-json\/wp\/v2\/pages\/768\/revisions"}],"predecessor-version":[{"id":1853,"href":"https:\/\/fruit-group.net\/en_GB\/wp-json\/wp\/v2\/pages\/768\/revisions\/1853"}],"up":[{"embeddable":true,"href":"https:\/\/fruit-group.net\/en_GB\/wp-json\/wp\/v2\/pages\/266"}],"wp:featuredmedia":[{"embeddable":true,"href":"https:\/\/fruit-group.net\/en_GB\/wp-json\/wp\/v2\/media\/82"}],"wp:attachment":[{"href":"https:\/\/fruit-group.net\/en_GB\/wp-json\/wp\/v2\/media?parent=768"}],"curies":[{"name":"wp","href":"https:\/\/api.w.org\/{rel}","templated":true}]}}