{"id":764,"date":"2021-05-08T01:09:12","date_gmt":"2021-05-07T23:09:12","guid":{"rendered":"https:\/\/fruit-group.net\/?page_id=764"},"modified":"2021-05-30T14:01:28","modified_gmt":"2021-05-30T12:01:28","slug":"pineapple-fibre","status":"publish","type":"page","link":"https:\/\/fruit-group.net\/en_GB\/bulk\/pineapple-fibre\/","title":{"rendered":"Pineapple Fibre"},"content":{"rendered":"\n<div class=\"wp-block-group\"><div class=\"wp-block-group__inner-container is-layout-flow wp-block-group-is-layout-flow\">\n<div class=\"wp-block-getwid-icon-box go-page-back getwid-animation has-icon-left has-text-left\" data-animation=\"slideLeft\"><div style=\"margin-top:0px;margin-bottom:0px;margin-left:0px;margin-right:0px\" class=\"wp-block-getwid-icon-box__icon-container is-position-middle\"><a href=\"javascript: history.go(-1)\" rel=\"\" class=\"wp-block-getwid-icon-box__icon-wrapper\" style=\"font-size:22px;padding:0px\"><i class=\"fas fa-angle-double-left\"><\/i><\/a><\/div><div class=\"wp-block-getwid-icon-box__content\">\n<p><a href=\"javascript: history.go(-1)\">Zur\u00fcck<\/a><\/p>\n<\/div><\/div>\n<\/div><\/div>\n\n\n\n<div class=\"wp-block-group\"><div class=\"wp-block-group__inner-container is-layout-flow wp-block-group-is-layout-flow\">\n<div class=\"wp-block-columns is-layout-flex wp-container-core-columns-is-layout-9d6595d7 wp-block-columns-is-layout-flex\">\n<div class=\"wp-block-column is-layout-flow wp-block-column-is-layout-flow\">\n<h2 class=\"wp-block-heading\">Ananas Fibre<\/h2>\n\n\n\n<p>Die aus den Schalen der Ananas gewonnenen Ballaststoffe enthalten 70,6 % der gesamten Ballaststoffe, von denen die meisten unl\u00f6slich sind. Unsere Fasern weisen eine hohe antioxidative Aktivit\u00e4t auf und die Faser enth\u00e4lt nat\u00fcrliche Geschmacks- und Farbeigenschaften, die die Akzeptanz der Verwendung unserer Faser in Lebensmittelprodukten und Getr\u00e4nkeanwendungen erh\u00f6hen.<\/p>\n<\/div>\n\n\n\n<div class=\"wp-block-column is-vertically-aligned-bottom is-layout-flow wp-block-column-is-layout-flow\">\n<div class=\"wp-block-columns is-layout-flex wp-container-core-columns-is-layout-9d6595d7 wp-block-columns-is-layout-flex\">\n<div class=\"wp-block-column is-layout-flow wp-block-column-is-layout-flow\">\n<p class=\"has-text-align-center font-yellow\"><\/p>\n<\/div>\n\n\n\n<div class=\"wp-block-column is-layout-flow wp-block-column-is-layout-flow\">\n<p class=\"has-text-align-center font-green\"><\/p>\n<\/div>\n\n\n\n<div class=\"wp-block-column is-layout-flow wp-block-column-is-layout-flow\">\n<p class=\"has-text-align-center font-orange\"><\/p>\n<\/div>\n<\/div>\n<\/div>\n<\/div>\n\n\n\n<div class=\"wp-block-columns is-layout-flex wp-container-core-columns-is-layout-9d6595d7 wp-block-columns-is-layout-flex\">\n<div class=\"wp-block-column is-layout-flow wp-block-column-is-layout-flow\" style=\"flex-basis:33.33%\"><\/div>\n\n\n\n<div class=\"wp-block-column is-vertically-aligned-center is-layout-flow wp-block-column-is-layout-flow\" style=\"flex-basis:66.66%\"><\/div>\n<\/div>\n\n\n\n<div class=\"wp-block-columns is-layout-flex wp-container-core-columns-is-layout-9d6595d7 wp-block-columns-is-layout-flex\">\n<div class=\"wp-block-column is-layout-flow wp-block-column-is-layout-flow\"><\/div>\n<\/div>\n<\/div><\/div>\n\n\n\n<p><\/p>\n","protected":false},"excerpt":{"rendered":"<p>Pineapple Fibre Dietary Fiber obtained from shells of pineapple contains 70.6% of total dietary fibers, of which the majority of fibers are insoluble. Our fibers present high antioxidant activity and the fiber contains natural flavour and color characteristics which increase the acceptance of using our fiber in Food Products and Beverage applications.<\/p>\n","protected":false},"author":1,"featured_media":82,"parent":266,"menu_order":0,"comment_status":"closed","ping_status":"closed","template":"","meta":{"_monsterinsights_skip_tracking":false,"_monsterinsights_sitenote_active":false,"_monsterinsights_sitenote_note":"","_monsterinsights_sitenote_category":0,"generate_page_header":"","footnotes":""},"class_list":["post-764","page","type-page","status-publish","has-post-thumbnail"],"_links":{"self":[{"href":"https:\/\/fruit-group.net\/en_GB\/wp-json\/wp\/v2\/pages\/764","targetHints":{"allow":["GET"]}}],"collection":[{"href":"https:\/\/fruit-group.net\/en_GB\/wp-json\/wp\/v2\/pages"}],"about":[{"href":"https:\/\/fruit-group.net\/en_GB\/wp-json\/wp\/v2\/types\/page"}],"author":[{"embeddable":true,"href":"https:\/\/fruit-group.net\/en_GB\/wp-json\/wp\/v2\/users\/1"}],"replies":[{"embeddable":true,"href":"https:\/\/fruit-group.net\/en_GB\/wp-json\/wp\/v2\/comments?post=764"}],"version-history":[{"count":5,"href":"https:\/\/fruit-group.net\/en_GB\/wp-json\/wp\/v2\/pages\/764\/revisions"}],"predecessor-version":[{"id":1070,"href":"https:\/\/fruit-group.net\/en_GB\/wp-json\/wp\/v2\/pages\/764\/revisions\/1070"}],"up":[{"embeddable":true,"href":"https:\/\/fruit-group.net\/en_GB\/wp-json\/wp\/v2\/pages\/266"}],"wp:featuredmedia":[{"embeddable":true,"href":"https:\/\/fruit-group.net\/en_GB\/wp-json\/wp\/v2\/media\/82"}],"wp:attachment":[{"href":"https:\/\/fruit-group.net\/en_GB\/wp-json\/wp\/v2\/media?parent=764"}],"curies":[{"name":"wp","href":"https:\/\/api.w.org\/{rel}","templated":true}]}}