{"id":759,"date":"2021-05-08T01:05:27","date_gmt":"2021-05-07T23:05:27","guid":{"rendered":"https:\/\/fruit-group.net\/?page_id=759"},"modified":"2021-06-01T01:04:50","modified_gmt":"2021-05-31T23:04:50","slug":"strawberry-puree","status":"publish","type":"page","link":"https:\/\/fruit-group.net\/en_GB\/bulk\/strawberry-puree\/","title":{"rendered":"Strawberry Puree"},"content":{"rendered":"\n<div class=\"wp-block-group\"><div class=\"wp-block-group__inner-container is-layout-flow wp-block-group-is-layout-flow\">\n<div class=\"wp-block-getwid-icon-box go-page-back getwid-animation has-icon-left has-text-left\" data-animation=\"slideLeft\"><div style=\"margin-top:0px;margin-bottom:0px;margin-left:0px;margin-right:0px\" class=\"wp-block-getwid-icon-box__icon-container is-position-middle\"><a href=\"javascript: history.go(-1)\" rel=\"\" class=\"wp-block-getwid-icon-box__icon-wrapper\" style=\"font-size:22px;padding:0px\"><i class=\"fas fa-angle-double-left\"><\/i><\/a><\/div><div class=\"wp-block-getwid-icon-box__content\">\n<p><a href=\"javascript: history.go(-1)\">Zur\u00fcck<\/a><\/p>\n<\/div><\/div>\n<\/div><\/div>\n\n\n\n<div class=\"wp-block-group\"><div class=\"wp-block-group__inner-container is-layout-flow wp-block-group-is-layout-flow\">\n<div class=\"wp-block-columns is-layout-flex wp-container-core-columns-is-layout-9d6595d7 wp-block-columns-is-layout-flex\">\n<div class=\"wp-block-column is-layout-flow wp-block-column-is-layout-flow\">\n<h2 class=\"wp-block-heading\">Erdbeerp\u00fcree <br>(mit und ohne Kerne)<\/h2>\n\n\n\n<p>Erdbeerp\u00fcree wird h\u00e4ufig in Lebensmitteln und Getr\u00e4nken verwendet, um Aromen und N\u00e4hrwerte in den Lebensmitteln zu erhalten. Erdbeeren sind reich an Vitaminen, Ballaststoffen, Polyphenolen und anderen gesundheitsf\u00f6rdernden Inhaltsstoffen.&nbsp; Da Erdbeerp\u00fcree diese gesunden Inhaltsstoffe enth\u00e4lt, verwenden die Hersteller von funktionellen Getr\u00e4nken das P\u00fcree, um die gesundheitlichen Vorteile in ihren Getr\u00e4nken zu f\u00f6rdern.<\/p>\n<\/div>\n\n\n\n<div class=\"wp-block-column is-vertically-aligned-bottom is-layout-flow wp-block-column-is-layout-flow\">\n<div class=\"wp-block-columns is-layout-flex wp-container-core-columns-is-layout-9d6595d7 wp-block-columns-is-layout-flex\">\n<div class=\"wp-block-column is-layout-flow wp-block-column-is-layout-flow\">\n<p class=\"has-text-align-center font-yellow\"><\/p>\n<\/div>\n\n\n\n<div class=\"wp-block-column is-layout-flow wp-block-column-is-layout-flow\">\n<p class=\"has-text-align-center font-green\"><\/p>\n<\/div>\n\n\n\n<div class=\"wp-block-column is-layout-flow wp-block-column-is-layout-flow\">\n<p class=\"has-text-align-center font-orange\"><\/p>\n<\/div>\n<\/div>\n<\/div>\n<\/div>\n\n\n\n<div class=\"wp-block-columns is-layout-flex wp-container-core-columns-is-layout-9d6595d7 wp-block-columns-is-layout-flex\">\n<div class=\"wp-block-column is-layout-flow wp-block-column-is-layout-flow\" style=\"flex-basis:33.33%\">\n<figure class=\"wp-block-image size-large product-img\"><img loading=\"lazy\" decoding=\"async\" width=\"510\" height=\"510\" src=\"https:\/\/fruit-group.net\/wp-content\/uploads\/2021\/03\/Info-Bulk-Strawberry.png\" alt=\"\" class=\"wp-image-123\" srcset=\"https:\/\/fruit-group.net\/wp-content\/uploads\/2021\/03\/Info-Bulk-Strawberry.png 510w, https:\/\/fruit-group.net\/wp-content\/uploads\/2021\/03\/Info-Bulk-Strawberry-300x300.png 300w, https:\/\/fruit-group.net\/wp-content\/uploads\/2021\/03\/Info-Bulk-Strawberry-150x150.png 150w\" sizes=\"auto, (max-width: 510px) 100vw, 510px\" \/><\/figure>\n<\/div>\n\n\n\n<div class=\"wp-block-column is-vertically-aligned-center is-layout-flow wp-block-column-is-layout-flow\" style=\"flex-basis:66.66%\">\n<p>Es gibt verschiedene Arten von Erdbeerp\u00fcree, die vom Hersteller angeboten werden, wie z.B. normales (mit und ohne Kerne), gefrorenes, konzentriertes und in Dosen.<\/p>\n\n\n\n<p>Saftig, leuchtend und mit genau der richtigen Menge an S\u00fc\u00dfe sind Erdbeeren ein Favorit der Sommerzeit. Erdbeeren sind reich an Vitaminen, Ballaststoffen und einem hohen Anteil an Antioxidantien, den so genannten Polyphenolen. Sie sind natriumfrei, fettfrei und cholesterinfrei. Sie geh\u00f6ren zu den 20 besten Fr\u00fcchten in Bezug auf die antioxidative Kapazit\u00e4t. <\/p>\n\n\n\n<p>Eine Mischung aus Erdbeeren mit einem Brix-Wert \u00fcber 6,5\u00b0 wird p\u00fcriert und gefiltert und\/oder zentrifugiert, um Kerne und gro\u00dfe Fruchtfleischteile zu entfernen.<\/p>\n<\/div>\n<\/div>\n\n\n\n<div class=\"wp-block-columns is-layout-flex wp-container-core-columns-is-layout-9d6595d7 wp-block-columns-is-layout-flex\">\n<div class=\"wp-block-column is-layout-flow wp-block-column-is-layout-flow\">\n<p>Verpackung: Aseptischer Beutel im Stahlfass mit einem Nettogewicht von 210Kg <\/p>\n\n\n\n<p>Herkunft: \u00c4gypten, Spanien, T\u00fcrkei<\/p>\n\n\n\n<p>Erntezeit:<br>\u00c4gypten: November bis Februar<br>Spanien: April bis Juni<br>T\u00fcrkei: September bis November<\/p>\n<\/div>\n<\/div>\n<\/div><\/div>\n","protected":false},"excerpt":{"rendered":"<p>Strawberry Puree (Seed &amp; Seedless) Strawberry puree is widely used in food and beverages which retain flavors, nutritional values in the food products. Strawberry is rich in vitamin, fiber, polyphenols and other nutritional compounds which has health benefits.&nbsp; Due to Strawberry puree containing these healthy constituents, Functional Beverage Manufacturers includes the puree to promote health &#8230; <\/p>\n<p class=\"read-more-container\"><a title=\"Strawberry Puree\" class=\"read-more button\" href=\"https:\/\/fruit-group.net\/en_GB\/bulk\/strawberry-puree\/#more-759\">Read more<span class=\"screen-reader-text\">Strawberry Puree<\/span><\/a><\/p>\n","protected":false},"author":1,"featured_media":82,"parent":266,"menu_order":0,"comment_status":"closed","ping_status":"closed","template":"","meta":{"_monsterinsights_skip_tracking":false,"_monsterinsights_sitenote_active":false,"_monsterinsights_sitenote_note":"","_monsterinsights_sitenote_category":0,"generate_page_header":"","footnotes":""},"class_list":["post-759","page","type-page","status-publish","has-post-thumbnail"],"_links":{"self":[{"href":"https:\/\/fruit-group.net\/en_GB\/wp-json\/wp\/v2\/pages\/759","targetHints":{"allow":["GET"]}}],"collection":[{"href":"https:\/\/fruit-group.net\/en_GB\/wp-json\/wp\/v2\/pages"}],"about":[{"href":"https:\/\/fruit-group.net\/en_GB\/wp-json\/wp\/v2\/types\/page"}],"author":[{"embeddable":true,"href":"https:\/\/fruit-group.net\/en_GB\/wp-json\/wp\/v2\/users\/1"}],"replies":[{"embeddable":true,"href":"https:\/\/fruit-group.net\/en_GB\/wp-json\/wp\/v2\/comments?post=759"}],"version-history":[{"count":6,"href":"https:\/\/fruit-group.net\/en_GB\/wp-json\/wp\/v2\/pages\/759\/revisions"}],"predecessor-version":[{"id":1122,"href":"https:\/\/fruit-group.net\/en_GB\/wp-json\/wp\/v2\/pages\/759\/revisions\/1122"}],"up":[{"embeddable":true,"href":"https:\/\/fruit-group.net\/en_GB\/wp-json\/wp\/v2\/pages\/266"}],"wp:featuredmedia":[{"embeddable":true,"href":"https:\/\/fruit-group.net\/en_GB\/wp-json\/wp\/v2\/media\/82"}],"wp:attachment":[{"href":"https:\/\/fruit-group.net\/en_GB\/wp-json\/wp\/v2\/media?parent=759"}],"curies":[{"name":"wp","href":"https:\/\/api.w.org\/{rel}","templated":true}]}}