{"id":757,"date":"2021-05-08T01:04:47","date_gmt":"2021-05-07T23:04:47","guid":{"rendered":"https:\/\/fruit-group.net\/?page_id=757"},"modified":"2021-05-30T13:57:45","modified_gmt":"2021-05-30T11:57:45","slug":"pear-puree","status":"publish","type":"page","link":"https:\/\/fruit-group.net\/en_GB\/bulk\/pear-puree\/","title":{"rendered":"Pear Puree"},"content":{"rendered":"\n<div class=\"wp-block-group\"><div class=\"wp-block-group__inner-container is-layout-flow wp-block-group-is-layout-flow\">\n<div class=\"wp-block-getwid-icon-box go-page-back getwid-animation has-icon-left has-text-left\" data-animation=\"slideLeft\"><div style=\"margin-top:0px;margin-bottom:0px;margin-left:0px;margin-right:0px\" class=\"wp-block-getwid-icon-box__icon-container is-position-middle\"><a href=\"javascript: history.go(-1)\" rel=\"\" class=\"wp-block-getwid-icon-box__icon-wrapper\" style=\"font-size:22px;padding:0px\"><i class=\"fas fa-angle-double-left\"><\/i><\/a><\/div><div class=\"wp-block-getwid-icon-box__content\">\n<p><a href=\"javascript: history.go(-1)\">Zur\u00fcck<\/a><\/p>\n<\/div><\/div>\n<\/div><\/div>\n\n\n\n<div class=\"wp-block-group\"><div class=\"wp-block-group__inner-container is-layout-flow wp-block-group-is-layout-flow\">\n<div class=\"wp-block-columns is-layout-flex wp-container-core-columns-is-layout-9d6595d7 wp-block-columns-is-layout-flex\">\n<div class=\"wp-block-column is-layout-flow wp-block-column-is-layout-flow\">\n<h2 class=\"wp-block-heading\">Birnenp\u00fcree<\/h2>\n\n\n\n<p>Birnen sind ein n\u00e4hrstoffreiches Lebensmittel und eine ausgezeichnete Quelle f\u00fcr Ballaststoffe. Eine mittlere Birne liefert 6 Gramm Ballaststoffe. Sie enthalten au\u00dferdem Vitamin C, Phyton\u00e4hrstoffe und Antioxidantien.<\/p>\n<\/div>\n\n\n\n<div class=\"wp-block-column is-vertically-aligned-bottom is-layout-flow wp-block-column-is-layout-flow\">\n<div class=\"wp-block-columns is-layout-flex wp-container-core-columns-is-layout-9d6595d7 wp-block-columns-is-layout-flex\">\n<div class=\"wp-block-column is-layout-flow wp-block-column-is-layout-flow\">\n<p class=\"has-text-align-center font-yellow\"><\/p>\n<\/div>\n\n\n\n<div class=\"wp-block-column is-layout-flow wp-block-column-is-layout-flow\">\n<p class=\"has-text-align-center font-green\"><\/p>\n<\/div>\n\n\n\n<div class=\"wp-block-column is-layout-flow wp-block-column-is-layout-flow\">\n<p class=\"has-text-align-center font-orange\"><\/p>\n<\/div>\n<\/div>\n<\/div>\n<\/div>\n\n\n\n<div class=\"wp-block-columns is-layout-flex wp-container-core-columns-is-layout-9d6595d7 wp-block-columns-is-layout-flex\">\n<div class=\"wp-block-column is-layout-flow wp-block-column-is-layout-flow\" style=\"flex-basis:33.33%\">\n<figure class=\"wp-block-image size-large product-img\"><img loading=\"lazy\" decoding=\"async\" width=\"510\" height=\"510\" src=\"https:\/\/fruit-group.net\/wp-content\/uploads\/2021\/03\/Info-Bulk-Pear.png\" alt=\"\" class=\"wp-image-121\" srcset=\"https:\/\/fruit-group.net\/wp-content\/uploads\/2021\/03\/Info-Bulk-Pear.png 510w, https:\/\/fruit-group.net\/wp-content\/uploads\/2021\/03\/Info-Bulk-Pear-300x300.png 300w, https:\/\/fruit-group.net\/wp-content\/uploads\/2021\/03\/Info-Bulk-Pear-150x150.png 150w\" sizes=\"auto, (max-width: 510px) 100vw, 510px\" \/><\/figure>\n<\/div>\n\n\n\n<div class=\"wp-block-column is-vertically-aligned-center is-layout-flow wp-block-column-is-layout-flow\" style=\"flex-basis:66.66%\">\n<p>Birnenp\u00fcree und -konzentrat werden nur minimal verarbeitet, um Farbe und Geschmack besser zu erhalten.<\/p>\n\n\n\n<p>Frische Birnenfr\u00fcchte werden gewaschen, geschrubbt, sortiert, blanchiert und durch Finisher verarbeitet. Nachdem das Birnenp\u00fcree und -konzentrat die Finisher durchlaufen hat, wird es aseptisch verpackt oder eingefroren.<\/p>\n<\/div>\n<\/div>\n\n\n\n<div class=\"wp-block-columns is-layout-flex wp-container-core-columns-is-layout-9d6595d7 wp-block-columns-is-layout-flex\">\n<div class=\"wp-block-column is-layout-flow wp-block-column-is-layout-flow\">\n<p>Verpackung: Aceptic Bag in Stahltrommel, jedes Fass hat ein Nettogewicht von 210Kg <\/p>\n\n\n\n<p>Herkunft: S\u00fcdafrika, T\u00fcrkei, Spanien<\/p>\n\n\n\n<p>Erntezeit:<br>T\u00fcrkei: August bis Oktober<br>S\u00fcdafrika: Januar bis M\u00e4rz<br>Spanien: April bis Juni<\/p>\n<\/div>\n<\/div>\n<\/div><\/div>\n","protected":false},"excerpt":{"rendered":"<p>Pear Puree Pears pack a nutritional punch being a nutrient-dense food and an excellent source of fiber. One medium pear provides 6 grams of fiber. They also contain vitamin C, phytonutrients, and antioxidants. Pear Puree and Concentrate are minimally processed to retain better color and flavor.\u00a0 Fresh pear fruit is washed, scrubbed, sorted, blanched and &#8230; <\/p>\n<p class=\"read-more-container\"><a title=\"Pear Puree\" class=\"read-more button\" href=\"https:\/\/fruit-group.net\/en_GB\/bulk\/pear-puree\/#more-757\">Read more<span class=\"screen-reader-text\">Pear Puree<\/span><\/a><\/p>\n","protected":false},"author":1,"featured_media":82,"parent":266,"menu_order":0,"comment_status":"closed","ping_status":"closed","template":"","meta":{"_monsterinsights_skip_tracking":false,"_monsterinsights_sitenote_active":false,"_monsterinsights_sitenote_note":"","_monsterinsights_sitenote_category":0,"generate_page_header":"","footnotes":""},"class_list":["post-757","page","type-page","status-publish","has-post-thumbnail"],"_links":{"self":[{"href":"https:\/\/fruit-group.net\/en_GB\/wp-json\/wp\/v2\/pages\/757","targetHints":{"allow":["GET"]}}],"collection":[{"href":"https:\/\/fruit-group.net\/en_GB\/wp-json\/wp\/v2\/pages"}],"about":[{"href":"https:\/\/fruit-group.net\/en_GB\/wp-json\/wp\/v2\/types\/page"}],"author":[{"embeddable":true,"href":"https:\/\/fruit-group.net\/en_GB\/wp-json\/wp\/v2\/users\/1"}],"replies":[{"embeddable":true,"href":"https:\/\/fruit-group.net\/en_GB\/wp-json\/wp\/v2\/comments?post=757"}],"version-history":[{"count":3,"href":"https:\/\/fruit-group.net\/en_GB\/wp-json\/wp\/v2\/pages\/757\/revisions"}],"predecessor-version":[{"id":1061,"href":"https:\/\/fruit-group.net\/en_GB\/wp-json\/wp\/v2\/pages\/757\/revisions\/1061"}],"up":[{"embeddable":true,"href":"https:\/\/fruit-group.net\/en_GB\/wp-json\/wp\/v2\/pages\/266"}],"wp:featuredmedia":[{"embeddable":true,"href":"https:\/\/fruit-group.net\/en_GB\/wp-json\/wp\/v2\/media\/82"}],"wp:attachment":[{"href":"https:\/\/fruit-group.net\/en_GB\/wp-json\/wp\/v2\/media?parent=757"}],"curies":[{"name":"wp","href":"https:\/\/api.w.org\/{rel}","templated":true}]}}