{"id":756,"date":"2021-05-08T01:04:47","date_gmt":"2021-05-07T23:04:47","guid":{"rendered":"https:\/\/fruit-group.net\/?page_id=756"},"modified":"2021-05-30T13:55:48","modified_gmt":"2021-05-30T11:55:48","slug":"guava-puree","status":"publish","type":"page","link":"https:\/\/fruit-group.net\/en_GB\/bulk\/guava-puree\/","title":{"rendered":"Guava Puree"},"content":{"rendered":"\n<div class=\"wp-block-group\"><div class=\"wp-block-group__inner-container is-layout-flow wp-block-group-is-layout-flow\">\n<div class=\"wp-block-getwid-icon-box go-page-back getwid-animation has-icon-left has-text-left\" data-animation=\"slideLeft\"><div style=\"margin-top:0px;margin-bottom:0px;margin-left:0px;margin-right:0px\" class=\"wp-block-getwid-icon-box__icon-container is-position-middle\"><a href=\"javascript: history.go(-1)\" rel=\"\" class=\"wp-block-getwid-icon-box__icon-wrapper\" style=\"font-size:22px;padding:0px\"><i class=\"fas fa-angle-double-left\"><\/i><\/a><\/div><div class=\"wp-block-getwid-icon-box__content\">\n<p><a href=\"javascript: history.go(-1)\">Zur\u00fcck<\/a><\/p>\n<\/div><\/div>\n<\/div><\/div>\n\n\n\n<div class=\"wp-block-group\"><div class=\"wp-block-group__inner-container is-layout-flow wp-block-group-is-layout-flow\">\n<div class=\"wp-block-columns is-layout-flex wp-container-core-columns-is-layout-9d6595d7 wp-block-columns-is-layout-flex\">\n<div class=\"wp-block-column is-layout-flow wp-block-column-is-layout-flow\">\n<h2 class=\"wp-block-heading\">Guavenp\u00fcree<\/h2>\n\n\n\n<p>Das Produkt wird aus frischen Guavenfr\u00fcchten hergestellt. Nur vollreife Fr\u00fcchte werden geerntet und den kurzen Weg zum Verarbeitungsbetrieb gebracht. Hier werden sie strengen Qualit\u00e4tskontrollen unterzogen, bevor sie gewaschen, entsteint, zentrifugiert und anschlie\u00dfend aseptisch verpackt werden. Dieses schonende Verfahren garantiert, dass das gesamte Aroma im Fruchtfleisch erhalten bleibt. Die Guave kommt aus S\u00fcdafrika, Indien, Mexiko oder Brasilien.<\/p>\n<\/div>\n\n\n\n<div class=\"wp-block-column is-vertically-aligned-bottom is-layout-flow wp-block-column-is-layout-flow\">\n<div class=\"wp-block-columns is-layout-flex wp-container-core-columns-is-layout-9d6595d7 wp-block-columns-is-layout-flex\">\n<div class=\"wp-block-column is-layout-flow wp-block-column-is-layout-flow\">\n<p class=\"has-text-align-center font-yellow\"><\/p>\n<\/div>\n\n\n\n<div class=\"wp-block-column is-layout-flow wp-block-column-is-layout-flow\">\n<p class=\"has-text-align-center font-green\"><\/p>\n<\/div>\n\n\n\n<div class=\"wp-block-column is-layout-flow wp-block-column-is-layout-flow\">\n<p class=\"has-text-align-center font-orange\"><\/p>\n<\/div>\n<\/div>\n<\/div>\n<\/div>\n\n\n\n<div class=\"wp-block-columns is-layout-flex wp-container-core-columns-is-layout-9d6595d7 wp-block-columns-is-layout-flex\">\n<div class=\"wp-block-column is-layout-flow wp-block-column-is-layout-flow\" style=\"flex-basis:33.33%\">\n<figure class=\"wp-block-image size-large product-img\"><img loading=\"lazy\" decoding=\"async\" width=\"510\" height=\"510\" src=\"https:\/\/fruit-group.net\/wp-content\/uploads\/2021\/03\/Info-Bulk-Guava.png\" alt=\"\" class=\"wp-image-114\" srcset=\"https:\/\/fruit-group.net\/wp-content\/uploads\/2021\/03\/Info-Bulk-Guava.png 510w, https:\/\/fruit-group.net\/wp-content\/uploads\/2021\/03\/Info-Bulk-Guava-300x300.png 300w, https:\/\/fruit-group.net\/wp-content\/uploads\/2021\/03\/Info-Bulk-Guava-150x150.png 150w\" sizes=\"auto, (max-width: 510px) 100vw, 510px\" \/><\/figure>\n<\/div>\n\n\n\n<div class=\"wp-block-column is-vertically-aligned-center is-layout-flow wp-block-column-is-layout-flow\" style=\"flex-basis:66.66%\">\n<p>Konventionelle Guave<br>Rosa Guavenp\u00fcree, aseptisch &#8211; ohne Zusatzstoffe<br>Wei\u00dfes Guavenp\u00fcree, aseptisch &#8211; ohne Zusatzstoffe<br>Rosa Guavenp\u00fcree-Konzentrat, aseptisch &#8211; keine Zusatzstoffe<br>Wei\u00dfes Guavenp\u00fcree-Konzentrat, aseptisch &#8211; keine Zusatzstoffe<\/p>\n<\/div>\n<\/div>\n\n\n\n<div class=\"wp-block-columns is-layout-flex wp-container-core-columns-is-layout-9d6595d7 wp-block-columns-is-layout-flex\">\n<div class=\"wp-block-column is-layout-flow wp-block-column-is-layout-flow\">\n<p>Verpackung: 215kg, 230Kg Stahlf\u00e4sser mit mehrlagigem, aseptischem PET-Beutel <\/p>\n\n\n\n<p>Herkunft: S\u00fcdafrika, Indien, Mexiko, Brasilien, \u00c4gypten<\/p>\n\n\n\n<p>Erntezeit:<br>S\u00fcdafrika: Rosa Guavenp\u00fcree von Mai bis September<br>Indien: Rosa: M\u00e4rz-Mai und August-Oktober<br>Indien Wei\u00df: M\u00e4rz-Mai, Juli-August, November-Januar.<br>\u00c4gypten: Oktober-Dezember<br>Mexiko: Rosa Guave, ganzj\u00e4hrig mit hoher Verf\u00fcgbarkeit von Oktober bis Mai<br>Brasilien: Rosa Guave, ganzj\u00e4hrig mit hoher Verf\u00fcgbarkeit von Oktober bis Mai<\/p>\n<\/div>\n<\/div>\n<\/div><\/div>\n","protected":false},"excerpt":{"rendered":"<p>Guava Puree The product is made from fresh guava fruit. Only fully ripe fruits are harvested and brought the short way to the processing plant. Here, they undergo strict quality controls before being washed, destoned, centrifuged and then aseptically packaged. This gentle process guarantees that all the flavour remains in the pulp.\u00a0The guava comes from &#8230; <\/p>\n<p class=\"read-more-container\"><a title=\"Guava Puree\" class=\"read-more button\" href=\"https:\/\/fruit-group.net\/en_GB\/bulk\/guava-puree\/#more-756\">Read more<span class=\"screen-reader-text\">Guava Puree<\/span><\/a><\/p>\n","protected":false},"author":1,"featured_media":82,"parent":266,"menu_order":0,"comment_status":"closed","ping_status":"closed","template":"","meta":{"_monsterinsights_skip_tracking":false,"_monsterinsights_sitenote_active":false,"_monsterinsights_sitenote_note":"","_monsterinsights_sitenote_category":0,"generate_page_header":"","footnotes":""},"class_list":["post-756","page","type-page","status-publish","has-post-thumbnail"],"_links":{"self":[{"href":"https:\/\/fruit-group.net\/en_GB\/wp-json\/wp\/v2\/pages\/756","targetHints":{"allow":["GET"]}}],"collection":[{"href":"https:\/\/fruit-group.net\/en_GB\/wp-json\/wp\/v2\/pages"}],"about":[{"href":"https:\/\/fruit-group.net\/en_GB\/wp-json\/wp\/v2\/types\/page"}],"author":[{"embeddable":true,"href":"https:\/\/fruit-group.net\/en_GB\/wp-json\/wp\/v2\/users\/1"}],"replies":[{"embeddable":true,"href":"https:\/\/fruit-group.net\/en_GB\/wp-json\/wp\/v2\/comments?post=756"}],"version-history":[{"count":4,"href":"https:\/\/fruit-group.net\/en_GB\/wp-json\/wp\/v2\/pages\/756\/revisions"}],"predecessor-version":[{"id":1058,"href":"https:\/\/fruit-group.net\/en_GB\/wp-json\/wp\/v2\/pages\/756\/revisions\/1058"}],"up":[{"embeddable":true,"href":"https:\/\/fruit-group.net\/en_GB\/wp-json\/wp\/v2\/pages\/266"}],"wp:featuredmedia":[{"embeddable":true,"href":"https:\/\/fruit-group.net\/en_GB\/wp-json\/wp\/v2\/media\/82"}],"wp:attachment":[{"href":"https:\/\/fruit-group.net\/en_GB\/wp-json\/wp\/v2\/media?parent=756"}],"curies":[{"name":"wp","href":"https:\/\/api.w.org\/{rel}","templated":true}]}}