{"id":754,"date":"2021-05-08T01:04:36","date_gmt":"2021-05-07T23:04:36","guid":{"rendered":"https:\/\/fruit-group.net\/?page_id=754"},"modified":"2021-05-30T13:52:49","modified_gmt":"2021-05-30T11:52:49","slug":"mango-puree","status":"publish","type":"page","link":"https:\/\/fruit-group.net\/en_GB\/bulk\/mango-puree\/","title":{"rendered":"Mango Puree"},"content":{"rendered":"\n<div class=\"wp-block-group\"><div class=\"wp-block-group__inner-container is-layout-flow wp-block-group-is-layout-flow\">\n<div class=\"wp-block-getwid-icon-box go-page-back getwid-animation has-icon-left has-text-left\" data-animation=\"slideLeft\"><div style=\"margin-top:0px;margin-bottom:0px;margin-left:0px;margin-right:0px\" class=\"wp-block-getwid-icon-box__icon-container is-position-middle\"><a href=\"javascript: history.go(-1)\" rel=\"\" class=\"wp-block-getwid-icon-box__icon-wrapper\" style=\"font-size:22px;padding:0px\"><i class=\"fas fa-angle-double-left\"><\/i><\/a><\/div><div class=\"wp-block-getwid-icon-box__content\">\n<p><a href=\"javascript: history.go(-1)\">Zur\u00fcck<\/a><\/p>\n<\/div><\/div>\n<\/div><\/div>\n\n\n\n<div class=\"wp-block-group\"><div class=\"wp-block-group__inner-container is-layout-flow wp-block-group-is-layout-flow\">\n<div class=\"wp-block-columns is-layout-flex wp-container-core-columns-is-layout-9d6595d7 wp-block-columns-is-layout-flex\">\n<div class=\"wp-block-column is-layout-flow wp-block-column-is-layout-flow\">\n<h2 class=\"wp-block-heading\">Mango P\u00fcree<\/h2>\n\n\n\n<p>Mango ist auch als &#8220;K\u00f6nig der Fr\u00fcchte&#8221; bekannt.&nbsp; Mango-P\u00fcree-Konzentrat wird durch Extraktion des Fruchtfleisches aus der reifen Mango hergestellt. Die reife Frucht wird unter ausgezeichneten Bedingungen gem\u00e4\u00df dem AIJN Code of Practice mit einem hohen Ma\u00df an Lebensmittelsicherheit verarbeitet.<\/p>\n<\/div>\n\n\n\n<div class=\"wp-block-column is-vertically-aligned-bottom is-layout-flow wp-block-column-is-layout-flow\">\n<div class=\"wp-block-columns is-layout-flex wp-container-core-columns-is-layout-9d6595d7 wp-block-columns-is-layout-flex\">\n<div class=\"wp-block-column is-layout-flow wp-block-column-is-layout-flow\">\n<div class=\"wp-block-image prod-ico eis-icon cus-ico\"><figure class=\"aligncenter size-large is-resized\"><img loading=\"lazy\" decoding=\"async\" src=\"https:\/\/fruit-group.net\/wp-content\/uploads\/2021\/04\/Conventional.png\" alt=\"\" class=\"wp-image-654\" width=\"90\" height=\"90\" srcset=\"https:\/\/fruit-group.net\/wp-content\/uploads\/2021\/04\/Conventional.png 512w, https:\/\/fruit-group.net\/wp-content\/uploads\/2021\/04\/Conventional-300x300.png 300w, https:\/\/fruit-group.net\/wp-content\/uploads\/2021\/04\/Conventional-150x150.png 150w\" sizes=\"auto, (max-width: 90px) 100vw, 90px\" \/><\/figure><\/div>\n\n\n\n<p class=\"has-text-align-center font-yellow\">Conventional<\/p>\n<\/div>\n\n\n\n<div class=\"wp-block-column is-layout-flow wp-block-column-is-layout-flow\">\n<div class=\"wp-block-image prod-ico ban-icon cus-ico\"><figure class=\"aligncenter size-large is-resized\"><img loading=\"lazy\" decoding=\"async\" src=\"https:\/\/fruit-group.net\/wp-content\/uploads\/2021\/04\/Organic.png\" alt=\"\" class=\"wp-image-652\" width=\"90\" height=\"90\" srcset=\"https:\/\/fruit-group.net\/wp-content\/uploads\/2021\/04\/Organic.png 512w, https:\/\/fruit-group.net\/wp-content\/uploads\/2021\/04\/Organic-300x300.png 300w, https:\/\/fruit-group.net\/wp-content\/uploads\/2021\/04\/Organic-150x150.png 150w\" sizes=\"auto, (max-width: 90px) 100vw, 90px\" \/><\/figure><\/div>\n\n\n\n<p class=\"has-text-align-center font-green\">Organic<\/p>\n<\/div>\n\n\n\n<div class=\"wp-block-column is-layout-flow wp-block-column-is-layout-flow\">\n<div class=\"wp-block-image prod-ico fla-icon cus-ico\"><figure class=\"aligncenter size-large is-resized\"><img loading=\"lazy\" decoding=\"async\" src=\"https:\/\/fruit-group.net\/wp-content\/uploads\/2021\/04\/BabyFood.png\" alt=\"\" class=\"wp-image-653\" width=\"90\" height=\"90\" srcset=\"https:\/\/fruit-group.net\/wp-content\/uploads\/2021\/04\/BabyFood.png 512w, https:\/\/fruit-group.net\/wp-content\/uploads\/2021\/04\/BabyFood-300x300.png 300w, https:\/\/fruit-group.net\/wp-content\/uploads\/2021\/04\/BabyFood-150x150.png 150w\" sizes=\"auto, (max-width: 90px) 100vw, 90px\" \/><\/figure><\/div>\n\n\n\n<p class=\"has-text-align-center font-orange\">Baby Food<\/p>\n<\/div>\n<\/div>\n<\/div>\n<\/div>\n\n\n\n<div class=\"wp-block-columns is-layout-flex wp-container-core-columns-is-layout-9d6595d7 wp-block-columns-is-layout-flex\">\n<div class=\"wp-block-column is-layout-flow wp-block-column-is-layout-flow\" style=\"flex-basis:33.33%\">\n<figure class=\"wp-block-image size-large product-img\"><img loading=\"lazy\" decoding=\"async\" width=\"510\" height=\"510\" src=\"https:\/\/fruit-group.net\/wp-content\/uploads\/2021\/03\/Info-Bulk-Mango.png\" alt=\"\" class=\"wp-image-117\" srcset=\"https:\/\/fruit-group.net\/wp-content\/uploads\/2021\/03\/Info-Bulk-Mango.png 510w, https:\/\/fruit-group.net\/wp-content\/uploads\/2021\/03\/Info-Bulk-Mango-300x300.png 300w, https:\/\/fruit-group.net\/wp-content\/uploads\/2021\/03\/Info-Bulk-Mango-150x150.png 150w\" sizes=\"auto, (max-width: 510px) 100vw, 510px\" \/><\/figure>\n<\/div>\n\n\n\n<div class=\"wp-block-column is-vertically-aligned-center is-layout-flow wp-block-column-is-layout-flow\" style=\"flex-basis:66.66%\">\n<p>Die Alphonso-Mango ist weithin bekannt f\u00fcr ihre S\u00fc\u00dfe, ihren aromatischen Geschmack und ihre Reichhaltigkeit. Dies ist die teuerste Mango. Es gibt zwei Sorten von Alphonso-Mangos. Die westliche Alphonso-Sorte wird in Westindien wie Maharashtra, Gujarat und Karnataka angebaut. <\/p>\n\n\n\n<p>Die Southern Alphonso Sorte wird in S\u00fcdindien wie Andhra Pradesh, Tamilnadu und Karnataka angebaut. Totapuri-Mangokonzentrat ist wegen des k\u00f6stlichen Geschmacks und des reichhaltigen Aromas f\u00fcr die lebensmittelverarbeitende Industrie bekannt. Diese Mangos variieren in der L\u00e4nge, sind aber im Allgemeinen etwa 7 Zoll lang und haben eine goldgelbe Farbe. Die Sorte Totapuri wird in der s\u00fcdindischen Region angebaut.<\/p>\n<\/div>\n<\/div>\n\n\n\n<div class=\"wp-block-columns is-layout-flex wp-container-core-columns-is-layout-9d6595d7 wp-block-columns-is-layout-flex\">\n<div class=\"wp-block-column is-layout-flow wp-block-column-is-layout-flow\">\n<p>Je nach Herkunftsland werden verschiedene Sorten verarbeitet.&nbsp;<br>Indien: Alphonso, Totapuri und Kesar-Mangos<br>Peru:&nbsp; Criollo und Chato de Ica Mangos.<br>Kolumbien: Magdalena-Mangos<br>Mexiko: Tommy, Kent, Haden, Keitt und Ataulfo Mangos<\/p>\n\n\n\n<p>Wir bieten ein konventionelles, biologisches und Babynahrungs-Sortiment an. <br>Wir bieten auch gefrorenes Mango-Fruchtfleisch an (Totapuri, Alphonso).<\/p>\n\n\n\n<p>Verpackung:<br>215 kg Stahlf\u00e4sser mit mehrlagigem Aseptikbeutel, 80 F\u00e4sser in 20 Dry FCL<br>3,1 kg x 6 Dosen\/Karton, 1000 Kartons in 20 Dry FCL<br>1 kg X 16 Beutel\/Karton, 1400 Kartons in 40&#8242; Reefer FCL, Gefrorene Einzelhandelsverpackung<\/p>\n\n\n\n<p>Herkunft: Kolumbien, Indien, \u00c4gypten<\/p>\n\n\n\n<p>Erntezeit:<br>Indien:&nbsp; Alphonso: April-Juni, Totapuri: Mai-Juli, Kesar: Mai-Juni<br>\u00c4gypten: Juli \u2013 Oktober<br>Kolumbien: Ganzj\u00e4hrig mit Hauptsaison im Mai bis September<\/p>\n<\/div>\n<\/div>\n<\/div><\/div>\n","protected":false},"excerpt":{"rendered":"<p>Mango Puree Mango is also known as &#8220;King of fruits&#8221;.\u00a0 Mango puree concentrate prepared by extracting the pulp obtained from mature ripe mango. Ripe fruit is processed in excellent conditions according to AIJN Code of Practice with a high level of food safety. Conventional Organic Baby Food The Alphonso mango \u00a0widely known for its sweetness, &#8230; <\/p>\n<p class=\"read-more-container\"><a title=\"Mango Puree\" class=\"read-more button\" href=\"https:\/\/fruit-group.net\/en_GB\/bulk\/mango-puree\/#more-754\">Read more<span class=\"screen-reader-text\">Mango Puree<\/span><\/a><\/p>\n","protected":false},"author":1,"featured_media":82,"parent":266,"menu_order":0,"comment_status":"closed","ping_status":"closed","template":"","meta":{"_monsterinsights_skip_tracking":false,"_monsterinsights_sitenote_active":false,"_monsterinsights_sitenote_note":"","_monsterinsights_sitenote_category":0,"generate_page_header":"","footnotes":""},"class_list":["post-754","page","type-page","status-publish","has-post-thumbnail"],"_links":{"self":[{"href":"https:\/\/fruit-group.net\/en_GB\/wp-json\/wp\/v2\/pages\/754","targetHints":{"allow":["GET"]}}],"collection":[{"href":"https:\/\/fruit-group.net\/en_GB\/wp-json\/wp\/v2\/pages"}],"about":[{"href":"https:\/\/fruit-group.net\/en_GB\/wp-json\/wp\/v2\/types\/page"}],"author":[{"embeddable":true,"href":"https:\/\/fruit-group.net\/en_GB\/wp-json\/wp\/v2\/users\/1"}],"replies":[{"embeddable":true,"href":"https:\/\/fruit-group.net\/en_GB\/wp-json\/wp\/v2\/comments?post=754"}],"version-history":[{"count":5,"href":"https:\/\/fruit-group.net\/en_GB\/wp-json\/wp\/v2\/pages\/754\/revisions"}],"predecessor-version":[{"id":1057,"href":"https:\/\/fruit-group.net\/en_GB\/wp-json\/wp\/v2\/pages\/754\/revisions\/1057"}],"up":[{"embeddable":true,"href":"https:\/\/fruit-group.net\/en_GB\/wp-json\/wp\/v2\/pages\/266"}],"wp:featuredmedia":[{"embeddable":true,"href":"https:\/\/fruit-group.net\/en_GB\/wp-json\/wp\/v2\/media\/82"}],"wp:attachment":[{"href":"https:\/\/fruit-group.net\/en_GB\/wp-json\/wp\/v2\/media?parent=754"}],"curies":[{"name":"wp","href":"https:\/\/api.w.org\/{rel}","templated":true}]}}