{"id":750,"date":"2021-05-08T01:03:31","date_gmt":"2021-05-07T23:03:31","guid":{"rendered":"https:\/\/fruit-group.net\/?page_id=750"},"modified":"2021-05-30T13:46:22","modified_gmt":"2021-05-30T11:46:22","slug":"banana-puree","status":"publish","type":"page","link":"https:\/\/fruit-group.net\/en_GB\/bulk\/banana-puree\/","title":{"rendered":"Banana Puree"},"content":{"rendered":"\n<div class=\"wp-block-group\"><div class=\"wp-block-group__inner-container is-layout-flow wp-block-group-is-layout-flow\">\n<div class=\"wp-block-getwid-icon-box go-page-back getwid-animation has-icon-left has-text-left\" data-animation=\"slideLeft\"><div style=\"margin-top:0px;margin-bottom:0px;margin-left:0px;margin-right:0px\" class=\"wp-block-getwid-icon-box__icon-container is-position-middle\"><a href=\"javascript: history.go(-1)\" rel=\"\" class=\"wp-block-getwid-icon-box__icon-wrapper\" style=\"font-size:22px;padding:0px\"><i class=\"fas fa-angle-double-left\"><\/i><\/a><\/div><div class=\"wp-block-getwid-icon-box__content\">\n<p><a href=\"javascript: history.go(-1)\">Zur\u00fcck<\/a><\/p>\n<\/div><\/div>\n<\/div><\/div>\n\n\n\n<div class=\"wp-block-group\"><div class=\"wp-block-group__inner-container is-layout-flow wp-block-group-is-layout-flow\">\n<div class=\"wp-block-columns is-layout-flex wp-container-core-columns-is-layout-9d6595d7 wp-block-columns-is-layout-flex\">\n<div class=\"wp-block-column is-layout-flow wp-block-column-is-layout-flow\">\n<h2 class=\"wp-block-heading\">Bananenp\u00fcree<\/h2>\n\n\n\n<p>Das Produkt wird aus Cavendish-Bananen hergestellt, die im reifen Zustand optimal verarbeitet sind. Sie sind daher frei von Krankheiten, Schimmel, F\u00e4ulnis oder Schale. Unsere Bananenp\u00fcrees werden in unserer eigenen kolumbianischen Fabrik hergestellt, wo wir auch Zugang zu unseren eigenen Bananenplantagen haben.<\/p>\n<\/div>\n\n\n\n<div class=\"wp-block-column is-vertically-aligned-bottom is-layout-flow wp-block-column-is-layout-flow\">\n<div class=\"wp-block-columns is-layout-flex wp-container-core-columns-is-layout-9d6595d7 wp-block-columns-is-layout-flex\">\n<div class=\"wp-block-column is-layout-flow wp-block-column-is-layout-flow\">\n<div class=\"wp-block-image prod-ico eis-icon cus-ico\"><figure class=\"aligncenter size-large is-resized\"><img loading=\"lazy\" decoding=\"async\" src=\"https:\/\/fruit-group.net\/wp-content\/uploads\/2021\/04\/Conventional.png\" alt=\"\" class=\"wp-image-654\" width=\"90\" height=\"90\" srcset=\"https:\/\/fruit-group.net\/wp-content\/uploads\/2021\/04\/Conventional.png 512w, https:\/\/fruit-group.net\/wp-content\/uploads\/2021\/04\/Conventional-300x300.png 300w, https:\/\/fruit-group.net\/wp-content\/uploads\/2021\/04\/Conventional-150x150.png 150w\" sizes=\"auto, (max-width: 90px) 100vw, 90px\" \/><\/figure><\/div>\n\n\n\n<p class=\"has-text-align-center font-yellow\">Conventional<\/p>\n<\/div>\n\n\n\n<div class=\"wp-block-column is-layout-flow wp-block-column-is-layout-flow\">\n<div class=\"wp-block-image prod-ico ban-icon cus-ico\"><figure class=\"aligncenter size-large is-resized\"><img loading=\"lazy\" decoding=\"async\" src=\"https:\/\/fruit-group.net\/wp-content\/uploads\/2021\/04\/Organic.png\" alt=\"\" class=\"wp-image-652\" width=\"90\" height=\"90\" srcset=\"https:\/\/fruit-group.net\/wp-content\/uploads\/2021\/04\/Organic.png 512w, https:\/\/fruit-group.net\/wp-content\/uploads\/2021\/04\/Organic-300x300.png 300w, https:\/\/fruit-group.net\/wp-content\/uploads\/2021\/04\/Organic-150x150.png 150w\" sizes=\"auto, (max-width: 90px) 100vw, 90px\" \/><\/figure><\/div>\n\n\n\n<p class=\"has-text-align-center font-green\">Organic<\/p>\n<\/div>\n\n\n\n<div class=\"wp-block-column is-layout-flow wp-block-column-is-layout-flow\">\n<div class=\"wp-block-image prod-ico fla-icon cus-ico\"><figure class=\"aligncenter size-large is-resized\"><img loading=\"lazy\" decoding=\"async\" src=\"https:\/\/fruit-group.net\/wp-content\/uploads\/2021\/04\/BabyFood.png\" alt=\"\" class=\"wp-image-653\" width=\"90\" height=\"90\" srcset=\"https:\/\/fruit-group.net\/wp-content\/uploads\/2021\/04\/BabyFood.png 512w, https:\/\/fruit-group.net\/wp-content\/uploads\/2021\/04\/BabyFood-300x300.png 300w, https:\/\/fruit-group.net\/wp-content\/uploads\/2021\/04\/BabyFood-150x150.png 150w\" sizes=\"auto, (max-width: 90px) 100vw, 90px\" \/><\/figure><\/div>\n\n\n\n<p class=\"has-text-align-center font-orange\">Baby Food<\/p>\n<\/div>\n<\/div>\n<\/div>\n<\/div>\n\n\n\n<div class=\"wp-block-columns is-layout-flex wp-container-core-columns-is-layout-9d6595d7 wp-block-columns-is-layout-flex\">\n<div class=\"wp-block-column is-vertically-aligned-center is-layout-flow wp-block-column-is-layout-flow\" style=\"flex-basis:33.33%\">\n<figure class=\"wp-block-image size-large product-img\"><img loading=\"lazy\" decoding=\"async\" width=\"510\" height=\"510\" src=\"https:\/\/fruit-group.net\/wp-content\/uploads\/2021\/03\/Info-Bulk-Banane.png\" alt=\"\" class=\"wp-image-111\" srcset=\"https:\/\/fruit-group.net\/wp-content\/uploads\/2021\/03\/Info-Bulk-Banane.png 510w, https:\/\/fruit-group.net\/wp-content\/uploads\/2021\/03\/Info-Bulk-Banane-300x300.png 300w, https:\/\/fruit-group.net\/wp-content\/uploads\/2021\/03\/Info-Bulk-Banane-150x150.png 150w\" sizes=\"auto, (max-width: 510px) 100vw, 510px\" \/><\/figure>\n<\/div>\n\n\n\n<div class=\"wp-block-column is-vertically-aligned-center is-layout-flow wp-block-column-is-layout-flow\" style=\"flex-basis:66.66%\">\n<p><strong>Bananen-Typen:<\/strong><\/p>\n\n\n\n<p><strong>Banane Konventionell<\/strong><br>Bananenp\u00fcree, aseptisch &#8211; ohne Zusatzstoffe, mit Vitamin C oder ges\u00e4uert<br>Bananenp\u00fcree mit Samen mit Vitamin C und ges\u00e4uert&nbsp;&nbsp;&nbsp;&nbsp;&nbsp;<\/p>\n\n\n\n<p><strong>Bananenp\u00fcree Babynahrung<br><\/strong>Bananenp\u00fcree, aseptisch &#8211; ohne Zusatzstoffe mit Vitamin C. Bananenp\u00fcree, aseptisch mit Vitamin C.<\/p>\n\n\n\n<p>Das Produkt wird aus Cavendish-Bananen hergestellt, die unter kontrollierten Bedingungen f\u00fcr Babynahrung angebaut werden. Sie entsprechen den strengen Richtlinien f\u00fcr Babynahrung in Europa und den USA. Sie sind optimal im Reifegrad verarbeitet und frei von Krankheiten, Schimmel, F\u00e4ulnis oder Schale. Die Herkunft der Bananen ist Costa Rica oder Kolumbien.<\/p>\n\n\n\n<p><strong>Bio Banane<br><\/strong>Bananenp\u00fcree, aseptisch &#8211; ohne Zusatzstoffe mit Vitamin C. Bananenp\u00fcree, aseptisch mit Vitamin C. Das Produkt wird aus Cavendish-Bananen hergestellt, die unter kontrollierten Bedingungen f\u00fcr Babynahrung angebaut werden. Sie entsprechen den strengen Richtlinien f\u00fcr Babynahrung in Europa und den USA. Sie sind optimal im Reifegrad verarbeitet und frei von Krankheiten, Schimmel, F\u00e4ulnis oder Schale. Der Ursprung der Bananen liegt in unserer Fabrik in Kolumbien.<\/p>\n<\/div>\n<\/div>\n\n\n\n<div class=\"wp-block-columns is-layout-flex wp-container-core-columns-is-layout-9d6595d7 wp-block-columns-is-layout-flex\">\n<div class=\"wp-block-column is-layout-flow wp-block-column-is-layout-flow\">\n<p>Verpackung:<br>55 gal (230 kg\/507 lb) Sack im Karton.<br>55 gal (230 kg\/507 lb) Sack im konischen Fass.<br>240 gal (1000 kg \/ 2205 lb) Sack im Beh\u00e4lter.<\/p>\n\n\n\n<p>Herkunft: Kolumbien<\/p>\n\n\n\n<p>Erntezeit: Das ganze Jahr \u00fcber ernten<\/p>\n<\/div>\n<\/div>\n<\/div><\/div>\n","protected":false},"excerpt":{"rendered":"<p>Banana Puree The product is made from Cavendish bananas that are optimally processed when ripe.\u00a0They are therefore free from diseases, mold, rot or peel.\u00a0Our Banana Purees are been made in our own Columbian factory where we also have access to our own Banana plantations. Conventional Organic Baby Food Banana Types: Banana ConventionalBanana puree, aseptic &#8211; &#8230; <\/p>\n<p class=\"read-more-container\"><a title=\"Banana Puree\" class=\"read-more button\" href=\"https:\/\/fruit-group.net\/en_GB\/bulk\/banana-puree\/#more-750\">Read more<span class=\"screen-reader-text\">Banana Puree<\/span><\/a><\/p>\n","protected":false},"author":1,"featured_media":82,"parent":266,"menu_order":0,"comment_status":"closed","ping_status":"closed","template":"","meta":{"_monsterinsights_skip_tracking":false,"_monsterinsights_sitenote_active":false,"_monsterinsights_sitenote_note":"","_monsterinsights_sitenote_category":0,"generate_page_header":"","footnotes":""},"class_list":["post-750","page","type-page","status-publish","has-post-thumbnail"],"_links":{"self":[{"href":"https:\/\/fruit-group.net\/en_GB\/wp-json\/wp\/v2\/pages\/750","targetHints":{"allow":["GET"]}}],"collection":[{"href":"https:\/\/fruit-group.net\/en_GB\/wp-json\/wp\/v2\/pages"}],"about":[{"href":"https:\/\/fruit-group.net\/en_GB\/wp-json\/wp\/v2\/types\/page"}],"author":[{"embeddable":true,"href":"https:\/\/fruit-group.net\/en_GB\/wp-json\/wp\/v2\/users\/1"}],"replies":[{"embeddable":true,"href":"https:\/\/fruit-group.net\/en_GB\/wp-json\/wp\/v2\/comments?post=750"}],"version-history":[{"count":5,"href":"https:\/\/fruit-group.net\/en_GB\/wp-json\/wp\/v2\/pages\/750\/revisions"}],"predecessor-version":[{"id":1049,"href":"https:\/\/fruit-group.net\/en_GB\/wp-json\/wp\/v2\/pages\/750\/revisions\/1049"}],"up":[{"embeddable":true,"href":"https:\/\/fruit-group.net\/en_GB\/wp-json\/wp\/v2\/pages\/266"}],"wp:featuredmedia":[{"embeddable":true,"href":"https:\/\/fruit-group.net\/en_GB\/wp-json\/wp\/v2\/media\/82"}],"wp:attachment":[{"href":"https:\/\/fruit-group.net\/en_GB\/wp-json\/wp\/v2\/media?parent=750"}],"curies":[{"name":"wp","href":"https:\/\/api.w.org\/{rel}","templated":true}]}}