{"id":744,"date":"2021-05-08T01:01:51","date_gmt":"2021-05-07T23:01:51","guid":{"rendered":"https:\/\/fruit-group.net\/?page_id=744"},"modified":"2021-05-30T12:22:54","modified_gmt":"2021-05-30T10:22:54","slug":"pomegranate-juice","status":"publish","type":"page","link":"https:\/\/fruit-group.net\/en_GB\/bulk\/pomegranate-juice\/","title":{"rendered":"Pomegranate Juice"},"content":{"rendered":"\n<div class=\"wp-block-group\"><div class=\"wp-block-group__inner-container is-layout-flow wp-block-group-is-layout-flow\">\n<div class=\"wp-block-getwid-icon-box go-page-back getwid-animation has-icon-left has-text-left\" data-animation=\"slideLeft\"><div style=\"margin-top:0px;margin-bottom:0px;margin-left:0px;margin-right:0px\" class=\"wp-block-getwid-icon-box__icon-container is-position-middle\"><a href=\"javascript: history.go(-1)\" rel=\"\" class=\"wp-block-getwid-icon-box__icon-wrapper\" style=\"font-size:22px;padding:0px\"><i class=\"fas fa-angle-double-left\"><\/i><\/a><\/div><div class=\"wp-block-getwid-icon-box__content\">\n<p><a href=\"javascript: history.go(-1)\">Zur\u00fcck<\/a><\/p>\n<\/div><\/div>\n<\/div><\/div>\n\n\n\n<div class=\"wp-block-group\"><div class=\"wp-block-group__inner-container is-layout-flow wp-block-group-is-layout-flow\">\n<div class=\"wp-block-columns is-layout-flex wp-container-core-columns-is-layout-9d6595d7 wp-block-columns-is-layout-flex\">\n<div class=\"wp-block-column is-layout-flow wp-block-column-is-layout-flow\">\n<h2 class=\"wp-block-heading\">Granatapfel-Saft<\/h2>\n\n\n\n<p>Der Granatapfel ist eine Frucht, die in Westasien, dem Mittelmeerraum und anderen Teilen der Welt angebaut wird. Seit der Antike wird sein Verzehr mit zahlreichen gesundheitlichen Vorteilen wie antioxidativen, antimikrobiellen und entz\u00fcndungshemmenden Eigenschaften in Verbindung gebracht.<\/p>\n<\/div>\n\n\n\n<div class=\"wp-block-column is-vertically-aligned-bottom is-layout-flow wp-block-column-is-layout-flow\">\n<div class=\"wp-block-columns is-layout-flex wp-container-core-columns-is-layout-9d6595d7 wp-block-columns-is-layout-flex\">\n<div class=\"wp-block-column is-layout-flow wp-block-column-is-layout-flow\">\n<p class=\"has-text-align-center font-yellow\"><\/p>\n<\/div>\n\n\n\n<div class=\"wp-block-column is-layout-flow wp-block-column-is-layout-flow\">\n<p class=\"has-text-align-center font-green\"><\/p>\n<\/div>\n\n\n\n<div class=\"wp-block-column is-layout-flow wp-block-column-is-layout-flow\">\n<p class=\"has-text-align-center font-orange\"><\/p>\n<\/div>\n<\/div>\n<\/div>\n<\/div>\n\n\n\n<div class=\"wp-block-columns is-layout-flex wp-container-core-columns-is-layout-9d6595d7 wp-block-columns-is-layout-flex\">\n<div class=\"wp-block-column is-layout-flow wp-block-column-is-layout-flow\" style=\"flex-basis:33.33%\">\n<figure class=\"wp-block-image size-large product-img\"><img loading=\"lazy\" decoding=\"async\" width=\"510\" height=\"510\" src=\"https:\/\/fruit-group.net\/wp-content\/uploads\/2021\/03\/Info-Bulk-Pomegranate.png\" alt=\"\" class=\"wp-image-122\" srcset=\"https:\/\/fruit-group.net\/wp-content\/uploads\/2021\/03\/Info-Bulk-Pomegranate.png 510w, https:\/\/fruit-group.net\/wp-content\/uploads\/2021\/03\/Info-Bulk-Pomegranate-300x300.png 300w, https:\/\/fruit-group.net\/wp-content\/uploads\/2021\/03\/Info-Bulk-Pomegranate-150x150.png 150w\" sizes=\"auto, (max-width: 510px) 100vw, 510px\" \/><\/figure>\n<\/div>\n\n\n\n<div class=\"wp-block-column is-vertically-aligned-center is-layout-flow wp-block-column-is-layout-flow\" style=\"flex-basis:66.66%\">\n<p>Der konzentrierte Saft wird durch Waschen\/Sortieren hergestellt, die Granat\u00e4pfel werden entkernt, gepresst, gesiebt und mit Enzymen behandelt, um die Kl\u00e4rung des Saftes zu gew\u00e4hrleisten. Anschlie\u00dfend wird der Saft durch thermische Verdampfung gekl\u00e4rt, gefiltert und konzentriert. Die Konzentrate werden in aseptischen Beuteln in einem 270Kg Stahlfass verpackt und bei 0,5 Grad Celsius gelagert.<\/p>\n<\/div>\n<\/div>\n\n\n\n<div class=\"wp-block-columns is-layout-flex wp-container-core-columns-is-layout-9d6595d7 wp-block-columns-is-layout-flex\">\n<div class=\"wp-block-column is-layout-flow wp-block-column-is-layout-flow\">\n<p>Verpackung: Im aseptischen Beutel im Stahlfass. Nettogewicht 200 Kg <\/p>\n\n\n\n<p>Herkunft: T\u00fcrkei und \u00c4gypten<\/p>\n\n\n\n<p>Erntezeit:<br>T\u00fcrkei: Oktober bis November<br>\u00c4gypten: Juni bis Ende Juli<\/p>\n<\/div>\n<\/div>\n<\/div><\/div>\n","protected":false},"excerpt":{"rendered":"<p>Pomegranate Juice Pomegranate is a fruit that is cultivated in West Asia, the Mediterranean region and other parts of the world. Since ancient years, its consumption has been associated with numerous health benefits such as antioxidative, antimicrobial and anti-inflammatory properties. The concentrated juice is manufactured by washing\/grading, the pomegranates are deseeded, pressed, sieved and treated &#8230; <\/p>\n<p class=\"read-more-container\"><a title=\"Pomegranate Juice\" class=\"read-more button\" href=\"https:\/\/fruit-group.net\/en_GB\/bulk\/pomegranate-juice\/#more-744\">Read more<span class=\"screen-reader-text\">Pomegranate Juice<\/span><\/a><\/p>\n","protected":false},"author":1,"featured_media":82,"parent":266,"menu_order":0,"comment_status":"closed","ping_status":"closed","template":"","meta":{"_monsterinsights_skip_tracking":false,"_monsterinsights_sitenote_active":false,"_monsterinsights_sitenote_note":"","_monsterinsights_sitenote_category":0,"generate_page_header":"","footnotes":""},"class_list":["post-744","page","type-page","status-publish","has-post-thumbnail"],"_links":{"self":[{"href":"https:\/\/fruit-group.net\/en_GB\/wp-json\/wp\/v2\/pages\/744","targetHints":{"allow":["GET"]}}],"collection":[{"href":"https:\/\/fruit-group.net\/en_GB\/wp-json\/wp\/v2\/pages"}],"about":[{"href":"https:\/\/fruit-group.net\/en_GB\/wp-json\/wp\/v2\/types\/page"}],"author":[{"embeddable":true,"href":"https:\/\/fruit-group.net\/en_GB\/wp-json\/wp\/v2\/users\/1"}],"replies":[{"embeddable":true,"href":"https:\/\/fruit-group.net\/en_GB\/wp-json\/wp\/v2\/comments?post=744"}],"version-history":[{"count":5,"href":"https:\/\/fruit-group.net\/en_GB\/wp-json\/wp\/v2\/pages\/744\/revisions"}],"predecessor-version":[{"id":1039,"href":"https:\/\/fruit-group.net\/en_GB\/wp-json\/wp\/v2\/pages\/744\/revisions\/1039"}],"up":[{"embeddable":true,"href":"https:\/\/fruit-group.net\/en_GB\/wp-json\/wp\/v2\/pages\/266"}],"wp:featuredmedia":[{"embeddable":true,"href":"https:\/\/fruit-group.net\/en_GB\/wp-json\/wp\/v2\/media\/82"}],"wp:attachment":[{"href":"https:\/\/fruit-group.net\/en_GB\/wp-json\/wp\/v2\/media?parent=744"}],"curies":[{"name":"wp","href":"https:\/\/api.w.org\/{rel}","templated":true}]}}