{"id":742,"date":"2021-05-09T23:46:25","date_gmt":"2021-05-09T21:46:25","guid":{"rendered":"https:\/\/fruit-group.net\/?page_id=742"},"modified":"2021-05-30T11:56:39","modified_gmt":"2021-05-30T09:56:39","slug":"pineapple-juice-concentrate","status":"publish","type":"page","link":"https:\/\/fruit-group.net\/en_GB\/bulk\/pineapple-juice-concentrate\/","title":{"rendered":"Pineapple Juice Concentrate"},"content":{"rendered":"\n<div class=\"wp-block-group\"><div class=\"wp-block-group__inner-container is-layout-flow wp-block-group-is-layout-flow\">\n<div class=\"wp-block-getwid-icon-box go-page-back getwid-animation has-icon-left has-text-left\" data-animation=\"slideLeft\"><div style=\"margin-top:0px;margin-bottom:0px;margin-left:0px;margin-right:0px\" class=\"wp-block-getwid-icon-box__icon-container is-position-middle\"><a href=\"javascript: history.go(-1)\" rel=\"\" class=\"wp-block-getwid-icon-box__icon-wrapper\" style=\"font-size:22px;padding:0px\"><i class=\"fas fa-angle-double-left\"><\/i><\/a><\/div><div class=\"wp-block-getwid-icon-box__content\">\n<p><a href=\"javascript: history.go(-1)\">Zur\u00fcck<\/a><\/p>\n<\/div><\/div>\n<\/div><\/div>\n\n\n\n<div class=\"wp-block-group\"><div class=\"wp-block-group__inner-container is-layout-flow wp-block-group-is-layout-flow\">\n<div class=\"wp-block-columns is-layout-flex wp-container-core-columns-is-layout-9d6595d7 wp-block-columns-is-layout-flex\">\n<div class=\"wp-block-column is-layout-flow wp-block-column-is-layout-flow\">\n<h2 class=\"wp-block-heading\">Ananassaft-Konzentrat<\/h2>\n\n\n\n<p>Ananas (Ananas comosus) ist eine essbare tropische Pflanze und ist eine der kommerziell wichtigsten Pflanzen. Ananas ist angereichert mit N\u00e4hrstoffen, Antioxidantien und anderen hilfreichen Verbindungen, wie Ballaststoffen und Enzymen, die Entz\u00fcndungen bek\u00e4mpfen, Herzerkrankungen und Krebs vorbeugen k\u00f6nnen, und ist reich an Vitamin C, das hilft, das Immunsystem zu st\u00e4rken.<\/p>\n<\/div>\n\n\n\n<div class=\"wp-block-column is-vertically-aligned-bottom is-layout-flow wp-block-column-is-layout-flow\">\n<div class=\"wp-block-columns is-layout-flex wp-container-core-columns-is-layout-9d6595d7 wp-block-columns-is-layout-flex\">\n<div class=\"wp-block-column is-layout-flow wp-block-column-is-layout-flow\">\n<p class=\"has-text-align-center font-yellow\"><\/p>\n<\/div>\n\n\n\n<div class=\"wp-block-column is-layout-flow wp-block-column-is-layout-flow\">\n<p class=\"has-text-align-center font-green\"><\/p>\n<\/div>\n\n\n\n<div class=\"wp-block-column is-layout-flow wp-block-column-is-layout-flow\">\n<p class=\"has-text-align-center font-orange\"><\/p>\n<\/div>\n<\/div>\n<\/div>\n<\/div>\n\n\n\n<div class=\"wp-block-columns is-layout-flex wp-container-core-columns-is-layout-9d6595d7 wp-block-columns-is-layout-flex\">\n<div class=\"wp-block-column is-layout-flow wp-block-column-is-layout-flow\" style=\"flex-basis:33.33%\">\n<figure class=\"wp-block-image size-large is-resized product-img\"><img loading=\"lazy\" decoding=\"async\" src=\"https:\/\/fruit-group.net\/wp-content\/uploads\/2021\/03\/Info-Bulk-Ananas.png\" alt=\"\" class=\"wp-image-107\" width=\"383\" height=\"383\" srcset=\"https:\/\/fruit-group.net\/wp-content\/uploads\/2021\/03\/Info-Bulk-Ananas.png 510w, https:\/\/fruit-group.net\/wp-content\/uploads\/2021\/03\/Info-Bulk-Ananas-300x300.png 300w, https:\/\/fruit-group.net\/wp-content\/uploads\/2021\/03\/Info-Bulk-Ananas-150x150.png 150w\" sizes=\"auto, (max-width: 383px) 100vw, 383px\" \/><\/figure>\n<\/div>\n\n\n\n<div class=\"wp-block-column is-vertically-aligned-center is-layout-flow wp-block-column-is-layout-flow\" style=\"flex-basis:66.66%\">\n<p>Das Produkt stammt aus Ananas bester Qualit\u00e4t, die gem\u00e4\u00df dem AIJN Code of Practice mit einem hohen Ma\u00df an Lebensmittelsicherheit verarbeitet wird. Durch die hohen Qualit\u00e4tsnormen bleiben der Geruch und der Geschmack dieser brillanten Ananas erhalten.<\/p>\n<\/div>\n<\/div>\n\n\n\n<div class=\"wp-block-columns is-layout-flex wp-container-core-columns-is-layout-9d6595d7 wp-block-columns-is-layout-flex\">\n<div class=\"wp-block-column is-layout-flow wp-block-column-is-layout-flow\">\n<p>Verpackung: 270 kg Stahlf\u00e4sser mit mehrlagigem Aseptikbeutel 80 F\u00e4sser in 20&#8242; Dry <\/p>\n\n\n\n<p>Herkunft: Kenia, Costa Rica, Thailand, Philippinen und Guatemala<\/p>\n\n\n\n<p>Erntezeit:<br>Kenia: Ganzj\u00e4hrig &#8211; Pfl\u00fccksaison Januar-Juni und September-Dezember<br>Costa Rica: Ganzj\u00e4hrig &#8211; Hauptsaison M\u00e4rz \u2013 Juli<br>Thailand: Sommer von Juni bis September und Winter von November bis Januar<br>Philippinen: Sommer von Juni bis September und Winter von November bis Januar<br>Guatemala: Das ganze Jahr \u00fcber &#8211; Hauptsaison M\u00e4rz &#8211; Juli<\/p>\n<\/div>\n<\/div>\n<\/div><\/div>\n","protected":false},"excerpt":{"rendered":"<p>Pineapple Juice Concentrate Pineapple (Ananas comosus) is an edible tropical plant and is one of the most commercially important plants. Pineapple is enriched with nutrients, antioxidants and other helpful compounds, such as fiber and enzymes that can fight inflammation, heart disease and to prevent cancer and its rich in Vitamin C that helps to boost &#8230; <\/p>\n<p class=\"read-more-container\"><a title=\"Pineapple Juice Concentrate\" class=\"read-more button\" href=\"https:\/\/fruit-group.net\/en_GB\/bulk\/pineapple-juice-concentrate\/#more-742\">Read more<span class=\"screen-reader-text\">Pineapple Juice Concentrate<\/span><\/a><\/p>\n","protected":false},"author":1,"featured_media":82,"parent":266,"menu_order":0,"comment_status":"closed","ping_status":"closed","template":"","meta":{"_monsterinsights_skip_tracking":false,"_monsterinsights_sitenote_active":false,"_monsterinsights_sitenote_note":"","_monsterinsights_sitenote_category":0,"generate_page_header":"","footnotes":""},"class_list":["post-742","page","type-page","status-publish","has-post-thumbnail"],"_links":{"self":[{"href":"https:\/\/fruit-group.net\/en_GB\/wp-json\/wp\/v2\/pages\/742","targetHints":{"allow":["GET"]}}],"collection":[{"href":"https:\/\/fruit-group.net\/en_GB\/wp-json\/wp\/v2\/pages"}],"about":[{"href":"https:\/\/fruit-group.net\/en_GB\/wp-json\/wp\/v2\/types\/page"}],"author":[{"embeddable":true,"href":"https:\/\/fruit-group.net\/en_GB\/wp-json\/wp\/v2\/users\/1"}],"replies":[{"embeddable":true,"href":"https:\/\/fruit-group.net\/en_GB\/wp-json\/wp\/v2\/comments?post=742"}],"version-history":[{"count":5,"href":"https:\/\/fruit-group.net\/en_GB\/wp-json\/wp\/v2\/pages\/742\/revisions"}],"predecessor-version":[{"id":998,"href":"https:\/\/fruit-group.net\/en_GB\/wp-json\/wp\/v2\/pages\/742\/revisions\/998"}],"up":[{"embeddable":true,"href":"https:\/\/fruit-group.net\/en_GB\/wp-json\/wp\/v2\/pages\/266"}],"wp:featuredmedia":[{"embeddable":true,"href":"https:\/\/fruit-group.net\/en_GB\/wp-json\/wp\/v2\/media\/82"}],"wp:attachment":[{"href":"https:\/\/fruit-group.net\/en_GB\/wp-json\/wp\/v2\/media?parent=742"}],"curies":[{"name":"wp","href":"https:\/\/api.w.org\/{rel}","templated":true}]}}