{"id":739,"date":"2021-05-08T00:59:31","date_gmt":"2021-05-07T22:59:31","guid":{"rendered":"https:\/\/fruit-group.net\/?page_id=739"},"modified":"2021-05-30T12:13:52","modified_gmt":"2021-05-30T10:13:52","slug":"orange-juice","status":"publish","type":"page","link":"https:\/\/fruit-group.net\/en_GB\/bulk\/orange-juice\/","title":{"rendered":"Orange Juice"},"content":{"rendered":"\n<div class=\"wp-block-group\"><div class=\"wp-block-group__inner-container is-layout-flow wp-block-group-is-layout-flow\">\n<div class=\"wp-block-getwid-icon-box go-page-back getwid-animation has-icon-left has-text-left\" data-animation=\"slideLeft\"><div style=\"margin-top:0px;margin-bottom:0px;margin-left:0px;margin-right:0px\" class=\"wp-block-getwid-icon-box__icon-container is-position-middle\"><a href=\"javascript: history.go(-1)\" rel=\"\" class=\"wp-block-getwid-icon-box__icon-wrapper\" style=\"font-size:22px;padding:0px\"><i class=\"fas fa-angle-double-left\"><\/i><\/a><\/div><div class=\"wp-block-getwid-icon-box__content\">\n<p><a href=\"javascript: history.go(-1)\">Zur\u00fcck<\/a><\/p>\n<\/div><\/div>\n<\/div><\/div>\n\n\n\n<div class=\"wp-block-group\"><div class=\"wp-block-group__inner-container is-layout-flow wp-block-group-is-layout-flow\">\n<div class=\"wp-block-columns is-layout-flex wp-container-core-columns-is-layout-9d6595d7 wp-block-columns-is-layout-flex\">\n<div class=\"wp-block-column is-layout-flow wp-block-column-is-layout-flow\">\n<h2 class=\"wp-block-heading\">Orangensaft<\/h2>\n\n\n\n<p>Orangensaft ist auf der ganzen Welt beliebt. Er ist von Natur aus reich an lebenswichtigen N\u00e4hrstoffen, wie Vitamin C und Kalium. Au\u00dferdem sind kommerzielle Sorten oft mit Kalzium und Vitamin D angereichert.<\/p>\n<\/div>\n\n\n\n<div class=\"wp-block-column is-vertically-aligned-bottom is-layout-flow wp-block-column-is-layout-flow\">\n<div class=\"wp-block-columns is-layout-flex wp-container-core-columns-is-layout-9d6595d7 wp-block-columns-is-layout-flex\">\n<div class=\"wp-block-column is-layout-flow wp-block-column-is-layout-flow\">\n<p class=\"has-text-align-center font-yellow\"><\/p>\n<\/div>\n\n\n\n<div class=\"wp-block-column is-layout-flow wp-block-column-is-layout-flow\">\n<p class=\"has-text-align-center font-green\"><\/p>\n<\/div>\n\n\n\n<div class=\"wp-block-column is-layout-flow wp-block-column-is-layout-flow\">\n<p class=\"has-text-align-center font-orange\"><\/p>\n<\/div>\n<\/div>\n<\/div>\n<\/div>\n\n\n\n<div class=\"wp-block-columns is-layout-flex wp-container-core-columns-is-layout-9d6595d7 wp-block-columns-is-layout-flex\">\n<div class=\"wp-block-column is-layout-flow wp-block-column-is-layout-flow\" style=\"flex-basis:33.33%\">\n<figure class=\"wp-block-image size-large product-img\"><img loading=\"lazy\" decoding=\"async\" width=\"510\" height=\"510\" src=\"https:\/\/fruit-group.net\/wp-content\/uploads\/2021\/03\/Info-Bulk-Orange.png\" alt=\"\" class=\"wp-image-118\" srcset=\"https:\/\/fruit-group.net\/wp-content\/uploads\/2021\/03\/Info-Bulk-Orange.png 510w, https:\/\/fruit-group.net\/wp-content\/uploads\/2021\/03\/Info-Bulk-Orange-300x300.png 300w, https:\/\/fruit-group.net\/wp-content\/uploads\/2021\/03\/Info-Bulk-Orange-150x150.png 150w\" sizes=\"auto, (max-width: 510px) 100vw, 510px\" \/><\/figure>\n<\/div>\n\n\n\n<div class=\"wp-block-column is-vertically-aligned-center is-layout-flow wp-block-column-is-layout-flow\" style=\"flex-basis:66.66%\">\n<p>Kommerzieller Orangensaft mit langer Haltbarkeit wird hergestellt, indem der Saft pasteurisiert und der Sauerstoff aus ihm entfernt wird. Dadurch wird ein Gro\u00dfteil des Geschmacks entfernt, was die sp\u00e4tere Zugabe eines Aromapakets erforderlich macht, das in der Regel aus Orangenprodukten hergestellt wird.<\/p>\n\n\n\n<p>Das Produkt wird aus unfermentiertem, nat\u00fcrlichem Saft gewonnen, der durch ein mechanisches Verfahren extrahiert, pasteurisiert und tiefgefroren wird. Es handelt sich um 100% frische, reife und gesunde Orangen, ohne Zusatz von Zucker, Zusatzstoffen und Konservierungsmitteln und ausschlie\u00dflich auf physikalischem Wege haltbar gemacht. <\/p>\n\n\n\n<p>Der gefrorene NFC-Orangensaft ist f\u00fcr die Verwendung als Zutat in der Lebensmittelindustrie und anschlie\u00dfend f\u00fcr die Verbrauchergruppe (\u00e4ltere Menschen, Erwachsene und Kinder) zum direkten Verzehr bestimmt.<\/p>\n<\/div>\n<\/div>\n\n\n\n<div class=\"wp-block-columns is-layout-flex wp-container-core-columns-is-layout-9d6595d7 wp-block-columns-is-layout-flex\">\n<div class=\"wp-block-column is-layout-flow wp-block-column-is-layout-flow\">\n<p>Verpackung: 190 kg Eisenf\u00e4sser mit mehrschichtigem aseptischem PET-Beutel <\/p>\n\n\n\n<p>Herkunft: Brasilien, Spanien<\/p>\n\n\n\n<p>Erntezeit:<br>Brasilien: Juli bis Januar<br>Spanien: Nabel-Sorte November bis Januar, Valencia von November &#8211; Mai<\/p>\n<\/div>\n<\/div>\n<\/div><\/div>\n","protected":false},"excerpt":{"rendered":"<p>Orange Juice Orange juice is enjoyed around the world. It\u2019s naturally high in vital nutrients, such as vitamin C and potassium. Plus, commercial varieties are often enriched with calcium and vitamin D. Commercial orange juice with a long shelf life is made by pasteurizing the juice and removing the oxygen from it. This removes much &#8230; <\/p>\n<p class=\"read-more-container\"><a title=\"Orange Juice\" class=\"read-more button\" href=\"https:\/\/fruit-group.net\/en_GB\/bulk\/orange-juice\/#more-739\">Read more<span class=\"screen-reader-text\">Orange Juice<\/span><\/a><\/p>\n","protected":false},"author":1,"featured_media":82,"parent":266,"menu_order":0,"comment_status":"closed","ping_status":"closed","template":"","meta":{"_monsterinsights_skip_tracking":false,"_monsterinsights_sitenote_active":false,"_monsterinsights_sitenote_note":"","_monsterinsights_sitenote_category":0,"generate_page_header":"","footnotes":""},"class_list":["post-739","page","type-page","status-publish","has-post-thumbnail"],"_links":{"self":[{"href":"https:\/\/fruit-group.net\/en_GB\/wp-json\/wp\/v2\/pages\/739","targetHints":{"allow":["GET"]}}],"collection":[{"href":"https:\/\/fruit-group.net\/en_GB\/wp-json\/wp\/v2\/pages"}],"about":[{"href":"https:\/\/fruit-group.net\/en_GB\/wp-json\/wp\/v2\/types\/page"}],"author":[{"embeddable":true,"href":"https:\/\/fruit-group.net\/en_GB\/wp-json\/wp\/v2\/users\/1"}],"replies":[{"embeddable":true,"href":"https:\/\/fruit-group.net\/en_GB\/wp-json\/wp\/v2\/comments?post=739"}],"version-history":[{"count":6,"href":"https:\/\/fruit-group.net\/en_GB\/wp-json\/wp\/v2\/pages\/739\/revisions"}],"predecessor-version":[{"id":1031,"href":"https:\/\/fruit-group.net\/en_GB\/wp-json\/wp\/v2\/pages\/739\/revisions\/1031"}],"up":[{"embeddable":true,"href":"https:\/\/fruit-group.net\/en_GB\/wp-json\/wp\/v2\/pages\/266"}],"wp:featuredmedia":[{"embeddable":true,"href":"https:\/\/fruit-group.net\/en_GB\/wp-json\/wp\/v2\/media\/82"}],"wp:attachment":[{"href":"https:\/\/fruit-group.net\/en_GB\/wp-json\/wp\/v2\/media?parent=739"}],"curies":[{"name":"wp","href":"https:\/\/api.w.org\/{rel}","templated":true}]}}