{"id":731,"date":"2021-05-08T00:55:15","date_gmt":"2021-05-07T22:55:15","guid":{"rendered":"https:\/\/fruit-group.net\/?page_id=731"},"modified":"2021-05-30T12:06:15","modified_gmt":"2021-05-30T10:06:15","slug":"raspberry-concentrate","status":"publish","type":"page","link":"https:\/\/fruit-group.net\/en_GB\/bulk\/raspberry-concentrate\/","title":{"rendered":"Raspberry Concentrate"},"content":{"rendered":"\n<div class=\"wp-block-group\"><div class=\"wp-block-group__inner-container is-layout-flow wp-block-group-is-layout-flow\">\n<div class=\"wp-block-getwid-icon-box go-page-back getwid-animation has-icon-left has-text-left\" data-animation=\"slideLeft\"><div style=\"margin-top:0px;margin-bottom:0px;margin-left:0px;margin-right:0px\" class=\"wp-block-getwid-icon-box__icon-container is-position-middle\"><a href=\"javascript: history.go(-1)\" rel=\"\" class=\"wp-block-getwid-icon-box__icon-wrapper\" style=\"font-size:22px;padding:0px\"><i class=\"fas fa-angle-double-left\"><\/i><\/a><\/div><div class=\"wp-block-getwid-icon-box__content\">\n<p><a href=\"javascript: history.go(-1)\">Zur\u00fcck<\/a><\/p>\n<\/div><\/div>\n<\/div><\/div>\n\n\n\n<div class=\"wp-block-group\"><div class=\"wp-block-group__inner-container is-layout-flow wp-block-group-is-layout-flow\">\n<div class=\"wp-block-columns is-layout-flex wp-container-core-columns-is-layout-9d6595d7 wp-block-columns-is-layout-flex\">\n<div class=\"wp-block-column is-layout-flow wp-block-column-is-layout-flow\">\n<h2 class=\"wp-block-heading\">Himbeerkonzentrat &#8211; s\u00fc\u00df\/sauer<\/h2>\n\n\n\n<p>Eine gute Quelle f\u00fcr Vitamin K und Magnesium, und eine sehr gute Quelle f\u00fcr Ballaststoffe, Vitamin C und Mangan. Rote Himbeeren sind aufgrund ihrer ern\u00e4hrungsphysiologischen und funktionellen Vorteile in funktionellen Lebensmitteln beliebt. Dieses Konzentrat ist ein hervorragender Farb- und Geschmacksverst\u00e4rker f\u00fcr Bonbons, gefrorene Neuheiten, Fruchtsnacks, Konfit\u00fcren, Gelees, So\u00dfen und Getr\u00e4nke.<\/p>\n<\/div>\n\n\n\n<div class=\"wp-block-column is-vertically-aligned-bottom is-layout-flow wp-block-column-is-layout-flow\">\n<div class=\"wp-block-columns is-layout-flex wp-container-core-columns-is-layout-9d6595d7 wp-block-columns-is-layout-flex\">\n<div class=\"wp-block-column is-layout-flow wp-block-column-is-layout-flow\">\n<p class=\"has-text-align-center font-yellow\"><\/p>\n<\/div>\n\n\n\n<div class=\"wp-block-column is-layout-flow wp-block-column-is-layout-flow\">\n<p class=\"has-text-align-center font-green\"><\/p>\n<\/div>\n\n\n\n<div class=\"wp-block-column is-layout-flow wp-block-column-is-layout-flow\">\n<p class=\"has-text-align-center font-orange\"><\/p>\n<\/div>\n<\/div>\n<\/div>\n<\/div>\n\n\n\n<div class=\"wp-block-columns is-layout-flex wp-container-core-columns-is-layout-9d6595d7 wp-block-columns-is-layout-flex\">\n<div class=\"wp-block-column is-layout-flow wp-block-column-is-layout-flow\" style=\"flex-basis:33.33%\">\n<figure class=\"wp-block-image size-large product-img\"><img loading=\"lazy\" decoding=\"async\" width=\"340\" height=\"340\" src=\"https:\/\/fruit-group.net\/wp-content\/uploads\/2021\/04\/Raspberry_Bulk.png\" alt=\"\" class=\"wp-image-572\" srcset=\"https:\/\/fruit-group.net\/wp-content\/uploads\/2021\/04\/Raspberry_Bulk.png 340w, https:\/\/fruit-group.net\/wp-content\/uploads\/2021\/04\/Raspberry_Bulk-300x300.png 300w, https:\/\/fruit-group.net\/wp-content\/uploads\/2021\/04\/Raspberry_Bulk-150x150.png 150w\" sizes=\"auto, (max-width: 340px) 100vw, 340px\" \/><\/figure>\n<\/div>\n\n\n\n<div class=\"wp-block-column is-vertically-aligned-center is-layout-flow wp-block-column-is-layout-flow\" style=\"flex-basis:66.66%\">\n<p>Die gefrorenen Himbeerfr\u00fcchte werden einem langsamen Auftauen unterzogen, zerkleinert und entkernt, um Himbeerfruchtfleisch zu erhalten. Der konzentrierte Saft wird einer Enzymolyse unterzogen.<\/p>\n<\/div>\n<\/div>\n\n\n\n<div class=\"wp-block-columns is-layout-flex wp-container-core-columns-is-layout-9d6595d7 wp-block-columns-is-layout-flex\">\n<div class=\"wp-block-column is-layout-flow wp-block-column-is-layout-flow\">\n<p>Verpackung: Aseptischer Beutel im Stahlfass mit einem Nettogewicht von 210 kg <\/p>\n\n\n\n<p>Herkunft: Polen, Spanien, Chile<\/p>\n\n\n\n<p>Erntezeit:<br>Polen: Juni &#8211; Oktober<br>Spanien: Mai &#8211; September <br>Chile: Januar \u2013 Juni<\/p>\n<\/div>\n<\/div>\n<\/div><\/div>\n","protected":false},"excerpt":{"rendered":"<p>Raspberry Concentrate \u2013 Sweet\/Sour A good source of vitamin K and magnesium, and a very good source of dietary fiber, vitamin C and manganese. Red raspberries are popular in functional foods because of their nutritional and functional advantages. This Concentrate makes an excellent color and flavor enhancer for candies, frozen novelties, fruit snacks, jams, jellies, &#8230; <\/p>\n<p class=\"read-more-container\"><a title=\"Raspberry Concentrate\" class=\"read-more button\" href=\"https:\/\/fruit-group.net\/en_GB\/bulk\/raspberry-concentrate\/#more-731\">Read more<span class=\"screen-reader-text\">Raspberry Concentrate<\/span><\/a><\/p>\n","protected":false},"author":1,"featured_media":82,"parent":266,"menu_order":0,"comment_status":"closed","ping_status":"closed","template":"","meta":{"_monsterinsights_skip_tracking":false,"_monsterinsights_sitenote_active":false,"_monsterinsights_sitenote_note":"","_monsterinsights_sitenote_category":0,"generate_page_header":"","footnotes":""},"class_list":["post-731","page","type-page","status-publish","has-post-thumbnail"],"_links":{"self":[{"href":"https:\/\/fruit-group.net\/en_GB\/wp-json\/wp\/v2\/pages\/731","targetHints":{"allow":["GET"]}}],"collection":[{"href":"https:\/\/fruit-group.net\/en_GB\/wp-json\/wp\/v2\/pages"}],"about":[{"href":"https:\/\/fruit-group.net\/en_GB\/wp-json\/wp\/v2\/types\/page"}],"author":[{"embeddable":true,"href":"https:\/\/fruit-group.net\/en_GB\/wp-json\/wp\/v2\/users\/1"}],"replies":[{"embeddable":true,"href":"https:\/\/fruit-group.net\/en_GB\/wp-json\/wp\/v2\/comments?post=731"}],"version-history":[{"count":5,"href":"https:\/\/fruit-group.net\/en_GB\/wp-json\/wp\/v2\/pages\/731\/revisions"}],"predecessor-version":[{"id":1014,"href":"https:\/\/fruit-group.net\/en_GB\/wp-json\/wp\/v2\/pages\/731\/revisions\/1014"}],"up":[{"embeddable":true,"href":"https:\/\/fruit-group.net\/en_GB\/wp-json\/wp\/v2\/pages\/266"}],"wp:featuredmedia":[{"embeddable":true,"href":"https:\/\/fruit-group.net\/en_GB\/wp-json\/wp\/v2\/media\/82"}],"wp:attachment":[{"href":"https:\/\/fruit-group.net\/en_GB\/wp-json\/wp\/v2\/media?parent=731"}],"curies":[{"name":"wp","href":"https:\/\/api.w.org\/{rel}","templated":true}]}}