{"id":727,"date":"2021-05-08T00:54:12","date_gmt":"2021-05-07T22:54:12","guid":{"rendered":"https:\/\/fruit-group.net\/?page_id=727"},"modified":"2021-05-30T12:01:46","modified_gmt":"2021-05-30T10:01:46","slug":"tamarind-puree-concentrate","status":"publish","type":"page","link":"https:\/\/fruit-group.net\/en_GB\/bulk\/tamarind-puree-concentrate\/","title":{"rendered":"Tamarind Puree Concentrate"},"content":{"rendered":"\n<div class=\"wp-block-group\"><div class=\"wp-block-group__inner-container is-layout-flow wp-block-group-is-layout-flow\">\n<div class=\"wp-block-getwid-icon-box go-page-back getwid-animation has-icon-left has-text-left\" data-animation=\"slideLeft\"><div style=\"margin-top:0px;margin-bottom:0px;margin-left:0px;margin-right:0px\" class=\"wp-block-getwid-icon-box__icon-container is-position-middle\"><a href=\"javascript: history.go(-1)\" rel=\"\" class=\"wp-block-getwid-icon-box__icon-wrapper\" style=\"font-size:22px;padding:0px\"><i class=\"fas fa-angle-double-left\"><\/i><\/a><\/div><div class=\"wp-block-getwid-icon-box__content\">\n<p><a href=\"javascript: history.go(-1)\">Zur\u00fcck<\/a><\/p>\n<\/div><\/div>\n<\/div><\/div>\n\n\n\n<div class=\"wp-block-group\"><div class=\"wp-block-group__inner-container is-layout-flow wp-block-group-is-layout-flow\">\n<div class=\"wp-block-columns is-layout-flex wp-container-core-columns-is-layout-9d6595d7 wp-block-columns-is-layout-flex\">\n<div class=\"wp-block-column is-layout-flow wp-block-column-is-layout-flow\">\n<h2 class=\"wp-block-heading\">Tamarindenp\u00fcree-Konzentrat<\/h2>\n\n\n\n<p>Tamarindenkonzentrat wird aus frischen Tamarindenfr\u00fcchten gewonnen, die in den s\u00fcdlichen und \u00f6stlichen Teilen Indiens reichlich wachsen. Neue Ernte wird verwendet, um Frische, Geschmack, nat\u00fcrliche Farbe und lange Haltbarkeit des Produkts zu gew\u00e4hrleisten. Es werden keine F\u00fcllstoffe, k\u00fcnstliche Konservierungsmittel oder Zusatzstoffe verwendet, so dass es 100 % rein, sicher und nat\u00fcrlich ist und sich ganz auf die eigenen Konservierungseigenschaften der Tamarinde (nat\u00fcrliche Weins\u00e4ure) verl\u00e4sst.<\/p>\n<\/div>\n\n\n\n<div class=\"wp-block-column is-vertically-aligned-bottom is-layout-flow wp-block-column-is-layout-flow\">\n<div class=\"wp-block-columns is-layout-flex wp-container-core-columns-is-layout-9d6595d7 wp-block-columns-is-layout-flex\">\n<div class=\"wp-block-column is-layout-flow wp-block-column-is-layout-flow\">\n<p class=\"has-text-align-center font-yellow\"><\/p>\n<\/div>\n\n\n\n<div class=\"wp-block-column is-layout-flow wp-block-column-is-layout-flow\">\n<p class=\"has-text-align-center font-green\"><\/p>\n<\/div>\n\n\n\n<div class=\"wp-block-column is-layout-flow wp-block-column-is-layout-flow\">\n<p class=\"has-text-align-center font-orange\"><\/p>\n<\/div>\n<\/div>\n<\/div>\n<\/div>\n\n\n\n<div class=\"wp-block-columns is-layout-flex wp-container-core-columns-is-layout-9d6595d7 wp-block-columns-is-layout-flex\">\n<div class=\"wp-block-column is-layout-flow wp-block-column-is-layout-flow\" style=\"flex-basis:33.33%\">\n<figure class=\"wp-block-image size-large product-img\"><img loading=\"lazy\" decoding=\"async\" width=\"510\" height=\"510\" src=\"https:\/\/fruit-group.net\/wp-content\/uploads\/2021\/03\/Info-Bulk-Tamarind.png\" alt=\"\" class=\"wp-image-124\" srcset=\"https:\/\/fruit-group.net\/wp-content\/uploads\/2021\/03\/Info-Bulk-Tamarind.png 510w, https:\/\/fruit-group.net\/wp-content\/uploads\/2021\/03\/Info-Bulk-Tamarind-300x300.png 300w, https:\/\/fruit-group.net\/wp-content\/uploads\/2021\/03\/Info-Bulk-Tamarind-150x150.png 150w\" sizes=\"auto, (max-width: 510px) 100vw, 510px\" \/><\/figure>\n<\/div>\n\n\n\n<div class=\"wp-block-column is-vertically-aligned-center is-layout-flow wp-block-column-is-layout-flow\" style=\"flex-basis:66.66%\">\n<p><\/p>\n<\/div>\n<\/div>\n\n\n\n<div class=\"wp-block-columns is-layout-flex wp-container-core-columns-is-layout-9d6595d7 wp-block-columns-is-layout-flex\">\n<div class=\"wp-block-column is-layout-flow wp-block-column-is-layout-flow\">\n<p>Verpackung: Aseptischer Beutel im Stahlfass mit einem Nettogewicht von 270Kg <\/p>\n\n\n\n<p>Herkunft: Indien<\/p>\n\n\n\n<p>Erntezeit: M\u00e4rz bis April<\/p>\n<\/div>\n<\/div>\n<\/div><\/div>\n","protected":false},"excerpt":{"rendered":"<p>Tamarind Puree Concentrate Tamarind Concentrate is extracted from fresh tamarind fruit which grows abundantly in Southern and Eastern parts of India. New crop is used to ensure freshness, flavour, natural colour and long shelf life of the product. No filler, artificial preservative or additive is used, making it 100% pure, safe and natural, relying entirely &#8230; <\/p>\n<p class=\"read-more-container\"><a title=\"Tamarind Puree Concentrate\" class=\"read-more button\" href=\"https:\/\/fruit-group.net\/en_GB\/bulk\/tamarind-puree-concentrate\/#more-727\">Read more<span class=\"screen-reader-text\">Tamarind Puree Concentrate<\/span><\/a><\/p>\n","protected":false},"author":1,"featured_media":82,"parent":266,"menu_order":0,"comment_status":"closed","ping_status":"closed","template":"","meta":{"_monsterinsights_skip_tracking":false,"_monsterinsights_sitenote_active":false,"_monsterinsights_sitenote_note":"","_monsterinsights_sitenote_category":0,"generate_page_header":"","footnotes":""},"class_list":["post-727","page","type-page","status-publish","has-post-thumbnail"],"_links":{"self":[{"href":"https:\/\/fruit-group.net\/en_GB\/wp-json\/wp\/v2\/pages\/727","targetHints":{"allow":["GET"]}}],"collection":[{"href":"https:\/\/fruit-group.net\/en_GB\/wp-json\/wp\/v2\/pages"}],"about":[{"href":"https:\/\/fruit-group.net\/en_GB\/wp-json\/wp\/v2\/types\/page"}],"author":[{"embeddable":true,"href":"https:\/\/fruit-group.net\/en_GB\/wp-json\/wp\/v2\/users\/1"}],"replies":[{"embeddable":true,"href":"https:\/\/fruit-group.net\/en_GB\/wp-json\/wp\/v2\/comments?post=727"}],"version-history":[{"count":5,"href":"https:\/\/fruit-group.net\/en_GB\/wp-json\/wp\/v2\/pages\/727\/revisions"}],"predecessor-version":[{"id":1006,"href":"https:\/\/fruit-group.net\/en_GB\/wp-json\/wp\/v2\/pages\/727\/revisions\/1006"}],"up":[{"embeddable":true,"href":"https:\/\/fruit-group.net\/en_GB\/wp-json\/wp\/v2\/pages\/266"}],"wp:featuredmedia":[{"embeddable":true,"href":"https:\/\/fruit-group.net\/en_GB\/wp-json\/wp\/v2\/media\/82"}],"wp:attachment":[{"href":"https:\/\/fruit-group.net\/en_GB\/wp-json\/wp\/v2\/media?parent=727"}],"curies":[{"name":"wp","href":"https:\/\/api.w.org\/{rel}","templated":true}]}}