{"id":720,"date":"2021-05-08T00:53:00","date_gmt":"2021-05-07T22:53:00","guid":{"rendered":"https:\/\/fruit-group.net\/?page_id=720"},"modified":"2021-05-30T11:48:05","modified_gmt":"2021-05-30T09:48:05","slug":"passionfruit-juice-concentrate","status":"publish","type":"page","link":"https:\/\/fruit-group.net\/en_GB\/bulk\/passionfruit-juice-concentrate\/","title":{"rendered":"Passionfruit Juice Concentrate"},"content":{"rendered":"\n<div class=\"wp-block-group\"><div class=\"wp-block-group__inner-container is-layout-flow wp-block-group-is-layout-flow\">\n<div class=\"wp-block-getwid-icon-box go-page-back getwid-animation has-icon-left has-text-left\" data-animation=\"slideLeft\"><div style=\"margin-top:0px;margin-bottom:0px;margin-left:0px;margin-right:0px\" class=\"wp-block-getwid-icon-box__icon-container is-position-middle\"><a href=\"javascript: history.go(-1)\" rel=\"\" class=\"wp-block-getwid-icon-box__icon-wrapper\" style=\"font-size:22px;padding:0px\"><i class=\"fas fa-angle-double-left\"><\/i><\/a><\/div><div class=\"wp-block-getwid-icon-box__content\">\n<p><a href=\"javascript: history.go(-1)\">Zur\u00fcck<\/a><\/p>\n<\/div><\/div>\n<\/div><\/div>\n\n\n\n<div class=\"wp-block-group\"><div class=\"wp-block-group__inner-container is-layout-flow wp-block-group-is-layout-flow\">\n<div class=\"wp-block-columns is-layout-flex wp-container-core-columns-is-layout-9d6595d7 wp-block-columns-is-layout-flex\">\n<div class=\"wp-block-column is-layout-flow wp-block-column-is-layout-flow\">\n<h2 class=\"wp-block-heading\">Passionsfruchtsaft-Konzentrat<\/h2>\n\n\n\n<p>Der Saft bzw. das Konzentrat wird aus konventionell angebauten Passionsfr\u00fcchten hergestellt. Diese stammen aus ausgew\u00e4hlten \u00f6kologischen Projekten, die haupts\u00e4chlich von JV-Kleinbauern in Peru und Vietnam betrieben\/verwaltet werden. Frutco baut selbst Passionsfr\u00fcchte in Nicaragua an und wird die Produktion demn\u00e4chst in unsere kolumbianische Fabrik verlegen.<\/p>\n<\/div>\n\n\n\n<div class=\"wp-block-column is-vertically-aligned-bottom is-layout-flow wp-block-column-is-layout-flow\">\n<div class=\"wp-block-columns is-layout-flex wp-container-core-columns-is-layout-9d6595d7 wp-block-columns-is-layout-flex\">\n<div class=\"wp-block-column is-layout-flow wp-block-column-is-layout-flow\">\n<div class=\"wp-block-image prod-ico eis-icon cus-ico\"><figure class=\"aligncenter size-large is-resized\"><img loading=\"lazy\" decoding=\"async\" src=\"https:\/\/fruit-group.net\/wp-content\/uploads\/2021\/04\/Conventional.png\" alt=\"\" class=\"wp-image-654\" width=\"90\" height=\"90\" srcset=\"https:\/\/fruit-group.net\/wp-content\/uploads\/2021\/04\/Conventional.png 512w, https:\/\/fruit-group.net\/wp-content\/uploads\/2021\/04\/Conventional-300x300.png 300w, https:\/\/fruit-group.net\/wp-content\/uploads\/2021\/04\/Conventional-150x150.png 150w\" sizes=\"auto, (max-width: 90px) 100vw, 90px\" \/><\/figure><\/div>\n\n\n\n<p class=\"has-text-align-center font-yellow\">Conventional<\/p>\n<\/div>\n\n\n\n<div class=\"wp-block-column is-layout-flow wp-block-column-is-layout-flow\">\n<div class=\"wp-block-image prod-ico ban-icon cus-ico\"><figure class=\"aligncenter size-large is-resized\"><img loading=\"lazy\" decoding=\"async\" src=\"https:\/\/fruit-group.net\/wp-content\/uploads\/2021\/04\/Organic.png\" alt=\"\" class=\"wp-image-652\" width=\"90\" height=\"90\" srcset=\"https:\/\/fruit-group.net\/wp-content\/uploads\/2021\/04\/Organic.png 512w, https:\/\/fruit-group.net\/wp-content\/uploads\/2021\/04\/Organic-300x300.png 300w, https:\/\/fruit-group.net\/wp-content\/uploads\/2021\/04\/Organic-150x150.png 150w\" sizes=\"auto, (max-width: 90px) 100vw, 90px\" \/><\/figure><\/div>\n\n\n\n<p class=\"has-text-align-center font-green\">Organic<\/p>\n<\/div>\n\n\n\n<div class=\"wp-block-column is-layout-flow wp-block-column-is-layout-flow\">\n<p class=\"has-text-align-center font-orange\"><\/p>\n<\/div>\n<\/div>\n<\/div>\n<\/div>\n\n\n\n<div class=\"wp-block-columns is-layout-flex wp-container-core-columns-is-layout-9d6595d7 wp-block-columns-is-layout-flex\">\n<div class=\"wp-block-column is-layout-flow wp-block-column-is-layout-flow\" style=\"flex-basis:33.33%\">\n<figure class=\"wp-block-image size-large product-img\"><img loading=\"lazy\" decoding=\"async\" width=\"510\" height=\"510\" src=\"https:\/\/fruit-group.net\/wp-content\/uploads\/2021\/03\/Info-Bulk-PassionFruit.png\" alt=\"\" class=\"wp-image-119\" srcset=\"https:\/\/fruit-group.net\/wp-content\/uploads\/2021\/03\/Info-Bulk-PassionFruit.png 510w, https:\/\/fruit-group.net\/wp-content\/uploads\/2021\/03\/Info-Bulk-PassionFruit-300x300.png 300w, https:\/\/fruit-group.net\/wp-content\/uploads\/2021\/03\/Info-Bulk-PassionFruit-150x150.png 150w\" sizes=\"auto, (max-width: 510px) 100vw, 510px\" \/><\/figure>\n<\/div>\n\n\n\n<div class=\"wp-block-column is-vertically-aligned-center is-layout-flow wp-block-column-is-layout-flow\" style=\"flex-basis:66.66%\">\n<p><strong>Bio-Passionsfrucht-Konzentrat<\/strong><br>Das Produkt wird aus biologischen Passionsfr\u00fcchten hergestellt, die von JV-Farmen in Peru stammen. Die sonnengereiften Fr\u00fcchte der Passionsfrucht stammen aus ausgew\u00e4hlten \u00f6kologischen Projekten und werden \u00fcberwiegend von Kleinbauern angebaut. Die beliebte Passionsfrucht mit s\u00fc\u00dfem Geschmack und leicht s\u00e4uerlicher Note steht f\u00fcr pure Exotik.<\/p>\n<\/div>\n<\/div>\n\n\n\n<div class=\"wp-block-columns is-layout-flex wp-container-core-columns-is-layout-9d6595d7 wp-block-columns-is-layout-flex\">\n<div class=\"wp-block-column is-layout-flow wp-block-column-is-layout-flow\">\n<p>Verpackung: 230 kg Stahlf\u00e4sser mit mehrlagigem, aseptischem PET-Beutel <\/p>\n\n\n\n<p>Herkunft: Peru, Vietnam und Nicaragua<\/p>\n\n\n\n<p>Erntezeit: Oktober bis M\u00e4rz<\/p>\n<\/div>\n<\/div>\n<\/div><\/div>\n","protected":false},"excerpt":{"rendered":"<p>Passionfruit Juice Concentrate The juice or concentrate is made from conventionally grown passion fruit.\u00a0These come from selected ecological projects that are mainly operated \/ managed\u00a0by\u00a0JV small farmers in Peru and Vietnam.\u00a0Frutco grows passion fruits in Nicaragua itself and will soon move the production to our Columbian factory. Conventional Organic Organic Passionfruit concentrateThe product is made &#8230; <\/p>\n<p class=\"read-more-container\"><a title=\"Passionfruit Juice Concentrate\" class=\"read-more button\" href=\"https:\/\/fruit-group.net\/en_GB\/bulk\/passionfruit-juice-concentrate\/#more-720\">Read more<span class=\"screen-reader-text\">Passionfruit Juice Concentrate<\/span><\/a><\/p>\n","protected":false},"author":1,"featured_media":82,"parent":266,"menu_order":0,"comment_status":"closed","ping_status":"closed","template":"","meta":{"_monsterinsights_skip_tracking":false,"_monsterinsights_sitenote_active":false,"_monsterinsights_sitenote_note":"","_monsterinsights_sitenote_category":0,"generate_page_header":"","footnotes":""},"class_list":["post-720","page","type-page","status-publish","has-post-thumbnail"],"_links":{"self":[{"href":"https:\/\/fruit-group.net\/en_GB\/wp-json\/wp\/v2\/pages\/720","targetHints":{"allow":["GET"]}}],"collection":[{"href":"https:\/\/fruit-group.net\/en_GB\/wp-json\/wp\/v2\/pages"}],"about":[{"href":"https:\/\/fruit-group.net\/en_GB\/wp-json\/wp\/v2\/types\/page"}],"author":[{"embeddable":true,"href":"https:\/\/fruit-group.net\/en_GB\/wp-json\/wp\/v2\/users\/1"}],"replies":[{"embeddable":true,"href":"https:\/\/fruit-group.net\/en_GB\/wp-json\/wp\/v2\/comments?post=720"}],"version-history":[{"count":5,"href":"https:\/\/fruit-group.net\/en_GB\/wp-json\/wp\/v2\/pages\/720\/revisions"}],"predecessor-version":[{"id":990,"href":"https:\/\/fruit-group.net\/en_GB\/wp-json\/wp\/v2\/pages\/720\/revisions\/990"}],"up":[{"embeddable":true,"href":"https:\/\/fruit-group.net\/en_GB\/wp-json\/wp\/v2\/pages\/266"}],"wp:featuredmedia":[{"embeddable":true,"href":"https:\/\/fruit-group.net\/en_GB\/wp-json\/wp\/v2\/media\/82"}],"wp:attachment":[{"href":"https:\/\/fruit-group.net\/en_GB\/wp-json\/wp\/v2\/media?parent=720"}],"curies":[{"name":"wp","href":"https:\/\/api.w.org\/{rel}","templated":true}]}}