{"id":714,"date":"2021-05-08T00:51:50","date_gmt":"2021-05-07T22:51:50","guid":{"rendered":"https:\/\/fruit-group.net\/?page_id=714"},"modified":"2021-05-30T11:40:56","modified_gmt":"2021-05-30T09:40:56","slug":"mango-puree-concentrate","status":"publish","type":"page","link":"https:\/\/fruit-group.net\/en_GB\/bulk\/mango-puree-concentrate\/","title":{"rendered":"Mango Puree Concentrate"},"content":{"rendered":"\n<div class=\"wp-block-group\"><div class=\"wp-block-group__inner-container is-layout-flow wp-block-group-is-layout-flow\">\n<div class=\"wp-block-getwid-icon-box go-page-back getwid-animation has-icon-left has-text-left\" data-animation=\"slideLeft\"><div style=\"margin-top:0px;margin-bottom:0px;margin-left:0px;margin-right:0px\" class=\"wp-block-getwid-icon-box__icon-container is-position-middle\"><a href=\"javascript: history.go(-1)\" rel=\"\" class=\"wp-block-getwid-icon-box__icon-wrapper\" style=\"font-size:22px;padding:0px\"><i class=\"fas fa-angle-double-left\"><\/i><\/a><\/div><div class=\"wp-block-getwid-icon-box__content\">\n<p><a href=\"javascript: history.go(-1)\">Zur\u00fcck<\/a><\/p>\n<\/div><\/div>\n<\/div><\/div>\n\n\n\n<div class=\"wp-block-group\"><div class=\"wp-block-group__inner-container is-layout-flow wp-block-group-is-layout-flow\">\n<div class=\"wp-block-columns is-layout-flex wp-container-core-columns-is-layout-9d6595d7 wp-block-columns-is-layout-flex\">\n<div class=\"wp-block-column is-layout-flow wp-block-column-is-layout-flow\">\n<h2 class=\"wp-block-heading\">Mangop\u00fcree-Konzentrat<\/h2>\n\n\n\n<p>Mango ist auch als &#8220;K\u00f6nig der Fr\u00fcchte&#8221; bekannt.&nbsp; Mango-P\u00fcree-Konzentrat wird durch Extraktion des Fruchtfleisches aus der reifen Mango hergestellt. Die reifen Fr\u00fcchte werden unter ausgezeichneten Bedingungen gem\u00e4\u00df dem AIJN Code of Practice mit einem hohen Ma\u00df an Lebensmittelsicherheit verarbeitet.<\/p>\n<\/div>\n\n\n\n<div class=\"wp-block-column is-vertically-aligned-bottom is-layout-flow wp-block-column-is-layout-flow\">\n<div class=\"wp-block-columns is-layout-flex wp-container-core-columns-is-layout-9d6595d7 wp-block-columns-is-layout-flex\">\n<div class=\"wp-block-column is-layout-flow wp-block-column-is-layout-flow\">\n<p class=\"has-text-align-center font-yellow\"><\/p>\n<\/div>\n\n\n\n<div class=\"wp-block-column is-layout-flow wp-block-column-is-layout-flow\">\n<p class=\"has-text-align-center font-green\"><\/p>\n<\/div>\n\n\n\n<div class=\"wp-block-column is-layout-flow wp-block-column-is-layout-flow\">\n<p class=\"has-text-align-center font-orange\"><\/p>\n<\/div>\n<\/div>\n<\/div>\n<\/div>\n\n\n\n<div class=\"wp-block-columns is-layout-flex wp-container-core-columns-is-layout-9d6595d7 wp-block-columns-is-layout-flex\">\n<div class=\"wp-block-column is-layout-flow wp-block-column-is-layout-flow\" style=\"flex-basis:33.33%\">\n<figure class=\"wp-block-image size-large product-img\"><img loading=\"lazy\" decoding=\"async\" width=\"510\" height=\"510\" src=\"https:\/\/fruit-group.net\/wp-content\/uploads\/2021\/03\/Info-Bulk-Mango.png\" alt=\"\" class=\"wp-image-117\" srcset=\"https:\/\/fruit-group.net\/wp-content\/uploads\/2021\/03\/Info-Bulk-Mango.png 510w, https:\/\/fruit-group.net\/wp-content\/uploads\/2021\/03\/Info-Bulk-Mango-300x300.png 300w, https:\/\/fruit-group.net\/wp-content\/uploads\/2021\/03\/Info-Bulk-Mango-150x150.png 150w\" sizes=\"auto, (max-width: 510px) 100vw, 510px\" \/><\/figure>\n<\/div>\n\n\n\n<div class=\"wp-block-column is-vertically-aligned-center is-layout-flow wp-block-column-is-layout-flow\" style=\"flex-basis:66.66%\">\n<p>Totapuri Mangokonzentrat ist wegen des k\u00f6stlichen Geschmacks und des reichen Aromas in der Lebensmittelindustrie bekannt. Diese Mangos variieren in der L\u00e4nge, sind aber im Allgemeinen etwa 7 Zoll lang und haben eine goldgelbe Farbe. Die Sorte Totapuri wird in s\u00fcdindischen Regionen wie Andhra Pradesh, Tamilnadu und Karnataka angebaut.<\/p>\n<\/div>\n<\/div>\n\n\n\n<div class=\"wp-block-columns is-layout-flex wp-container-core-columns-is-layout-9d6595d7 wp-block-columns-is-layout-flex\">\n<div class=\"wp-block-column is-layout-flow wp-block-column-is-layout-flow\">\n<p>Verpackung: TMC &#8211; 228 kg Stahlf\u00e4sser mit mehrlagigem, aseptischem Beutel, 80 F\u00e4sser in 20 Dry FCL <\/p>\n\n\n\n<p>Wir bieten ein Sortiment an konventioneller, biologischer und Babynahrung an.<\/p>\n\n\n\n<p>Je nach Herkunftsland werden verschiedene Sorten verarbeitet.<br><\/p>\n\n\n\n<p>Indien: Totapuri<br>\u00c4gypten: \u00c4gyptische Mango<br>Kolumbien: Magdalena-Mangos<br>Peru:&nbsp; Criollo und Chato de Ica Mangos<br>Mexiko: Tommy, Kent, Haden, Keitt und Ataulfo Mangos<\/p>\n\n\n\n<p><\/p>\n\n\n\n<p>Erntezeit:<br>Indien:&nbsp; Totapuri: Mai-Juli<br>\u00c4gypten: Juli \u2013 Oktober<br>Kolumbien: Ganzj\u00e4hrig mit Hauptsaison im Mai bis September<\/p>\n<\/div>\n<\/div>\n<\/div><\/div>\n","protected":false},"excerpt":{"rendered":"<p>Mango Puree Concentrate Mango is also known as &#8220;King of fruits&#8221;.&nbsp; Mango puree concentrate prepared by extracting the pulp obtained from mature ripe mango. Ripe fruit is processed in excellent conditions according to AIJN Code of Practice with a high level of food safety. Totapuri mango concentrate is considered famous for food processing industries because &#8230; <\/p>\n<p class=\"read-more-container\"><a title=\"Mango Puree Concentrate\" class=\"read-more button\" href=\"https:\/\/fruit-group.net\/en_GB\/bulk\/mango-puree-concentrate\/#more-714\">Read more<span class=\"screen-reader-text\">Mango Puree Concentrate<\/span><\/a><\/p>\n","protected":false},"author":1,"featured_media":82,"parent":266,"menu_order":0,"comment_status":"closed","ping_status":"closed","template":"","meta":{"_monsterinsights_skip_tracking":false,"_monsterinsights_sitenote_active":false,"_monsterinsights_sitenote_note":"","_monsterinsights_sitenote_category":0,"generate_page_header":"","footnotes":""},"class_list":["post-714","page","type-page","status-publish","has-post-thumbnail"],"_links":{"self":[{"href":"https:\/\/fruit-group.net\/en_GB\/wp-json\/wp\/v2\/pages\/714","targetHints":{"allow":["GET"]}}],"collection":[{"href":"https:\/\/fruit-group.net\/en_GB\/wp-json\/wp\/v2\/pages"}],"about":[{"href":"https:\/\/fruit-group.net\/en_GB\/wp-json\/wp\/v2\/types\/page"}],"author":[{"embeddable":true,"href":"https:\/\/fruit-group.net\/en_GB\/wp-json\/wp\/v2\/users\/1"}],"replies":[{"embeddable":true,"href":"https:\/\/fruit-group.net\/en_GB\/wp-json\/wp\/v2\/comments?post=714"}],"version-history":[{"count":5,"href":"https:\/\/fruit-group.net\/en_GB\/wp-json\/wp\/v2\/pages\/714\/revisions"}],"predecessor-version":[{"id":977,"href":"https:\/\/fruit-group.net\/en_GB\/wp-json\/wp\/v2\/pages\/714\/revisions\/977"}],"up":[{"embeddable":true,"href":"https:\/\/fruit-group.net\/en_GB\/wp-json\/wp\/v2\/pages\/266"}],"wp:featuredmedia":[{"embeddable":true,"href":"https:\/\/fruit-group.net\/en_GB\/wp-json\/wp\/v2\/media\/82"}],"wp:attachment":[{"href":"https:\/\/fruit-group.net\/en_GB\/wp-json\/wp\/v2\/media?parent=714"}],"curies":[{"name":"wp","href":"https:\/\/api.w.org\/{rel}","templated":true}]}}