{"id":708,"date":"2021-05-08T00:50:54","date_gmt":"2021-05-07T22:50:54","guid":{"rendered":"https:\/\/fruit-group.net\/?page_id=708"},"modified":"2021-06-06T09:10:06","modified_gmt":"2021-06-06T07:10:06","slug":"grapes-juice-concentrate","status":"publish","type":"page","link":"https:\/\/fruit-group.net\/en_GB\/bulk\/grapes-juice-concentrate\/","title":{"rendered":"Grapes Juice Concentrate"},"content":{"rendered":"\n<div class=\"wp-block-group\"><div class=\"wp-block-group__inner-container is-layout-flow wp-block-group-is-layout-flow\">\n<div class=\"wp-block-getwid-icon-box go-page-back getwid-animation has-icon-left has-text-left\" data-animation=\"slideLeft\"><div style=\"margin-top:0px;margin-bottom:0px;margin-left:0px;margin-right:0px\" class=\"wp-block-getwid-icon-box__icon-container is-position-middle\"><a href=\"javascript: history.go(-1)\" rel=\"\" class=\"wp-block-getwid-icon-box__icon-wrapper\" style=\"font-size:22px;padding:0px\"><i class=\"fas fa-angle-double-left\"><\/i><\/a><\/div><div class=\"wp-block-getwid-icon-box__content\">\n<p><a href=\"javascript: history.go(-1)\">Zur\u00fcck<\/a><\/p>\n<\/div><\/div>\n<\/div><\/div>\n\n\n\n<div class=\"wp-block-group\"><div class=\"wp-block-group__inner-container is-layout-flow wp-block-group-is-layout-flow\">\n<div class=\"wp-block-columns is-layout-flex wp-container-core-columns-is-layout-9d6595d7 wp-block-columns-is-layout-flex\">\n<div class=\"wp-block-column is-layout-flow wp-block-column-is-layout-flow\">\n<h2 class=\"wp-block-heading\">Traubensaft-Konzentrat<\/h2>\n\n\n\n<p>Unser Saftkonzentrat stammt aus frischem, unvergorenem Traubensaft, der aus gesunden und ausgew\u00e4hlten Trauben gewonnen wird, denen durch Verdampfer neuester Technologie das Wasser entzogen wurde, wobei alle nat\u00fcrlichen Eigenschaften der Traube erhalten bleiben. F\u00fcr die Herstellung unserer Konzentrate werden nur Weintrauben (VITIS VINIFERA) verwendet (keine Tafeltrauben). Die Liquids sind ohne Zus\u00e4tze, Aromen oder Farbstoffe jeglicher Art, 100% nat\u00fcrlich.<\/p>\n<\/div>\n\n\n\n<div class=\"wp-block-column is-vertically-aligned-bottom is-layout-flow wp-block-column-is-layout-flow\">\n<div class=\"wp-block-columns is-layout-flex wp-container-core-columns-is-layout-9d6595d7 wp-block-columns-is-layout-flex\">\n<div class=\"wp-block-column is-layout-flow wp-block-column-is-layout-flow\">\n<div class=\"wp-block-image prod-ico eis-icon cus-ico\"><figure class=\"aligncenter size-large is-resized\"><img loading=\"lazy\" decoding=\"async\" src=\"https:\/\/fruit-group.net\/wp-content\/uploads\/2021\/04\/Conventional.png\" alt=\"\" class=\"wp-image-654\" width=\"90\" height=\"90\" srcset=\"https:\/\/fruit-group.net\/wp-content\/uploads\/2021\/04\/Conventional.png 512w, https:\/\/fruit-group.net\/wp-content\/uploads\/2021\/04\/Conventional-300x300.png 300w, https:\/\/fruit-group.net\/wp-content\/uploads\/2021\/04\/Conventional-150x150.png 150w\" sizes=\"auto, (max-width: 90px) 100vw, 90px\" \/><\/figure><\/div>\n\n\n\n<p class=\"has-text-align-center font-yellow\">Conventional<\/p>\n<\/div>\n\n\n\n<div class=\"wp-block-column is-layout-flow wp-block-column-is-layout-flow\">\n<div class=\"wp-block-image prod-ico fla-icon cus-ico\"><figure class=\"aligncenter size-large is-resized\"><img loading=\"lazy\" decoding=\"async\" src=\"https:\/\/fruit-group.net\/wp-content\/uploads\/2021\/04\/BabyFood.png\" alt=\"\" class=\"wp-image-653\" width=\"90\" height=\"90\" srcset=\"https:\/\/fruit-group.net\/wp-content\/uploads\/2021\/04\/BabyFood.png 512w, https:\/\/fruit-group.net\/wp-content\/uploads\/2021\/04\/BabyFood-300x300.png 300w, https:\/\/fruit-group.net\/wp-content\/uploads\/2021\/04\/BabyFood-150x150.png 150w\" sizes=\"auto, (max-width: 90px) 100vw, 90px\" \/><\/figure><\/div>\n\n\n\n<p class=\"has-text-align-center font-orange\">Baby Food<\/p>\n<\/div>\n\n\n\n<div class=\"wp-block-column is-layout-flow wp-block-column-is-layout-flow\"><\/div>\n<\/div>\n<\/div>\n<\/div>\n\n\n\n<div class=\"wp-block-columns is-layout-flex wp-container-core-columns-is-layout-9d6595d7 wp-block-columns-is-layout-flex\">\n<div class=\"wp-block-column is-vertically-aligned-center is-layout-flow wp-block-column-is-layout-flow\" style=\"flex-basis:33.33%\">\n<figure class=\"wp-block-image size-large product-img\"><img loading=\"lazy\" decoding=\"async\" width=\"510\" height=\"510\" src=\"https:\/\/fruit-group.net\/wp-content\/uploads\/2021\/03\/Info-Bulk-Grapes.png\" alt=\"\" class=\"wp-image-113\" srcset=\"https:\/\/fruit-group.net\/wp-content\/uploads\/2021\/03\/Info-Bulk-Grapes.png 510w, https:\/\/fruit-group.net\/wp-content\/uploads\/2021\/03\/Info-Bulk-Grapes-300x300.png 300w, https:\/\/fruit-group.net\/wp-content\/uploads\/2021\/03\/Info-Bulk-Grapes-150x150.png 150w\" sizes=\"auto, (max-width: 510px) 100vw, 510px\" \/><\/figure>\n<\/div>\n\n\n\n<div class=\"wp-block-column is-vertically-aligned-center is-layout-flow wp-block-column-is-layout-flow\" style=\"flex-basis:66.66%\">\n<p>Traubenkonzentrat 65-68Brix &#8211; Verschiedene rote Traubenkonzentrate im Angebot:<br>Rotes Traubenkonzentrat SO2 frei: 200-1000 Farbpunkte<br>Rotes Traubenkonzentrat Standard: 200-1000 Farbpunkte<br>Rotes Traubenkonzentrat High Colour und SO2 frei: \u22654000 Farbpunkte<\/p>\n\n\n\n<p><strong>Traubenkonzentrat 65-68Brix &#8211; Wei\u00dfes Traubenkonzentrat<\/strong><br>Konventionelles wei\u00dfes Traubensaftkonzentrat mit 68\u00b0 BRIX, charakteristisch, klar, viskos, homogen und frei von Fremdpartikeln. Typisch aus wei\u00dfen, reifen und gesunden Trauben, sauber. Klar von hellgelb bis gold-\/bernsteingelb.<\/p>\n\n\n\n<p><strong>Deionisiertes wei\u00dfes Traubenkonzentrat 65-68Brix<br><\/strong>Durch den Rektifikationsprozess werden alle Saftbestandteile au\u00dfer Wasser, Glukose und Fruktose entfernt. Der gewonnene Saft ist farblich transparent und geschmacksneutral, wodurch er sich besonders zum S\u00fc\u00dfen eignet. F\u00fcr die Herstellung unserer Konzentrate werden ausschlie\u00dflich Weintrauben (VITIS VINIFERA) verwendet (keine Tafeltrauben). Deionisiertes Traubensaftkonzentrat wird normalerweise bei 65-68\u00b0 Brix hergestellt. <\/p>\n\n\n\n<p><strong>Babynahrung Traubensaft-Konzentrat 65-68Brix<br><\/strong>Baby Food Traubensaftkonzentrate sind Produkte, die speziell f\u00fcr die Aufbereitung von Babynahrung entwickelt wurden, die bestimmten Standards folgt. F\u00fcr die Herstellung unserer Konzentrate werden ausschlie\u00dflich Weintrauben (VITIS VINIFERA) verwendet (keine Tafeltrauben). Es werden sorgf\u00e4ltige Kontrollen des Rohmaterials durchgef\u00fchrt, um sicherzustellen, dass die Produkte den EU-Normen f\u00fcr Babynahrung entsprechen. Baby Foods Traubensaftkonzentrate folgen spezifischen gesetzlichen Bestimmungen in Bezug auf Pestizidr\u00fcckst\u00e4nde und Kontaminationen.<\/p>\n<\/div>\n<\/div>\n\n\n\n<div class=\"wp-block-columns is-layout-flex wp-container-core-columns-is-layout-9d6595d7 wp-block-columns-is-layout-flex\">\n<div class=\"wp-block-column is-layout-flow wp-block-column-is-layout-flow\">\n<p>Verpackung: 260 kg, 280 kg Stahlf\u00e4sser mit mehrlagigem, aseptischem PET-Beutel <\/p>\n\n\n\n<p>Herkunft: Argentinien, Spanien, Italien<\/p>\n\n\n\n<p>Erntezeit:<br>Argentinien: von Februar bis April<br>Spanien: August bis Oktober<br>Italien: August und September<\/p>\n<\/div>\n<\/div>\n<\/div><\/div>\n","protected":false},"excerpt":{"rendered":"<p>Grapes Juice Concentrate Our concentrated juice comes from fresh grape juices unfermented, obtained from healthy and selected grapes, from which water has been removed through evaporators of latest technology, keeping all-natural characteristics of the grape. Only wine grapes (VITIS VINIFERA) are used to produce our concentrates (no table grapes). The liquids are vicious without additives, &#8230; <\/p>\n<p class=\"read-more-container\"><a title=\"Grapes Juice Concentrate\" class=\"read-more button\" href=\"https:\/\/fruit-group.net\/en_GB\/bulk\/grapes-juice-concentrate\/#more-708\">Read more<span class=\"screen-reader-text\">Grapes Juice Concentrate<\/span><\/a><\/p>\n","protected":false},"author":1,"featured_media":82,"parent":266,"menu_order":0,"comment_status":"closed","ping_status":"closed","template":"","meta":{"_monsterinsights_skip_tracking":false,"_monsterinsights_sitenote_active":false,"_monsterinsights_sitenote_note":"","_monsterinsights_sitenote_category":0,"generate_page_header":"","footnotes":""},"class_list":["post-708","page","type-page","status-publish","has-post-thumbnail"],"_links":{"self":[{"href":"https:\/\/fruit-group.net\/en_GB\/wp-json\/wp\/v2\/pages\/708","targetHints":{"allow":["GET"]}}],"collection":[{"href":"https:\/\/fruit-group.net\/en_GB\/wp-json\/wp\/v2\/pages"}],"about":[{"href":"https:\/\/fruit-group.net\/en_GB\/wp-json\/wp\/v2\/types\/page"}],"author":[{"embeddable":true,"href":"https:\/\/fruit-group.net\/en_GB\/wp-json\/wp\/v2\/users\/1"}],"replies":[{"embeddable":true,"href":"https:\/\/fruit-group.net\/en_GB\/wp-json\/wp\/v2\/comments?post=708"}],"version-history":[{"count":7,"href":"https:\/\/fruit-group.net\/en_GB\/wp-json\/wp\/v2\/pages\/708\/revisions"}],"predecessor-version":[{"id":1377,"href":"https:\/\/fruit-group.net\/en_GB\/wp-json\/wp\/v2\/pages\/708\/revisions\/1377"}],"up":[{"embeddable":true,"href":"https:\/\/fruit-group.net\/en_GB\/wp-json\/wp\/v2\/pages\/266"}],"wp:featuredmedia":[{"embeddable":true,"href":"https:\/\/fruit-group.net\/en_GB\/wp-json\/wp\/v2\/media\/82"}],"wp:attachment":[{"href":"https:\/\/fruit-group.net\/en_GB\/wp-json\/wp\/v2\/media?parent=708"}],"curies":[{"name":"wp","href":"https:\/\/api.w.org\/{rel}","templated":true}]}}