{"id":706,"date":"2021-05-08T00:50:28","date_gmt":"2021-05-07T22:50:28","guid":{"rendered":"https:\/\/fruit-group.net\/?page_id=706"},"modified":"2021-05-30T11:27:01","modified_gmt":"2021-05-30T09:27:01","slug":"banana-puree-concentrate","status":"publish","type":"page","link":"https:\/\/fruit-group.net\/en_GB\/bulk\/banana-puree-concentrate\/","title":{"rendered":"Banana Puree Concentrate"},"content":{"rendered":"\n<div class=\"wp-block-group\"><div class=\"wp-block-group__inner-container is-layout-flow wp-block-group-is-layout-flow\">\n<div class=\"wp-block-getwid-icon-box go-page-back getwid-animation has-icon-left has-text-left\" data-animation=\"slideLeft\"><div style=\"margin-top:0px;margin-bottom:0px;margin-left:0px;margin-right:0px\" class=\"wp-block-getwid-icon-box__icon-container is-position-middle\"><a href=\"javascript: history.go(-1)\" rel=\"\" class=\"wp-block-getwid-icon-box__icon-wrapper\" style=\"font-size:22px;padding:0px\"><i class=\"fas fa-angle-double-left\"><\/i><\/a><\/div><div class=\"wp-block-getwid-icon-box__content\">\n<p><a href=\"javascript: history.go(-1)\">Zur\u00fcck<\/a><\/p>\n<\/div><\/div>\n<\/div><\/div>\n\n\n\n<div class=\"wp-block-group\"><div class=\"wp-block-group__inner-container is-layout-flow wp-block-group-is-layout-flow\">\n<div class=\"wp-block-columns is-layout-flex wp-container-core-columns-is-layout-9d6595d7 wp-block-columns-is-layout-flex\">\n<div class=\"wp-block-column is-layout-flow wp-block-column-is-layout-flow\">\n<h2 class=\"wp-block-heading\">Bananenp\u00fcree-Konzentrat<\/h2>\n\n\n\n<p>Das Produkt wird aus Cavendish-Bananen hergestellt, die im reifen Zustand optimal verarbeitet sind. Sie sind daher frei von Krankheiten, Schimmel, F\u00e4ulnis oder Schale. Unsere Bananenp\u00fcrees werden in unserer eigenen Fabrik in Kolumbien hergestellt, wo wir auch Zugang zu unseren eigenen Bananenplantagen haben.<\/p>\n<\/div>\n\n\n\n<div class=\"wp-block-column is-vertically-aligned-bottom is-layout-flow wp-block-column-is-layout-flow\">\n<div class=\"wp-block-columns is-layout-flex wp-container-core-columns-is-layout-9d6595d7 wp-block-columns-is-layout-flex\">\n<div class=\"wp-block-column is-layout-flow wp-block-column-is-layout-flow\">\n<p class=\"has-text-align-center font-yellow\"><\/p>\n<\/div>\n\n\n\n<div class=\"wp-block-column is-layout-flow wp-block-column-is-layout-flow\">\n<p class=\"has-text-align-center font-green\"><\/p>\n<\/div>\n\n\n\n<div class=\"wp-block-column is-layout-flow wp-block-column-is-layout-flow\">\n<p class=\"has-text-align-center font-orange\"><\/p>\n<\/div>\n<\/div>\n<\/div>\n<\/div>\n\n\n\n<div class=\"wp-block-columns is-layout-flex wp-container-core-columns-is-layout-9d6595d7 wp-block-columns-is-layout-flex\">\n<div class=\"wp-block-column is-layout-flow wp-block-column-is-layout-flow\" style=\"flex-basis:33.33%\">\n<figure class=\"wp-block-image size-large product-img\"><img loading=\"lazy\" decoding=\"async\" width=\"510\" height=\"510\" src=\"https:\/\/fruit-group.net\/wp-content\/uploads\/2021\/03\/Info-Bulk-Banane.png\" alt=\"\" class=\"wp-image-111\" srcset=\"https:\/\/fruit-group.net\/wp-content\/uploads\/2021\/03\/Info-Bulk-Banane.png 510w, https:\/\/fruit-group.net\/wp-content\/uploads\/2021\/03\/Info-Bulk-Banane-300x300.png 300w, https:\/\/fruit-group.net\/wp-content\/uploads\/2021\/03\/Info-Bulk-Banane-150x150.png 150w\" sizes=\"auto, (max-width: 510px) 100vw, 510px\" \/><\/figure>\n<\/div>\n\n\n\n<div class=\"wp-block-column is-vertically-aligned-center is-layout-flow wp-block-column-is-layout-flow\" style=\"flex-basis:66.66%\">\n<p><strong>Bananenkonzentrat 70Brix<\/strong><br>Der Herstellungsprozess besteht aus Sch\u00e4len, Maischen, enzymatischer Behandlung, Dekantieren, Kl\u00e4ren, Pasteurisieren und Konzentrieren auf den gew\u00fcnschten Brix. Der Bananensaft ist eine ausgezeichnete Quelle f\u00fcr Kalium (mindestens 2.900 mg\/l). Er kann f\u00fcr spezielle Mischungen bei der Zubereitung von nat\u00fcrlichen Getr\u00e4nken und Erfrischungsgetr\u00e4nken sowie aufgrund seines geringen S\u00e4uregehalts im Vergleich zu anderen Fr\u00fcchten auch in Milchprodukten verwendet werden. <\/p>\n\n\n\n<p>Das Produkt wird aus Cavendish-Bananen hergestellt, die unter kontrollierten Bedingungen f\u00fcr Babynahrung angebaut werden. Sie entsprechen den strengen Richtlinien f\u00fcr Babynahrung in Europa und den USA. Sie sind optimal im Reifegrad verarbeitet und frei von Krankheiten, Schimmel, F\u00e4ulnis oder Schale. Der Ursprung der Bananen liegt in unserer Fabrik in Kolumbien.<\/p>\n<\/div>\n<\/div>\n\n\n\n<div class=\"wp-block-columns is-layout-flex wp-container-core-columns-is-layout-9d6595d7 wp-block-columns-is-layout-flex\">\n<div class=\"wp-block-column is-layout-flow wp-block-column-is-layout-flow\">\n<p>Verpackung:<br>55 gal (230 kg\/507 lb) Sack im Karton.<br>55 gal (230 kg\/507 lb) Sack im konischen Fass.<br>240 gal (1000 kg \/ 2205 lb) Sack im Beh\u00e4lter.<\/p>\n\n\n\n<p>Herkunft: Kolumbien<\/p>\n\n\n\n<p>Erntezeit: Das ganze Jahr \u00fcber ernten<\/p>\n<\/div>\n<\/div>\n<\/div><\/div>\n\n\n\n<p><\/p>\n","protected":false},"excerpt":{"rendered":"<p>Banana Puree Concentrate The product is made from Cavendish bananas that are optimally processed when ripe.\u00a0They are therefore free from diseases, mold, rot or peel.\u00a0Our Banana Purees are been made in our own Columbian factory where we also have access to our own Banana plantations. Banana Concentrate 70BrixThe manufacturing process consists of peeling, mashing, enzymatic &#8230; <\/p>\n<p class=\"read-more-container\"><a title=\"Banana Puree Concentrate\" class=\"read-more button\" href=\"https:\/\/fruit-group.net\/en_GB\/bulk\/banana-puree-concentrate\/#more-706\">Read more<span class=\"screen-reader-text\">Banana Puree Concentrate<\/span><\/a><\/p>\n","protected":false},"author":1,"featured_media":82,"parent":266,"menu_order":0,"comment_status":"closed","ping_status":"closed","template":"","meta":{"_monsterinsights_skip_tracking":false,"_monsterinsights_sitenote_active":false,"_monsterinsights_sitenote_note":"","_monsterinsights_sitenote_category":0,"generate_page_header":"","footnotes":""},"class_list":["post-706","page","type-page","status-publish","has-post-thumbnail"],"_links":{"self":[{"href":"https:\/\/fruit-group.net\/en_GB\/wp-json\/wp\/v2\/pages\/706","targetHints":{"allow":["GET"]}}],"collection":[{"href":"https:\/\/fruit-group.net\/en_GB\/wp-json\/wp\/v2\/pages"}],"about":[{"href":"https:\/\/fruit-group.net\/en_GB\/wp-json\/wp\/v2\/types\/page"}],"author":[{"embeddable":true,"href":"https:\/\/fruit-group.net\/en_GB\/wp-json\/wp\/v2\/users\/1"}],"replies":[{"embeddable":true,"href":"https:\/\/fruit-group.net\/en_GB\/wp-json\/wp\/v2\/comments?post=706"}],"version-history":[{"count":9,"href":"https:\/\/fruit-group.net\/en_GB\/wp-json\/wp\/v2\/pages\/706\/revisions"}],"predecessor-version":[{"id":962,"href":"https:\/\/fruit-group.net\/en_GB\/wp-json\/wp\/v2\/pages\/706\/revisions\/962"}],"up":[{"embeddable":true,"href":"https:\/\/fruit-group.net\/en_GB\/wp-json\/wp\/v2\/pages\/266"}],"wp:featuredmedia":[{"embeddable":true,"href":"https:\/\/fruit-group.net\/en_GB\/wp-json\/wp\/v2\/media\/82"}],"wp:attachment":[{"href":"https:\/\/fruit-group.net\/en_GB\/wp-json\/wp\/v2\/media?parent=706"}],"curies":[{"name":"wp","href":"https:\/\/api.w.org\/{rel}","templated":true}]}}