{"id":702,"date":"2021-05-08T00:46:14","date_gmt":"2021-05-07T22:46:14","guid":{"rendered":"https:\/\/fruit-group.net\/?page_id=702"},"modified":"2021-05-30T11:19:57","modified_gmt":"2021-05-30T09:19:57","slug":"apple-juice-concentrate","status":"publish","type":"page","link":"https:\/\/fruit-group.net\/en_GB\/bulk\/apple-juice-concentrate\/","title":{"rendered":"Apple Juice Concentrate"},"content":{"rendered":"\n<div class=\"wp-block-group\"><div class=\"wp-block-group__inner-container is-layout-flow wp-block-group-is-layout-flow\">\n<div class=\"wp-block-getwid-icon-box go-page-back getwid-animation has-icon-left has-text-left\" data-animation=\"slideLeft\"><div style=\"margin-top:0px;margin-bottom:0px;margin-left:0px;margin-right:0px\" class=\"wp-block-getwid-icon-box__icon-container is-position-middle\"><a href=\"javascript: history.go(-1)\" rel=\"\" class=\"wp-block-getwid-icon-box__icon-wrapper\" style=\"font-size:22px;padding:0px\"><i class=\"fas fa-angle-double-left\"><\/i><\/a><\/div><div class=\"wp-block-getwid-icon-box__content\">\n<p><a href=\"javascript: history.go(-1)\">Zur\u00fcck<\/a><\/p>\n<\/div><\/div>\n<\/div><\/div>\n\n\n\n<div class=\"wp-block-group\"><div class=\"wp-block-group__inner-container is-layout-flow wp-block-group-is-layout-flow\">\n<div class=\"wp-block-columns is-layout-flex wp-container-core-columns-is-layout-9d6595d7 wp-block-columns-is-layout-flex\">\n<div class=\"wp-block-column is-layout-flow wp-block-column-is-layout-flow\">\n<h2 class=\"wp-block-heading\">Apfelsaft-Konzentrat<\/h2>\n\n\n\n<p>Apfelkonzentrat dient als Zutat in verschiedenen Produkten, einschlie\u00dflich Snacks, Saucen und Getr\u00e4nken. Es wird auch als S\u00fc\u00dfungsmittel anstelle von Maissirup und Zucker verwendet. Die Vielseitigkeit des Apfels macht es m\u00f6glich, verschiedene Arten von konzentrierten Produkten zu haben.<\/p>\n<\/div>\n\n\n\n<div class=\"wp-block-column is-vertically-aligned-bottom bulk-hide-ico is-layout-flow wp-block-column-is-layout-flow\">\n<div class=\"wp-block-columns is-layout-flex wp-container-core-columns-is-layout-9d6595d7 wp-block-columns-is-layout-flex\">\n<div class=\"wp-block-column is-layout-flow wp-block-column-is-layout-flow\">\n<p class=\"has-text-align-center font-yellow\"><\/p>\n<\/div>\n\n\n\n<div class=\"wp-block-column is-layout-flow wp-block-column-is-layout-flow\">\n<p class=\"has-text-align-center font-green\"><\/p>\n<\/div>\n\n\n\n<div class=\"wp-block-column is-layout-flow wp-block-column-is-layout-flow\">\n<p class=\"has-text-align-center font-orange\"><\/p>\n<\/div>\n<\/div>\n<\/div>\n<\/div>\n\n\n\n<div class=\"wp-block-columns is-layout-flex wp-container-core-columns-is-layout-9d6595d7 wp-block-columns-is-layout-flex\">\n<div class=\"wp-block-column is-layout-flow wp-block-column-is-layout-flow\" style=\"flex-basis:33.33%\">\n<figure class=\"wp-block-image size-large product-img\"><img loading=\"lazy\" decoding=\"async\" width=\"510\" height=\"510\" src=\"https:\/\/fruit-group.net\/wp-content\/uploads\/2021\/03\/Info-Bulk-Apfel.png\" alt=\"\" class=\"wp-image-108\" srcset=\"https:\/\/fruit-group.net\/wp-content\/uploads\/2021\/03\/Info-Bulk-Apfel.png 510w, https:\/\/fruit-group.net\/wp-content\/uploads\/2021\/03\/Info-Bulk-Apfel-300x300.png 300w, https:\/\/fruit-group.net\/wp-content\/uploads\/2021\/03\/Info-Bulk-Apfel-150x150.png 150w\" sizes=\"auto, (max-width: 510px) 100vw, 510px\" \/><\/figure>\n<\/div>\n\n\n\n<div class=\"wp-block-column is-vertically-aligned-center is-layout-flow wp-block-column-is-layout-flow\" style=\"flex-basis:66.66%\">\n<p><strong>Apfelkonzentrat mit hohem S\u00e4uregehalt<\/strong><\/p>\n\n\n\n<p>Unser Apfelsaftkonzentrat Hoher S\u00e4uregrad wird aus Fr\u00fcchten h\u00f6chster Qualit\u00e4t von den besten Farmen der Welt hergestellt. Der Standard-Brix-Grad von Apfelsaftkonzentrat liegt bei 70-72 Grad. Apfelsaftkonzentrat erscheint als farbneutrale viskose Fl\u00fcssigkeit, die bei der Rekonstituierung einen Geschmack wie reifer Apfel erreicht. Da es sich um ein stark s\u00e4urehaltiges Konzentrat handelt, wird es bei einem S\u00e4uregehalt von 3,5-4,5 unkorrigiert.<\/p>\n\n\n\n<p><strong>Apfelkonzentrat mit mittlerem S\u00e4uregehalt<\/strong><br>Diese k\u00f6stliche, gesunde Frucht wird von Menschen auf der ganzen Welt genossen, sowohl im Sommer als auch im Winter. Sie kann zu einer Vielzahl von Produkten verarbeitet werden, die Kunden genie\u00dfen k\u00f6nnen: Saft, Softdrinks, Apfelwein und andere Getr\u00e4nke sowie Essig f\u00fcr kulinarische Zwecke. Dies ist ein Konzentrat mit mittlerem S\u00e4uregehalt; es ist unkorrigiert mit einem S\u00e4uregrad von 2,8 &#8211; 3,5. <\/p>\n\n\n\n<p><strong>Apfelkonzentrat mit niedrigem S\u00e4uregehalt<\/strong><br>Wenn Sie auf der Suche nach Apfelkonzentrat mit niedrigem S\u00e4uregehalt in gro\u00dfen Mengen sind, sind wir zuversichtlich, dass wir Ihnen liefern k\u00f6nnen, was Sie brauchen. Wir sind auf Fruchtkonzentrate spezialisiert und wir sind stolz darauf, ein ausgezeichnetes Produkt mit niedrigem S\u00e4uregehalt 1,2 &#8211; 2,0 zu produzieren.<\/p>\n<\/div>\n<\/div>\n\n\n\n<div class=\"wp-block-columns is-layout-flex wp-container-core-columns-is-layout-9d6595d7 wp-block-columns-is-layout-flex\">\n<div class=\"wp-block-column is-layout-flow wp-block-column-is-layout-flow\">\n<p>Verpackung: 260 kg Stahlf\u00e4sser mit mehrlagigem, aseptischem PET-Beutel <\/p>\n\n\n\n<p>Herkunft: China und T\u00fcrkei<\/p>\n\n\n\n<p>Erntezeit:<br>China: Hauptteil der Apfelernte im September bis Oktober<br>T\u00fcrkei: September bis November<\/p>\n<\/div>\n<\/div>\n<\/div><\/div>\n","protected":false},"excerpt":{"rendered":"<p>Apple Juice Concentrate Apple Concentrate\u00a0acts as an ingredient in various products, including snacks, sauces and beverage. It is also used as a sweetener in place of corn syrup and sugar. The versatility of the apple makes it possible to have different types of concentrated products. Apple Concentrate High Acidity Our\u00a0apple concentrate high acidity\u00a0is made of &#8230; <\/p>\n<p class=\"read-more-container\"><a title=\"Apple Juice Concentrate\" class=\"read-more button\" href=\"https:\/\/fruit-group.net\/en_GB\/bulk\/apple-juice-concentrate\/#more-702\">Read more<span class=\"screen-reader-text\">Apple Juice Concentrate<\/span><\/a><\/p>\n","protected":false},"author":1,"featured_media":82,"parent":266,"menu_order":0,"comment_status":"closed","ping_status":"closed","template":"","meta":{"_monsterinsights_skip_tracking":false,"_monsterinsights_sitenote_active":false,"_monsterinsights_sitenote_note":"","_monsterinsights_sitenote_category":0,"generate_page_header":"","footnotes":""},"class_list":["post-702","page","type-page","status-publish","has-post-thumbnail"],"_links":{"self":[{"href":"https:\/\/fruit-group.net\/en_GB\/wp-json\/wp\/v2\/pages\/702","targetHints":{"allow":["GET"]}}],"collection":[{"href":"https:\/\/fruit-group.net\/en_GB\/wp-json\/wp\/v2\/pages"}],"about":[{"href":"https:\/\/fruit-group.net\/en_GB\/wp-json\/wp\/v2\/types\/page"}],"author":[{"embeddable":true,"href":"https:\/\/fruit-group.net\/en_GB\/wp-json\/wp\/v2\/users\/1"}],"replies":[{"embeddable":true,"href":"https:\/\/fruit-group.net\/en_GB\/wp-json\/wp\/v2\/comments?post=702"}],"version-history":[{"count":7,"href":"https:\/\/fruit-group.net\/en_GB\/wp-json\/wp\/v2\/pages\/702\/revisions"}],"predecessor-version":[{"id":953,"href":"https:\/\/fruit-group.net\/en_GB\/wp-json\/wp\/v2\/pages\/702\/revisions\/953"}],"up":[{"embeddable":true,"href":"https:\/\/fruit-group.net\/en_GB\/wp-json\/wp\/v2\/pages\/266"}],"wp:featuredmedia":[{"embeddable":true,"href":"https:\/\/fruit-group.net\/en_GB\/wp-json\/wp\/v2\/media\/82"}],"wp:attachment":[{"href":"https:\/\/fruit-group.net\/en_GB\/wp-json\/wp\/v2\/media?parent=702"}],"curies":[{"name":"wp","href":"https:\/\/api.w.org\/{rel}","templated":true}]}}