{"id":618,"date":"2021-04-29T22:20:32","date_gmt":"2021-04-29T20:20:32","guid":{"rendered":"https:\/\/fruit-group.net\/?page_id=618"},"modified":"2021-05-30T12:19:45","modified_gmt":"2021-05-30T10:19:45","slug":"pineapple-juice","status":"publish","type":"page","link":"https:\/\/fruit-group.net\/en_GB\/bulk\/pineapple-juice\/","title":{"rendered":"Pineapple Juice"},"content":{"rendered":"\n<div class=\"wp-block-group\"><div class=\"wp-block-group__inner-container is-layout-flow wp-block-group-is-layout-flow\">\n<div class=\"wp-block-getwid-icon-box go-page-back getwid-animation has-icon-left has-text-left\" data-animation=\"slideLeft\"><div style=\"margin-top:0px;margin-bottom:0px;margin-left:0px;margin-right:0px\" class=\"wp-block-getwid-icon-box__icon-container is-position-middle\"><a href=\"javascript: history.go(-1)\" rel=\"\" class=\"wp-block-getwid-icon-box__icon-wrapper\" style=\"font-size:22px;padding:0px\"><i class=\"fas fa-angle-double-left\"><\/i><\/a><\/div><div class=\"wp-block-getwid-icon-box__content\">\n<p><a href=\"javascript: history.go(-1)\">Zur\u00fcck<\/a><\/p>\n<\/div><\/div>\n<\/div><\/div>\n\n\n\n<div class=\"wp-block-group\"><div class=\"wp-block-group__inner-container is-layout-flow wp-block-group-is-layout-flow\">\n<div class=\"wp-block-columns is-layout-flex wp-container-core-columns-is-layout-9d6595d7 wp-block-columns-is-layout-flex\">\n<div class=\"wp-block-column is-layout-flow wp-block-column-is-layout-flow\">\n<h2 class=\"wp-block-heading\">Ananas Saft<\/h2>\n\n\n\n<p>Der Saft stammt von der gentechnikfreien MS2-Ananas, die nach dem AIJN Code of Practice mit einem hohen Ma\u00df an Lebensmittelsicherheit verarbeitet wird. Durch die hohen Qualit\u00e4tsnormen bleiben der Geruch und der Geschmack dieser brillanten Ananas erhalten<\/p>\n<\/div>\n\n\n\n<div class=\"wp-block-column is-vertically-aligned-bottom is-layout-flow wp-block-column-is-layout-flow\">\n<div class=\"wp-block-columns is-layout-flex wp-container-core-columns-is-layout-9d6595d7 wp-block-columns-is-layout-flex\">\n<div class=\"wp-block-column is-layout-flow wp-block-column-is-layout-flow\">\n<div class=\"wp-block-image prod-ico eis-icon cus-ico\"><figure class=\"aligncenter size-large is-resized\"><img loading=\"lazy\" decoding=\"async\" src=\"https:\/\/fruit-group.net\/wp-content\/uploads\/2021\/04\/Conventional.png\" alt=\"\" class=\"wp-image-654\" width=\"90\" height=\"90\" srcset=\"https:\/\/fruit-group.net\/wp-content\/uploads\/2021\/04\/Conventional.png 512w, https:\/\/fruit-group.net\/wp-content\/uploads\/2021\/04\/Conventional-300x300.png 300w, https:\/\/fruit-group.net\/wp-content\/uploads\/2021\/04\/Conventional-150x150.png 150w\" sizes=\"auto, (max-width: 90px) 100vw, 90px\" \/><\/figure><\/div>\n\n\n\n<p class=\"has-text-align-center font-yellow\">Conventional<\/p>\n<\/div>\n\n\n\n<div class=\"wp-block-column is-layout-flow wp-block-column-is-layout-flow\">\n<div class=\"wp-block-image prod-ico ban-icon cus-ico\"><figure class=\"aligncenter size-large is-resized\"><img loading=\"lazy\" decoding=\"async\" src=\"https:\/\/fruit-group.net\/wp-content\/uploads\/2021\/04\/Organic.png\" alt=\"\" class=\"wp-image-652\" width=\"90\" height=\"90\" srcset=\"https:\/\/fruit-group.net\/wp-content\/uploads\/2021\/04\/Organic.png 512w, https:\/\/fruit-group.net\/wp-content\/uploads\/2021\/04\/Organic-300x300.png 300w, https:\/\/fruit-group.net\/wp-content\/uploads\/2021\/04\/Organic-150x150.png 150w\" sizes=\"auto, (max-width: 90px) 100vw, 90px\" \/><\/figure><\/div>\n\n\n\n<p class=\"has-text-align-center font-green\">Organic<\/p>\n<\/div>\n\n\n\n<div class=\"wp-block-column is-layout-flow wp-block-column-is-layout-flow\">\n<div class=\"wp-block-image prod-ico fla-icon cus-ico\"><figure class=\"aligncenter size-large is-resized\"><img loading=\"lazy\" decoding=\"async\" src=\"https:\/\/fruit-group.net\/wp-content\/uploads\/2021\/04\/BabyFood.png\" alt=\"\" class=\"wp-image-653\" width=\"90\" height=\"90\" srcset=\"https:\/\/fruit-group.net\/wp-content\/uploads\/2021\/04\/BabyFood.png 512w, https:\/\/fruit-group.net\/wp-content\/uploads\/2021\/04\/BabyFood-300x300.png 300w, https:\/\/fruit-group.net\/wp-content\/uploads\/2021\/04\/BabyFood-150x150.png 150w\" sizes=\"auto, (max-width: 90px) 100vw, 90px\" \/><\/figure><\/div>\n\n\n\n<p class=\"has-text-align-center font-orange\">Baby Food<\/p>\n<\/div>\n<\/div>\n<\/div>\n<\/div>\n\n\n\n<div class=\"wp-block-columns is-layout-flex wp-container-core-columns-is-layout-9d6595d7 wp-block-columns-is-layout-flex\">\n<div class=\"wp-block-column is-layout-flow wp-block-column-is-layout-flow\" style=\"flex-basis:33.33%\">\n<figure class=\"wp-block-image size-large is-resized product-img\"><img loading=\"lazy\" decoding=\"async\" src=\"https:\/\/fruit-group.net\/wp-content\/uploads\/2021\/03\/Info-Bulk-Ananas.png\" alt=\"\" class=\"wp-image-107\" width=\"383\" height=\"383\" srcset=\"https:\/\/fruit-group.net\/wp-content\/uploads\/2021\/03\/Info-Bulk-Ananas.png 510w, https:\/\/fruit-group.net\/wp-content\/uploads\/2021\/03\/Info-Bulk-Ananas-300x300.png 300w, https:\/\/fruit-group.net\/wp-content\/uploads\/2021\/03\/Info-Bulk-Ananas-150x150.png 150w\" sizes=\"auto, (max-width: 383px) 100vw, 383px\" \/><\/figure>\n<\/div>\n\n\n\n<div class=\"wp-block-column is-vertically-aligned-center is-layout-flow wp-block-column-is-layout-flow\" style=\"flex-basis:66.66%\">\n<p><strong>Ananas-Babynahrung-Typen:<\/strong><br>Ananas-Babynahrung \/ Bio-P\u00fcree<br>Ananas Food Saft \/ Bio-Saft<\/p>\n\n\n\n<p>Die Ananas-Babynahrung wird aus Ananas der Sorte MD2 hergestellt, die unter kontrollierten Bedingungen f\u00fcr Babynahrung angebaut werden. Sie entsprechen den strengen Richtlinien f\u00fcr Babynahrung in Europa und den USA. Sie sind im Reifezustand optimal verarbeitet und frei von Krankheiten, Schimmel, F\u00e4ulnis oder Schale. Die Herkunft der Ananas stammt aus verschiedenen Global JV&#8217;s sowie aus unserer eigenen Fabrik in Guatemala.<\/p>\n\n\n\n<p><strong>Ananas Bio-Saft<\/strong><br>Das Produkt wird aus Fr\u00fcchten der Bio-Ananas der Sorte MD2 hergestellt, die aus Costa Rica oder Guatemala stammen. Die sonnengereiften Fr\u00fcchte der Ananas stammen aus ausgew\u00e4hlten \u00f6kologischen Entwicklungsprojekten. Um das Ananas-Aroma und die wichtigen Inhaltsstoffe optimal zu sch\u00fctzen, wird der naturtr\u00fcbe Ananassaft nicht konzentriert. Der erfrischende Geschmack der Tropenfrucht bleibt so besonders gut erhalten<\/p>\n<\/div>\n<\/div>\n\n\n\n<div class=\"wp-block-columns is-layout-flex wp-container-core-columns-is-layout-9d6595d7 wp-block-columns-is-layout-flex\">\n<div class=\"wp-block-column is-layout-flow wp-block-column-is-layout-flow\">\n<p>Verpackung: 270 kg Stahlf\u00e4sser mit mehrlagigem Aseptikbeutel 80 F\u00e4sser in 20&#8242; Dry <\/p>\n\n\n\n<p>Herkunft: Kenia, Costa Rica, Thailand, Philippinen und Guatemala<\/p>\n\n\n\n<p><\/p>\n\n\n\n<p>Erntezeit:<br>Kenia: Ganzj\u00e4hrig &#8211; Pfl\u00fccksaison Januar-Juni und September-Dezember<br>Costa Rica: Ganzj\u00e4hrig &#8211; Hauptsaison M\u00e4rz \u2013 Juli<br>Thailand: Sommer von Juni bis September und Winter von November bis Januar<br>Philippinen: Sommer von Juni bis September und Winter von November bis Januar<br>Guatemala: Das ganze Jahr \u00fcber &#8211; Hauptsaison M\u00e4rz &#8211; Juli<\/p>\n<\/div>\n<\/div>\n<\/div><\/div>\n","protected":false},"excerpt":{"rendered":"<p>Pineapple Juice The Juice comes from non-GM MS2 pineapple processed in accordance with the AIJN Code of Practice with a high level of food safety. High quality norms mean that the smell and taste of this brilliant pineapple are retained Conventional Organic Baby Food Pineapple Baby Food Types:* Pineapple Baby Food\/organic Puree* Pineapple Food juice &#8230; <\/p>\n<p class=\"read-more-container\"><a title=\"Pineapple Juice\" class=\"read-more button\" href=\"https:\/\/fruit-group.net\/en_GB\/bulk\/pineapple-juice\/#more-618\">Read more<span class=\"screen-reader-text\">Pineapple Juice<\/span><\/a><\/p>\n","protected":false},"author":1,"featured_media":82,"parent":266,"menu_order":0,"comment_status":"closed","ping_status":"closed","template":"","meta":{"_monsterinsights_skip_tracking":false,"_monsterinsights_sitenote_active":false,"_monsterinsights_sitenote_note":"","_monsterinsights_sitenote_category":0,"generate_page_header":"","footnotes":""},"class_list":["post-618","page","type-page","status-publish","has-post-thumbnail"],"_links":{"self":[{"href":"https:\/\/fruit-group.net\/en_GB\/wp-json\/wp\/v2\/pages\/618","targetHints":{"allow":["GET"]}}],"collection":[{"href":"https:\/\/fruit-group.net\/en_GB\/wp-json\/wp\/v2\/pages"}],"about":[{"href":"https:\/\/fruit-group.net\/en_GB\/wp-json\/wp\/v2\/types\/page"}],"author":[{"embeddable":true,"href":"https:\/\/fruit-group.net\/en_GB\/wp-json\/wp\/v2\/users\/1"}],"replies":[{"embeddable":true,"href":"https:\/\/fruit-group.net\/en_GB\/wp-json\/wp\/v2\/comments?post=618"}],"version-history":[{"count":40,"href":"https:\/\/fruit-group.net\/en_GB\/wp-json\/wp\/v2\/pages\/618\/revisions"}],"predecessor-version":[{"id":1035,"href":"https:\/\/fruit-group.net\/en_GB\/wp-json\/wp\/v2\/pages\/618\/revisions\/1035"}],"up":[{"embeddable":true,"href":"https:\/\/fruit-group.net\/en_GB\/wp-json\/wp\/v2\/pages\/266"}],"wp:featuredmedia":[{"embeddable":true,"href":"https:\/\/fruit-group.net\/en_GB\/wp-json\/wp\/v2\/media\/82"}],"wp:attachment":[{"href":"https:\/\/fruit-group.net\/en_GB\/wp-json\/wp\/v2\/media?parent=618"}],"curies":[{"name":"wp","href":"https:\/\/api.w.org\/{rel}","templated":true}]}}