{"id":145,"date":"2021-03-26T22:12:52","date_gmt":"2021-03-26T21:12:52","guid":{"rendered":"https:\/\/fruit-group.net\/?page_id=145"},"modified":"2021-06-02T12:14:16","modified_gmt":"2021-06-02T10:14:16","slug":"products","status":"publish","type":"page","link":"https:\/\/fruit-group.net\/en_GB\/products\/","title":{"rendered":"Produkte"},"content":{"rendered":"\n<div class=\"wp-block-group\"><div class=\"wp-block-group__inner-container is-layout-flow wp-block-group-is-layout-flow\">\n<h2 class=\"wp-block-heading\">Fruit Group f\u00fcr den Food and Beverage Sektor<\/h2>\n\n\n\n<p class=\"no-margin\">F\u00fcr den Food and Beverage Sektor bekommen Sie bei Fruit Group eine hervorragende Auswahl an Produkten auch in Kleinstmengen.<\/p>\n\n\n\n<h2 class=\"wp-block-heading\">Produkte<\/h2>\n\n\n\n<p class=\"no-margin\">Unsere Produkte erf\u00fcllen hoche Qualit\u00e4tsstandarts. Daher sind wir stolz Ihnen unsere Vielfalt anbieten zu k\u00f6nnen.<\/p>\n<\/div><\/div>\n\n\n\n<div class=\"wp-block-group alignwide hide-on-mobile\"><div class=\"wp-block-group__inner-container is-layout-flow wp-block-group-is-layout-flow\">\n<div class=\"wp-block-columns alignwide is-layout-flex wp-container-core-columns-is-layout-9d6595d7 wp-block-columns-is-layout-flex\">\n<div class=\"wp-block-column is-layout-flow wp-block-column-is-layout-flow\">\n<div class=\"img-hover-wrapper\">\n  <img decoding=\"async\" src=\"https:\/\/fruit-group.net\/wp-content\/uploads\/2021\/03\/Bulk_Kachel.png\" alt=\"BULK\" class=\"img-hover\">\n  <a href=\"https:\/\/fruit-group.net\/bulk\/\"><div class=\"overlay\">\n    <div class=\"text\">\n<span class=\"bulk-logo\">BULK<\/span>\n<\/div>\n  <\/div><\/a>\n<\/div>\n<\/div>\n\n\n\n<div class=\"wp-block-column is-layout-flow wp-block-column-is-layout-flow\">\n<div class=\"img-hover-wrapper\">\n  <img decoding=\"async\" src=\"https:\/\/fruit-group.net\/wp-content\/uploads\/2021\/03\/Koa_Kachel.png\" alt=\"Koa\" class=\"img-hover\">\n  <a href=\"https:\/\/fruit-group.net\/koa\/\"><div class=\"overlay\">\n    <div class=\"text\">\n<img decoding=\"async\" class=\"logo-invert\" src=\"https:\/\/fruit-group.net\/wp-content\/uploads\/2021\/03\/Koa-Logo-Black-RGB_Basic_1200px.png\">\n<\/div>\n  <\/div><\/a>\n<\/div>\n<\/div>\n\n\n\n<div class=\"wp-block-column is-layout-flow wp-block-column-is-layout-flow\">\n<div class=\"img-hover-wrapper\">\n  <img decoding=\"async\" src=\"https:\/\/fruit-group.net\/wp-content\/uploads\/2021\/03\/Canoa_Kachel.png\" alt=\"Canoa\" class=\"img-hover\">\n  <a href=\"https:\/\/fruit-group.net\/canoa\/\"><div class=\"overlay\">\n    <div class=\"text\">\n<img decoding=\"async\" src=\"https:\/\/fruit-group.net\/wp-content\/uploads\/2021\/03\/Canoa-PNG.png\">\n<\/div>\n  <\/div><\/a>\n<\/div>\n<\/div>\n<\/div>\n<\/div><\/div>\n\n\n\n<div class=\"wp-block-columns alignwide hide-on-desktop is-layout-flex wp-container-core-columns-is-layout-9d6595d7 wp-block-columns-is-layout-flex\">\n<div class=\"wp-block-column is-layout-flow wp-block-column-is-layout-flow\">\n<div class=\"img-hover-wrapper\">\n  <img decoding=\"async\" src=\"https:\/\/fruit-group.net\/wp-content\/uploads\/2021\/03\/Bulk_Kachel.png\" alt=\"BULK\" class=\"img-hover\">\n  <a href=\"https:\/\/fruit-group.net\/bulk\/\"><div class=\"overlay\">\n    <div class=\"text\">\n<span class=\"bulk-logo\">BULK<\/span>\n<\/div>\n  <\/div><\/a>\n<\/div>\n<\/div>\n\n\n\n<div class=\"wp-block-column is-layout-flow wp-block-column-is-layout-flow\">\n<div class=\"img-hover-wrapper\">\n  <img decoding=\"async\" src=\"https:\/\/fruit-group.net\/wp-content\/uploads\/2021\/03\/Koa_Kachel.png\" alt=\"Koa\" class=\"img-hover\">\n  <a href=\"https:\/\/fruit-group.net\/koa\/\"><div class=\"overlay\">\n    <div class=\"text\">\n<img decoding=\"async\" class=\"logo-invert\" src=\"https:\/\/fruit-group.net\/wp-content\/uploads\/2021\/03\/Koa-Logo-Black-RGB_Basic_1200px.png\">\n<\/div>\n  <\/div><\/a>\n<\/div>\n<\/div>\n\n\n\n<div class=\"wp-block-column is-layout-flow wp-block-column-is-layout-flow\">\n<div class=\"img-hover-wrapper\">\n  <img decoding=\"async\" src=\"https:\/\/fruit-group.net\/wp-content\/uploads\/2021\/03\/Canoa_Kachel.png\" alt=\"Canoa\" class=\"img-hover\">\n  <a href=\"https:\/\/fruit-group.net\/canoa\/\"><div class=\"overlay\">\n    <div class=\"text\">\n<img decoding=\"async\" src=\"https:\/\/fruit-group.net\/wp-content\/uploads\/2021\/03\/Canoa-PNG.png\">\n<\/div>\n  <\/div><\/a>\n<\/div>\n<\/div>\n<\/div>\n\n\n\n<div class=\"wp-block-group\"><div class=\"wp-block-group__inner-container is-layout-flow wp-block-group-is-layout-flow\">\n<h2 class=\"wp-block-heading\">Unsere Partner<\/h2>\n\n\n\n<p class=\"no-margin\">Als nachhaltig arbeitendes Unternehmen setzten wir hohen Wert auf Qualit\u00e4t und Transparenz. Daher sind wir Kooperationen mit den folgenden Partnern eingegangen:<\/p>\n\n\n\n<div class=\"wp-block-columns are-vertically-aligned-center is-layout-flex wp-container-core-columns-is-layout-9d6595d7 wp-block-columns-is-layout-flex\">\n<div class=\"wp-block-column is-vertically-aligned-center is-layout-flow wp-block-column-is-layout-flow\">\n<div class=\"wp-block-image\"><figure class=\"alignright size-large is-resized\"><img loading=\"lazy\" decoding=\"async\" src=\"https:\/\/fruit-group.net\/wp-content\/uploads\/2021\/03\/Koa-Logo-Black-RGB_Claim-Basic-1_1200px-1024x556.png\" alt=\"\" class=\"wp-image-19\" width=\"256\" height=\"139\" srcset=\"https:\/\/fruit-group.net\/wp-content\/uploads\/2021\/03\/Koa-Logo-Black-RGB_Claim-Basic-1_1200px-1024x556.png 1024w, https:\/\/fruit-group.net\/wp-content\/uploads\/2021\/03\/Koa-Logo-Black-RGB_Claim-Basic-1_1200px-300x163.png 300w, https:\/\/fruit-group.net\/wp-content\/uploads\/2021\/03\/Koa-Logo-Black-RGB_Claim-Basic-1_1200px-768x417.png 768w, https:\/\/fruit-group.net\/wp-content\/uploads\/2021\/03\/Koa-Logo-Black-RGB_Claim-Basic-1_1200px.png 1200w\" sizes=\"auto, (max-width: 256px) 100vw, 256px\" \/><\/figure><\/div>\n<\/div>\n\n\n\n<div class=\"wp-block-column is-vertically-aligned-center is-layout-flow wp-block-column-is-layout-flow\">\n<div class=\"wp-block-image\"><figure class=\"alignleft size-large is-resized\"><img loading=\"lazy\" decoding=\"async\" src=\"https:\/\/fruit-group.net\/wp-content\/uploads\/2021\/04\/agrofrut-1024x244.png\" alt=\"\" class=\"wp-image-291\" width=\"256\" height=\"61\" srcset=\"https:\/\/fruit-group.net\/wp-content\/uploads\/2021\/04\/agrofrut-1024x244.png 1024w, https:\/\/fruit-group.net\/wp-content\/uploads\/2021\/04\/agrofrut-300x72.png 300w, https:\/\/fruit-group.net\/wp-content\/uploads\/2021\/04\/agrofrut-768x183.png 768w, https:\/\/fruit-group.net\/wp-content\/uploads\/2021\/04\/agrofrut-1536x366.png 1536w, https:\/\/fruit-group.net\/wp-content\/uploads\/2021\/04\/agrofrut-2048x488.png 2048w\" sizes=\"auto, (max-width: 256px) 100vw, 256px\" \/><\/figure><\/div>\n<\/div>\n<\/div>\n<\/div><\/div>\n","protected":false},"excerpt":{"rendered":"<p>Fruit Group for the Food and Beverage sector For the Food and Beverage sector, Fruit Group offers an excellent range of products, even in small quantities. Products Our products meet high quality standards. Therefore we are proud to offer you our variety. BULK BULK Our partners As a sustainable company we set a high value &#8230; <\/p>\n<p class=\"read-more-container\"><a title=\"Produkte\" class=\"read-more button\" href=\"https:\/\/fruit-group.net\/en_GB\/products\/#more-145\">Read more<span class=\"screen-reader-text\">Produkte<\/span><\/a><\/p>\n","protected":false},"author":1,"featured_media":44,"parent":0,"menu_order":0,"comment_status":"closed","ping_status":"closed","template":"","meta":{"_monsterinsights_skip_tracking":false,"_monsterinsights_sitenote_active":false,"_monsterinsights_sitenote_note":"","_monsterinsights_sitenote_category":0,"generate_page_header":"","footnotes":""},"class_list":["post-145","page","type-page","status-publish","has-post-thumbnail"],"_links":{"self":[{"href":"https:\/\/fruit-group.net\/en_GB\/wp-json\/wp\/v2\/pages\/145","targetHints":{"allow":["GET"]}}],"collection":[{"href":"https:\/\/fruit-group.net\/en_GB\/wp-json\/wp\/v2\/pages"}],"about":[{"href":"https:\/\/fruit-group.net\/en_GB\/wp-json\/wp\/v2\/types\/page"}],"author":[{"embeddable":true,"href":"https:\/\/fruit-group.net\/en_GB\/wp-json\/wp\/v2\/users\/1"}],"replies":[{"embeddable":true,"href":"https:\/\/fruit-group.net\/en_GB\/wp-json\/wp\/v2\/comments?post=145"}],"version-history":[{"count":34,"href":"https:\/\/fruit-group.net\/en_GB\/wp-json\/wp\/v2\/pages\/145\/revisions"}],"predecessor-version":[{"id":1642,"href":"https:\/\/fruit-group.net\/en_GB\/wp-json\/wp\/v2\/pages\/145\/revisions\/1642"}],"wp:featuredmedia":[{"embeddable":true,"href":"https:\/\/fruit-group.net\/en_GB\/wp-json\/wp\/v2\/media\/44"}],"wp:attachment":[{"href":"https:\/\/fruit-group.net\/en_GB\/wp-json\/wp\/v2\/media?parent=145"}],"curies":[{"name":"wp","href":"https:\/\/api.w.org\/{rel}","templated":true}]}}