{"id":1224,"date":"2021-06-01T23:53:52","date_gmt":"2021-06-01T21:53:52","guid":{"rendered":"https:\/\/fruit-group.net\/?page_id=1224"},"modified":"2021-06-01T23:56:23","modified_gmt":"2021-06-01T21:56:23","slug":"guava-puree-concentrate","status":"publish","type":"page","link":"https:\/\/fruit-group.net\/en_GB\/bulk\/guava-puree-concentrate\/","title":{"rendered":"Guava Puree Concentrate"},"content":{"rendered":"\n<div class=\"wp-block-group\"><div class=\"wp-block-group__inner-container is-layout-flow wp-block-group-is-layout-flow\">\n<div class=\"wp-block-getwid-icon-box go-page-back getwid-animation has-icon-left has-text-left\" data-animation=\"slideLeft\"><div style=\"margin-top:0px;margin-bottom:0px;margin-left:0px;margin-right:0px\" class=\"wp-block-getwid-icon-box__icon-container is-position-middle\"><a href=\"javascript: history.go(-1)\" rel=\"\" class=\"wp-block-getwid-icon-box__icon-wrapper\" style=\"font-size:22px;padding:0px\"><i class=\"fas fa-angle-double-left\"><\/i><\/a><\/div><div class=\"wp-block-getwid-icon-box__content\">\n<p><a href=\"javascript: history.go(-1)\">Zur\u00fcck<\/a><\/p>\n<\/div><\/div>\n<\/div><\/div>\n\n\n\n<div class=\"wp-block-group\"><div class=\"wp-block-group__inner-container is-layout-flow wp-block-group-is-layout-flow\">\n<div class=\"wp-block-columns is-layout-flex wp-container-core-columns-is-layout-9d6595d7 wp-block-columns-is-layout-flex\">\n<div class=\"wp-block-column is-layout-flow wp-block-column-is-layout-flow\">\n<h2 class=\"wp-block-heading\">Guavenp\u00fcree Konzentrat<\/h2>\n\n\n\n<p>Das Produkt wird aus frischen Guavenfr\u00fcchten hergestellt. Nur vollreife Fr\u00fcchte werden geerntet und den kurzen Weg zum Verarbeitungsbetrieb gebracht. Hier werden sie strengen Qualit\u00e4tskontrollen unterzogen, bevor sie gewaschen, entsteint, zentrifugiert und anschlie\u00dfend aseptisch verpackt werden. Dieses schonende Verfahren garantiert, dass das gesamte Aroma im Fruchtfleisch erhalten bleibt. Die Guave kommt aus S\u00fcdafrika, Indien, Mexiko oder Brasilien.<\/p>\n<\/div>\n\n\n\n<div class=\"wp-block-column is-vertically-aligned-bottom bulk-hide-ico is-layout-flow wp-block-column-is-layout-flow\">\n<div class=\"wp-block-columns is-layout-flex wp-container-core-columns-is-layout-9d6595d7 wp-block-columns-is-layout-flex\">\n<div class=\"wp-block-column is-layout-flow wp-block-column-is-layout-flow\">\n<p class=\"has-text-align-center font-yellow\"><\/p>\n<\/div>\n\n\n\n<div class=\"wp-block-column is-layout-flow wp-block-column-is-layout-flow\">\n<p class=\"has-text-align-center font-green\"><\/p>\n<\/div>\n\n\n\n<div class=\"wp-block-column is-layout-flow wp-block-column-is-layout-flow\">\n<p class=\"has-text-align-center font-orange\"><\/p>\n<\/div>\n<\/div>\n<\/div>\n<\/div>\n\n\n\n<div class=\"wp-block-columns is-layout-flex wp-container-core-columns-is-layout-9d6595d7 wp-block-columns-is-layout-flex\">\n<div class=\"wp-block-column is-layout-flow wp-block-column-is-layout-flow\" style=\"flex-basis:33.33%\">\n<figure class=\"wp-block-image size-large product-img\"><img loading=\"lazy\" decoding=\"async\" width=\"340\" height=\"340\" src=\"https:\/\/fruit-group.net\/wp-content\/uploads\/2021\/04\/Guava_Bulk.png\" alt=\"\" class=\"wp-image-582\" srcset=\"https:\/\/fruit-group.net\/wp-content\/uploads\/2021\/04\/Guava_Bulk.png 340w, https:\/\/fruit-group.net\/wp-content\/uploads\/2021\/04\/Guava_Bulk-300x300.png 300w, https:\/\/fruit-group.net\/wp-content\/uploads\/2021\/04\/Guava_Bulk-150x150.png 150w\" sizes=\"auto, (max-width: 340px) 100vw, 340px\" \/><\/figure>\n<\/div>\n\n\n\n<div class=\"wp-block-column is-vertically-aligned-center is-layout-flow wp-block-column-is-layout-flow\" style=\"flex-basis:66.66%\">\n<p>Konventionelle Guave:<br>Rosa Guavenp\u00fcree Konzentrat, aseptisch &#8211; ohne Zusatzstoff<br>Wei\u00dfes Guavenp\u00fcree Konzentrat, aseptisch &#8211; ohne Zusatzstoffe<\/p>\n<\/div>\n<\/div>\n\n\n\n<div class=\"wp-block-columns is-layout-flex wp-container-core-columns-is-layout-9d6595d7 wp-block-columns-is-layout-flex\">\n<div class=\"wp-block-column is-layout-flow wp-block-column-is-layout-flow\">\n<p>Verpackung: 230Kg Stahlf\u00e4sser mit mehrlagigem, aseptischem PET-Beutel<\/p>\n\n\n\n<p>Herkunft: S\u00fcdafrika, Indien, \u00c4gypten, Mexiko, Brasilien<\/p>\n\n\n\n<p>Erntezeit:<br>S\u00fcdafrika: Rosa Guavenp\u00fcree von Mai bis September<br>Indien: Rosa: M\u00e4rz-Mai und August-Oktober<br>Indien Wei\u00df: M\u00e4rz-Mai, Juli-August, November-Januar.<br>\u00c4gypten: Oktober-Dezember<br>Mexiko: Rosa Guave, ganzj\u00e4hrig mit hoher Verf\u00fcgbarkeit von Oktober bis Mai<br>Brasilien: Rosa Guave, ganzj\u00e4hrig mit hoher Verf\u00fcgbarkeit von Oktober bis Mai<\/p>\n<\/div>\n<\/div>\n<\/div><\/div>\n","protected":false},"excerpt":{"rendered":"<p>Guavenp\u00fcree Konzentrat The product is made from fresh guava fruit. Only fully ripe fruits are harvested and brought the short way to the processing plant. Here, they undergo strict quality controls before being washed, destoned, centrifuged and then aseptically packaged. This gentle process guarantees that all the flavour remains in the pulp.&nbsp;The guava comes from &#8230; <\/p>\n<p class=\"read-more-container\"><a title=\"Guava Puree Concentrate\" class=\"read-more button\" href=\"https:\/\/fruit-group.net\/en_GB\/bulk\/guava-puree-concentrate\/#more-1224\">Read more<span class=\"screen-reader-text\">Guava Puree Concentrate<\/span><\/a><\/p>\n","protected":false},"author":1,"featured_media":82,"parent":266,"menu_order":0,"comment_status":"closed","ping_status":"closed","template":"","meta":{"_monsterinsights_skip_tracking":false,"_monsterinsights_sitenote_active":false,"_monsterinsights_sitenote_note":"","_monsterinsights_sitenote_category":0,"generate_page_header":"","footnotes":""},"class_list":["post-1224","page","type-page","status-publish","has-post-thumbnail"],"_links":{"self":[{"href":"https:\/\/fruit-group.net\/en_GB\/wp-json\/wp\/v2\/pages\/1224","targetHints":{"allow":["GET"]}}],"collection":[{"href":"https:\/\/fruit-group.net\/en_GB\/wp-json\/wp\/v2\/pages"}],"about":[{"href":"https:\/\/fruit-group.net\/en_GB\/wp-json\/wp\/v2\/types\/page"}],"author":[{"embeddable":true,"href":"https:\/\/fruit-group.net\/en_GB\/wp-json\/wp\/v2\/users\/1"}],"replies":[{"embeddable":true,"href":"https:\/\/fruit-group.net\/en_GB\/wp-json\/wp\/v2\/comments?post=1224"}],"version-history":[{"count":6,"href":"https:\/\/fruit-group.net\/en_GB\/wp-json\/wp\/v2\/pages\/1224\/revisions"}],"predecessor-version":[{"id":1230,"href":"https:\/\/fruit-group.net\/en_GB\/wp-json\/wp\/v2\/pages\/1224\/revisions\/1230"}],"up":[{"embeddable":true,"href":"https:\/\/fruit-group.net\/en_GB\/wp-json\/wp\/v2\/pages\/266"}],"wp:featuredmedia":[{"embeddable":true,"href":"https:\/\/fruit-group.net\/en_GB\/wp-json\/wp\/v2\/media\/82"}],"wp:attachment":[{"href":"https:\/\/fruit-group.net\/en_GB\/wp-json\/wp\/v2\/media?parent=1224"}],"curies":[{"name":"wp","href":"https:\/\/api.w.org\/{rel}","templated":true}]}}